{"id":132039,"date":"2025-07-31T00:12:41","date_gmt":"2025-07-30T22:12:41","guid":{"rendered":"https:\/\/www.budream.com\/shop\/vapormed-mighty-medic-verbrauchsteilset\/"},"modified":"2026-04-24T10:19:36","modified_gmt":"2026-04-24T08:19:36","slug":"vapormed-mighty-medic-verbrauchsteilset","status":"publish","type":"product","link":"https:\/\/www.budream.com\/de\/shop\/vapormed-mighty-medic-verbrauchsteilset\/","title":{"rendered":"VAPORMED &#8211; MIGHTY+ MEDIC | VERBRAUCHSTEILSET"},"content":{"rendered":"<p>Das Set mit Verbrauchsteilen enth\u00e4lt alle Ersatzteile, die f\u00fcr die \u00dcberholung der Mighty+ Medic Cooling Unit ben\u00f6tigt werden.<\/p>\n<h2><strong><span style=\"text-decoration: underline\">VAPORMED &#8211; MIGHTY+ MEDIC | Verbrauchsmaterialset enth\u00e4lt:<\/span><\/strong><\/h2>\n<ul class=\"ui-tabs-nav ui-helper-reset ui-helper-clearfix ui-widget-header ui-corner-all\">\n<li>3 Stk. Mundst\u00fcck<\/li>\n<li>1 Stk. K\u00fchleinheit<\/li>\n<li>1 Stk. Filtersatz<\/li>\n<li>2 Stk. Werkzeug f\u00fcr die F\u00fcllkammer<\/li>\n<li>1 Stk. Reinigungsb\u00fcrste<\/li>\n<\/ul>\n","protected":false},"excerpt":{"rendered":"<p>Das Set mit Verbrauchsteilen enth\u00e4lt alle Ersatzteile, die f\u00fcr die \u00dcberholung der Mighty+ Medic Cooling Unit ben\u00f6tigt werden. VAPORMED &#8211;<\/p>\n","protected":false},"featured_media":132028,"comment_status":"open","ping_status":"closed","template":"","meta":[],"product_brand":[],"product_cat":[1179],"product_tag":[],"class_list":{"0":"post-132039","1":"product","2":"type-product","3":"status-publish","4":"has-post-thumbnail","6":"product_cat-vaporizzatori","8":"first","9":"outofstock","10":"taxable","11":"shipping-taxable","12":"purchasable","13":"product-type-simple"},"aioseo_notices":[],"_links":{"self":[{"href":"https:\/\/www.budream.com\/de\/wp-json\/wp\/v2\/product\/132039","targetHints":{"allow":["GET"]}}],"collection":[{"href":"https:\/\/www.budream.com\/de\/wp-json\/wp\/v2\/product"}],"about":[{"href":"https:\/\/www.budream.com\/de\/wp-json\/wp\/v2\/types\/product"}],"replies":[{"embeddable":true,"href":"https:\/\/www.budream.com\/de\/wp-json\/wp\/v2\/comments?post=132039"}],"version-history":[{"count":1,"href":"https:\/\/www.budream.com\/de\/wp-json\/wp\/v2\/product\/132039\/revisions"}],"predecessor-version":[{"id":264541,"href":"https:\/\/www.budream.com\/de\/wp-json\/wp\/v2\/product\/132039\/revisions\/264541"}],"wp:featuredmedia":[{"embeddable":true,"href":"https:\/\/www.budream.com\/de\/wp-json\/wp\/v2\/media\/132028"}],"wp:attachment":[{"href":"https:\/\/www.budream.com\/de\/wp-json\/wp\/v2\/media?parent=132039"}],"wp:term":[{"taxonomy":"product_brand","embeddable":true,"href":"https:\/\/www.budream.com\/de\/wp-json\/wp\/v2\/product_brand?post=132039"},{"taxonomy":"product_cat","embeddable":true,"href":"https:\/\/www.budream.com\/de\/wp-json\/wp\/v2\/product_cat?post=132039"},{"taxonomy":"product_tag","embeddable":true,"href":"https:\/\/www.budream.com\/de\/wp-json\/wp\/v2\/product_tag?post=132039"}],"curies":[{"name":"wp","href":"https:\/\/api.w.org\/{rel}","templated":true}]}}