{"id":132054,"date":"2025-07-31T00:13:09","date_gmt":"2025-07-30T22:13:09","guid":{"rendered":"https:\/\/www.budream.com\/shop\/vapormed-mighty-medic-silicone-mouthpiece-30pcs\/"},"modified":"2025-12-23T15:14:12","modified_gmt":"2025-12-23T13:14:12","slug":"vapormed-mighty-medic-silicone-mouthpiece-30pcs","status":"publish","type":"product","link":"https:\/\/www.budream.com\/de\/shop\/vapormed-mighty-medic-silicone-mouthpiece-30pcs\/","title":{"rendered":"VAPORMED &#8211; MIGHTY+ MEDIC | SILICONE MOUTHPIECE 30pcs"},"content":{"rendered":"<p>Das Einweg-Silikon-Mundst\u00fcck ist f\u00fcr den einmaligen hygienischen Gebrauch bestimmt und mit einem R\u00fcckschlagventil ausgestattet.<br \/><strong>Schachtel mit 30 Einweg-Silikon-Mundst\u00fccken.<\/strong><\/p>\n","protected":false},"excerpt":{"rendered":"<p>Das Einweg-Silikon-Mundst\u00fcck ist f\u00fcr den einmaligen hygienischen Gebrauch bestimmt und mit einem R\u00fcckschlagventil ausgestattet.Schachtel mit 30 Einweg-Silikon-Mundst\u00fccken.<\/p>\n","protected":false},"featured_media":132043,"comment_status":"open","ping_status":"closed","template":"","meta":[],"product_brand":[],"product_cat":[7907],"product_tag":[],"class_list":{"0":"post-132054","1":"product","2":"type-product","3":"status-publish","4":"has-post-thumbnail","6":"product_cat-verdampfer","8":"first","9":"instock","10":"sale","11":"taxable","12":"shipping-taxable","13":"purchasable","14":"product-type-simple"},"aioseo_notices":[],"_links":{"self":[{"href":"https:\/\/www.budream.com\/de\/wp-json\/wp\/v2\/product\/132054","targetHints":{"allow":["GET"]}}],"collection":[{"href":"https:\/\/www.budream.com\/de\/wp-json\/wp\/v2\/product"}],"about":[{"href":"https:\/\/www.budream.com\/de\/wp-json\/wp\/v2\/types\/product"}],"replies":[{"embeddable":true,"href":"https:\/\/www.budream.com\/de\/wp-json\/wp\/v2\/comments?post=132054"}],"version-history":[{"count":0,"href":"https:\/\/www.budream.com\/de\/wp-json\/wp\/v2\/product\/132054\/revisions"}],"wp:featuredmedia":[{"embeddable":true,"href":"https:\/\/www.budream.com\/de\/wp-json\/wp\/v2\/media\/132043"}],"wp:attachment":[{"href":"https:\/\/www.budream.com\/de\/wp-json\/wp\/v2\/media?parent=132054"}],"wp:term":[{"taxonomy":"product_brand","embeddable":true,"href":"https:\/\/www.budream.com\/de\/wp-json\/wp\/v2\/product_brand?post=132054"},{"taxonomy":"product_cat","embeddable":true,"href":"https:\/\/www.budream.com\/de\/wp-json\/wp\/v2\/product_cat?post=132054"},{"taxonomy":"product_tag","embeddable":true,"href":"https:\/\/www.budream.com\/de\/wp-json\/wp\/v2\/product_tag?post=132054"}],"curies":[{"name":"wp","href":"https:\/\/api.w.org\/{rel}","templated":true}]}}