{"id":132229,"date":"2025-07-31T00:19:13","date_gmt":"2025-07-30T22:19:13","guid":{"rendered":"https:\/\/www.budream.com\/shop\/weedlez-active-carbon-filters-classic-o-6mm-50pcs\/"},"modified":"2026-04-30T15:38:09","modified_gmt":"2026-04-30T13:38:09","slug":"weedlez-active-carbon-filters-classic-o-6mm-50pcs","status":"publish","type":"product","link":"https:\/\/www.budream.com\/de\/shop\/weedlez-active-carbon-filters-classic-o-6mm-50pcs\/","title":{"rendered":"WEEDLEZ &#8211; ACTIVE CARBON FILTERS | CLASSIC \u00d8 6mm &#8211; 50pcs."},"content":{"rendered":"<p>Die neuen <strong>Weedlez<\/strong> FILTER Premium-Aktivkohlefilter haben jetzt einen Durchmesser von 6,2 mm und eine L\u00e4nge von 27 mm. Die Keramikkappe auf der Innenseite und der Boden aus pflanzlicher Zellulose auf der anderen Seite erm\u00f6glichen es, die Temperatur des inhalierten Rauchs zu senken und den Feinstaub so gut wie m\u00f6glich herauszufiltern, OHNE den GESCHMACK bis zum letzten Zug zu ver\u00e4ndern!<\/p>\n<p>ie neuen Weedlez FILTER Premium-Aktivkohlefilter sind noch handlicher, griffiger und machen das Rollen noch einfacher!<\/p>\n<h2><span style=\"text-decoration: underline\"><strong>Die Vorteile des NEUEN Weedlez FILTER Premium-Aktivkohlefilters mit einem Durchmesser von 6,2 mm:<\/strong><\/span><\/h2>\n<ul style=\"list-style-type: disc\">\n<li>Walzen wird einfacher<\/li>\n<li>Gr\u00f6\u00dfere Griffigkeit<\/li>\n<li>Keine \u00dcberhitzung<\/li>\n<li>Unempfindlich gegen\u00fcber Schwankungen der Au\u00dfentemperatur<\/li>\n<li>Entwickelt f\u00fcr das Vergn\u00fcgen des Teilens<\/li>\n<\/ul>\n","protected":false},"excerpt":{"rendered":"<p>Die neuen Weedlez FILTER Premium-Aktivkohlefilter haben jetzt einen Durchmesser von 6,2 mm und eine L\u00e4nge von 27 mm. Die Keramikkappe<\/p>\n","protected":false},"featured_media":132213,"comment_status":"open","ping_status":"closed","template":"","meta":[],"product_brand":[],"product_cat":[7947],"product_tag":[],"class_list":{"0":"post-132229","1":"product","2":"type-product","3":"status-publish","4":"has-post-thumbnail","6":"product_cat-headshop-de","8":"first","9":"outofstock","10":"taxable","11":"shipping-taxable","12":"purchasable","13":"product-type-simple"},"aioseo_notices":[],"_links":{"self":[{"href":"https:\/\/www.budream.com\/de\/wp-json\/wp\/v2\/product\/132229","targetHints":{"allow":["GET"]}}],"collection":[{"href":"https:\/\/www.budream.com\/de\/wp-json\/wp\/v2\/product"}],"about":[{"href":"https:\/\/www.budream.com\/de\/wp-json\/wp\/v2\/types\/product"}],"replies":[{"embeddable":true,"href":"https:\/\/www.budream.com\/de\/wp-json\/wp\/v2\/comments?post=132229"}],"version-history":[{"count":1,"href":"https:\/\/www.budream.com\/de\/wp-json\/wp\/v2\/product\/132229\/revisions"}],"predecessor-version":[{"id":265898,"href":"https:\/\/www.budream.com\/de\/wp-json\/wp\/v2\/product\/132229\/revisions\/265898"}],"wp:featuredmedia":[{"embeddable":true,"href":"https:\/\/www.budream.com\/de\/wp-json\/wp\/v2\/media\/132213"}],"wp:attachment":[{"href":"https:\/\/www.budream.com\/de\/wp-json\/wp\/v2\/media?parent=132229"}],"wp:term":[{"taxonomy":"product_brand","embeddable":true,"href":"https:\/\/www.budream.com\/de\/wp-json\/wp\/v2\/product_brand?post=132229"},{"taxonomy":"product_cat","embeddable":true,"href":"https:\/\/www.budream.com\/de\/wp-json\/wp\/v2\/product_cat?post=132229"},{"taxonomy":"product_tag","embeddable":true,"href":"https:\/\/www.budream.com\/de\/wp-json\/wp\/v2\/product_tag?post=132229"}],"curies":[{"name":"wp","href":"https:\/\/api.w.org\/{rel}","templated":true}]}}