{"id":132259,"date":"2025-07-31T00:20:13","date_gmt":"2025-07-30T22:20:13","guid":{"rendered":"https:\/\/www.budream.com\/shop\/davinci-miqro-c-sesh-pack-zubehoer\/"},"modified":"2025-12-23T21:19:36","modified_gmt":"2025-12-23T19:19:36","slug":"davinci-miqro-c-sesh-pack-zubehoer","status":"publish","type":"product","link":"https:\/\/www.budream.com\/de\/shop\/davinci-miqro-c-sesh-pack-zubehoer\/","title":{"rendered":"DAVINCI &#8211; MIQRO-C SESH PACK | ZUBEH\u00d6R"},"content":{"rendered":"<p><span data-contrast=\"none\">Das <strong>MIQRO-C Sesh Pack<\/strong> vereint die Tasche f\u00fcr den Vaporizer, den zus\u00e4tzlichen Batteriehalter und den Beh\u00e4lter, um alles zu verstauen, was Du f\u00fcr eine perfekte Session brauchst<\/span><span data-ccp-props=\"{\">. <\/span><\/p>\n<p><b><strong><span data-contrast=\"none\"><br \/><span style=\"text-decoration: underline\">Das obere Fach kann folgendes aufnehmen<\/span><\/span><span style=\"text-decoration: underline\">: <\/span><\/strong><\/b><\/p>\n<ul style=\"list-style-type: disc\">\n<li data-leveltext=\"\uf0b7\" data-font=\"Symbol\" data-listid=\"7\" data-list-defn-props=\"{\" data-aria-posinset=\"1\" data-aria-level=\"1\"><span data-contrast=\"none\">1 18350 Akku <\/span><span data-ccp-props=\"{\"> -oder- <\/span><\/li>\n<li data-leveltext=\"\uf0b7\" data-font=\"Symbol\" data-listid=\"7\" data-list-defn-props=\"{\" data-aria-posinset=\"2\" data-aria-level=\"1\"><span data-contrast=\"none\">Etwas mehr als 1 Gramm Sch\u00fcttgut <\/span><span data-ccp-props=\"{\"> -oder- <\/span><\/li>\n<li data-leveltext=\"\uf0b7\" data-font=\"Symbol\" data-listid=\"7\" data-list-defn-props=\"{\" data-aria-posinset=\"3\" data-aria-level=\"1\"><span data-contrast=\"none\">10 gef\u00fcllte MIQRO-Dosierkapseln<\/span> <br \/><span data-ccp-props=\"{\"> <\/span><\/li>\n<\/ul>\n<p><b><strong><span data-contrast=\"none\"><br \/><span style=\"text-decoration: underline\">Das untere Fach bietet Platz f\u00fcr<\/span><\/span><span style=\"text-decoration: underline\">: <\/span><\/strong><\/b><\/p>\n<ul style=\"list-style-type: disc\">\n<li data-leveltext=\"\uf0b7\" data-font=\"Symbol\" data-listid=\"7\" data-list-defn-props=\"{\" data-aria-posinset=\"4\" data-aria-level=\"1\"><span data-contrast=\"none\">~0,5 Gramm Sch\u00fcttgut <\/span><span data-ccp-props=\"{\"> -oder- <\/span><\/li>\n<li data-leveltext=\"\uf0b7\" data-font=\"Symbol\" data-listid=\"7\" data-list-defn-props=\"{\" data-aria-posinset=\"4\" data-aria-level=\"1\"><span data-contrast=\"none\">4<\/span><span data-ccp-props=\"{\"> gef\u00fcllte <\/span><span data-contrast=\"none\">MIQRO Dosierpl\u00e4ttchen<\/span><\/li>\n<\/ul>\n<p><span data-contrast=\"none\"><br \/>*auch geeignet f\u00fcr original MIQRO<\/span><\/p>\n<p><b><strong><span data-contrast=\"none\">Inhalt der Packung :<\/span><span data-ccp-props=\"{\"><br \/><\/span><\/strong><\/b><\/p>\n<ul style=\"list-style-type: disc\">\n<li><span data-contrast=\"none\">1 Packung MIQRO-C<\/span><span data-ccp-props=\"{\"> Sesh <\/span><\/li>\n<\/ul>\n","protected":false},"excerpt":{"rendered":"<p>Das MIQRO-C Sesh Pack vereint die Tasche f\u00fcr den Vaporizer, den zus\u00e4tzlichen Batteriehalter und den Beh\u00e4lter, um alles zu verstauen,<\/p>\n","protected":false},"featured_media":132243,"comment_status":"open","ping_status":"closed","template":"","meta":[],"product_brand":[],"product_cat":[7907],"product_tag":[],"class_list":{"0":"post-132259","1":"product","2":"type-product","3":"status-publish","4":"has-post-thumbnail","6":"product_cat-verdampfer","8":"first","9":"instock","10":"sale","11":"taxable","12":"shipping-taxable","13":"purchasable","14":"product-type-simple"},"aioseo_notices":[],"_links":{"self":[{"href":"https:\/\/www.budream.com\/de\/wp-json\/wp\/v2\/product\/132259","targetHints":{"allow":["GET"]}}],"collection":[{"href":"https:\/\/www.budream.com\/de\/wp-json\/wp\/v2\/product"}],"about":[{"href":"https:\/\/www.budream.com\/de\/wp-json\/wp\/v2\/types\/product"}],"replies":[{"embeddable":true,"href":"https:\/\/www.budream.com\/de\/wp-json\/wp\/v2\/comments?post=132259"}],"version-history":[{"count":0,"href":"https:\/\/www.budream.com\/de\/wp-json\/wp\/v2\/product\/132259\/revisions"}],"wp:featuredmedia":[{"embeddable":true,"href":"https:\/\/www.budream.com\/de\/wp-json\/wp\/v2\/media\/132243"}],"wp:attachment":[{"href":"https:\/\/www.budream.com\/de\/wp-json\/wp\/v2\/media?parent=132259"}],"wp:term":[{"taxonomy":"product_brand","embeddable":true,"href":"https:\/\/www.budream.com\/de\/wp-json\/wp\/v2\/product_brand?post=132259"},{"taxonomy":"product_cat","embeddable":true,"href":"https:\/\/www.budream.com\/de\/wp-json\/wp\/v2\/product_cat?post=132259"},{"taxonomy":"product_tag","embeddable":true,"href":"https:\/\/www.budream.com\/de\/wp-json\/wp\/v2\/product_tag?post=132259"}],"curies":[{"name":"wp","href":"https:\/\/api.w.org\/{rel}","templated":true}]}}