{"id":132279,"date":"2025-07-31T00:20:43","date_gmt":"2025-07-30T22:20:43","guid":{"rendered":"https:\/\/www.budream.com\/shop\/davinci-miqro-serie-stahl-dispensing-kapseln-zubehoer\/"},"modified":"2026-01-30T15:01:51","modified_gmt":"2026-01-30T13:01:51","slug":"davinci-miqro-serie-stahl-dispensing-kapseln-zubehoer","status":"publish","type":"product","link":"https:\/\/www.budream.com\/de\/shop\/davinci-miqro-serie-stahl-dispensing-kapseln-zubehoer\/","title":{"rendered":"DAVINCI &#8211; MIQRO SERIE STAHL DISPENSING KAPSELN | ZUBEH\u00d6R"},"content":{"rendered":"<p><strong>Perfekte Dosierung war noch nie so einfach. <\/strong><\/p>\n<p><span data-contrast=\"none\">Mit den Edelstahl-Dosierkapseln von DaVinci, die mit MIQRO und MIQRO-C kompatibel sind, k\u00f6nnen Sie bis zu 0,15 g Bl\u00fcte einf\u00fcllen und die Pods unterwegs einfach austauschen. Ein sauberer Ofen, schnelleres Einf\u00fcllen, genaues Dosieren und schnelleres Erhitzen stehen Ihnen mit den Edelstahl-Dosierkapseln zur Verf\u00fcgung<\/span><span data-ccp-props=\"{\">. <\/span><\/p>\n<p><span data-contrast=\"none\">Kombinieren Sie die Kapseln mit dem DaVinci Extract Kit, um Ihr Ger\u00e4t der MIQRO-Serie f\u00fcr den doppelten Gebrauch mit Konzentraten und \u00d6len zu verwenden<\/span><span data-ccp-props=\"{\">. <\/span><\/p>\n<p><span style=\"text-decoration: underline\"><b><strong>Inhalt der Packung<\/strong><\/b><\/span><\/p>\n<ul style=\"list-style-type: disc\">\n<li><span data-contrast=\"none\">6 Dosierkapseln der MIQRO Serie aus<\/span><span data-ccp-props=\"{\"> Edelstahl <\/span><\/li>\n<li><span data-contrast=\"none\">6<\/span><span data-ccp-props=\"{\"> Silikon-Dosierkapselh\u00fcllen <\/span><\/li>\n<\/ul>\n","protected":false},"excerpt":{"rendered":"<p>Perfekte Dosierung war noch nie so einfach. Mit den Edelstahl-Dosierkapseln von DaVinci, die mit MIQRO und MIQRO-C kompatibel sind, k\u00f6nnen<\/p>\n","protected":false},"featured_media":132263,"comment_status":"open","ping_status":"closed","template":"","meta":[],"product_brand":[],"product_cat":[7907],"product_tag":[],"class_list":{"0":"post-132279","1":"product","2":"type-product","3":"status-publish","4":"has-post-thumbnail","6":"product_cat-verdampfer","8":"first","9":"instock","10":"sale","11":"taxable","12":"shipping-taxable","13":"purchasable","14":"product-type-simple"},"aioseo_notices":[],"_links":{"self":[{"href":"https:\/\/www.budream.com\/de\/wp-json\/wp\/v2\/product\/132279","targetHints":{"allow":["GET"]}}],"collection":[{"href":"https:\/\/www.budream.com\/de\/wp-json\/wp\/v2\/product"}],"about":[{"href":"https:\/\/www.budream.com\/de\/wp-json\/wp\/v2\/types\/product"}],"replies":[{"embeddable":true,"href":"https:\/\/www.budream.com\/de\/wp-json\/wp\/v2\/comments?post=132279"}],"version-history":[{"count":0,"href":"https:\/\/www.budream.com\/de\/wp-json\/wp\/v2\/product\/132279\/revisions"}],"wp:featuredmedia":[{"embeddable":true,"href":"https:\/\/www.budream.com\/de\/wp-json\/wp\/v2\/media\/132263"}],"wp:attachment":[{"href":"https:\/\/www.budream.com\/de\/wp-json\/wp\/v2\/media?parent=132279"}],"wp:term":[{"taxonomy":"product_brand","embeddable":true,"href":"https:\/\/www.budream.com\/de\/wp-json\/wp\/v2\/product_brand?post=132279"},{"taxonomy":"product_cat","embeddable":true,"href":"https:\/\/www.budream.com\/de\/wp-json\/wp\/v2\/product_cat?post=132279"},{"taxonomy":"product_tag","embeddable":true,"href":"https:\/\/www.budream.com\/de\/wp-json\/wp\/v2\/product_tag?post=132279"}],"curies":[{"name":"wp","href":"https:\/\/api.w.org\/{rel}","templated":true}]}}