{"id":132319,"date":"2025-07-31T00:21:42","date_gmt":"2025-07-30T22:21:42","guid":{"rendered":"https:\/\/www.budream.com\/shop\/davinci-iq-serie-grinder-fuer-die-dosierung-von-kapseln-zubehoer\/"},"modified":"2025-12-23T21:21:19","modified_gmt":"2025-12-23T19:21:19","slug":"davinci-iq-serie-grinder-fuer-die-dosierung-von-kapseln-zubehoer","status":"publish","type":"product","link":"https:\/\/www.budream.com\/de\/shop\/davinci-iq-serie-grinder-fuer-die-dosierung-von-kapseln-zubehoer\/","title":{"rendered":"DAVINCI &#8211; IQ SERIE GRINDER F\u00dcR DIE DOSIERUNG VON KAPSELN | ZUBEH\u00d6R"},"content":{"rendered":"<p>Der Dosing Capsule Kr\u00e4utergrinder von DaVinci ist aus hochwertigem Aluminium gefertigt und mahlt das Kraut auf die ideale mittlere Mahlkonsistenz, w\u00e4hrend er die Dosierkapseln der IQ-Serie (IQ2 und IQC) in einem Schritt bef\u00fcllt.<\/p>\n<p>Einfaches Laden, einfache Reinigung.<\/p>\n<p>Der Grinder mit Dosierkapseln kann bis zu 6 Dosierkapseln f\u00fcllen, w\u00e4hrend er das Material mahlt. Der Kr\u00e4utergrinder mit Dosierkapsel kann bis zu 0,2 g gemahlene Kr\u00e4uter aufnehmen und funktioniert als normales Mahlwerk, wenn der Ring der Dosierkapsel entfernt wird.<\/p>\n<p><strong>DIE DOSIERKAPSELN SIND SEPARAT ERH\u00c4LTLICH.<\/strong><\/p>\n<p><span data-contrast=\"none\"><br \/><\/span><b><strong><span data-contrast=\"none\"><span style=\"text-decoration: underline\">Inhalt der Packung: <\/span><br \/><\/span><\/strong><\/b><\/p>\n<ul style=\"list-style-type: disc\">\n<li><span data-contrast=\"none\">1 Grinder f\u00fcr Dosierkapseln<\/span><\/li>\n<\/ul>\n","protected":false},"excerpt":{"rendered":"<p>Der Dosing Capsule Kr\u00e4utergrinder von DaVinci ist aus hochwertigem Aluminium gefertigt und mahlt das Kraut auf die ideale mittlere Mahlkonsistenz,<\/p>\n","protected":false},"featured_media":132303,"comment_status":"open","ping_status":"closed","template":"","meta":[],"product_brand":[],"product_cat":[7907],"product_tag":[],"class_list":{"0":"post-132319","1":"product","2":"type-product","3":"status-publish","4":"has-post-thumbnail","6":"product_cat-verdampfer","8":"first","9":"instock","10":"sale","11":"taxable","12":"shipping-taxable","13":"purchasable","14":"product-type-simple"},"aioseo_notices":[],"_links":{"self":[{"href":"https:\/\/www.budream.com\/de\/wp-json\/wp\/v2\/product\/132319","targetHints":{"allow":["GET"]}}],"collection":[{"href":"https:\/\/www.budream.com\/de\/wp-json\/wp\/v2\/product"}],"about":[{"href":"https:\/\/www.budream.com\/de\/wp-json\/wp\/v2\/types\/product"}],"replies":[{"embeddable":true,"href":"https:\/\/www.budream.com\/de\/wp-json\/wp\/v2\/comments?post=132319"}],"version-history":[{"count":0,"href":"https:\/\/www.budream.com\/de\/wp-json\/wp\/v2\/product\/132319\/revisions"}],"wp:featuredmedia":[{"embeddable":true,"href":"https:\/\/www.budream.com\/de\/wp-json\/wp\/v2\/media\/132303"}],"wp:attachment":[{"href":"https:\/\/www.budream.com\/de\/wp-json\/wp\/v2\/media?parent=132319"}],"wp:term":[{"taxonomy":"product_brand","embeddable":true,"href":"https:\/\/www.budream.com\/de\/wp-json\/wp\/v2\/product_brand?post=132319"},{"taxonomy":"product_cat","embeddable":true,"href":"https:\/\/www.budream.com\/de\/wp-json\/wp\/v2\/product_cat?post=132319"},{"taxonomy":"product_tag","embeddable":true,"href":"https:\/\/www.budream.com\/de\/wp-json\/wp\/v2\/product_tag?post=132319"}],"curies":[{"name":"wp","href":"https:\/\/api.w.org\/{rel}","templated":true}]}}