{"id":132359,"date":"2025-07-31T00:23:11","date_gmt":"2025-07-30T22:23:11","guid":{"rendered":"https:\/\/www.budream.com\/shop\/davinci-miqro-serie-dosierung-kapsel-ladegeraet-zubehoer\/"},"modified":"2025-12-23T21:24:53","modified_gmt":"2025-12-23T19:24:53","slug":"davinci-miqro-serie-dosierung-kapsel-ladegeraet-zubehoer","status":"publish","type":"product","link":"https:\/\/www.budream.com\/de\/shop\/davinci-miqro-serie-dosierung-kapsel-ladegeraet-zubehoer\/","title":{"rendered":"DAVINCI &#8211; MIQRO SERIE DOSIERUNG KAPSEL LADEGER\u00c4T | ZUBEH\u00d6R"},"content":{"rendered":"<p><strong>Perfektes Dosieren war noch nie so einfach. <\/strong><\/p>\n<p>Mit dem Halter der Miqro-Serie k\u00f6nnen Sie unterwegs bis zu sechs Dosierkapseln bequem transportieren. <br \/>Aus eloxiertem Aluminium gefertigt und mit einem zus\u00e4tzlichen Werkzeug zum Entfernen hei\u00dfer Kapseln ausgestattet, sind Sie mit den Kapseln im Schlepptau bestens f\u00fcr den Tag ger\u00fcstet.<\/p>\n<p><span data-contrast=\"none\">Kombinieren Sie die Kapseln mit dem DaVinci Extract Kit, um Ihr Ger\u00e4t der MIQRO Serie f\u00fcr den doppelten Gebrauch mit Konzentraten und \u00d6len zu nutzen<\/span><span data-ccp-props=\"{\">. <\/span><\/p>\n<p><span style=\"text-decoration: underline\"><b><strong>Inhalt der Packung:<\/strong><\/b><\/span><\/p>\n<ul style=\"list-style-type: disc\">\n<li>1 MIQRO Series Dosierkapsel-Halter<\/li>\n<\/ul>\n<p><strong> * Dosierkapseln sind separat erh\u00e4ltlich<\/strong><\/p>\n","protected":false},"excerpt":{"rendered":"<p>Perfektes Dosieren war noch nie so einfach. Mit dem Halter der Miqro-Serie k\u00f6nnen Sie unterwegs bis zu sechs Dosierkapseln bequem<\/p>\n","protected":false},"featured_media":132343,"comment_status":"open","ping_status":"closed","template":"","meta":[],"product_brand":[],"product_cat":[7907],"product_tag":[],"class_list":{"0":"post-132359","1":"product","2":"type-product","3":"status-publish","4":"has-post-thumbnail","6":"product_cat-verdampfer","8":"first","9":"instock","10":"sale","11":"taxable","12":"shipping-taxable","13":"purchasable","14":"product-type-simple"},"aioseo_notices":[],"_links":{"self":[{"href":"https:\/\/www.budream.com\/de\/wp-json\/wp\/v2\/product\/132359","targetHints":{"allow":["GET"]}}],"collection":[{"href":"https:\/\/www.budream.com\/de\/wp-json\/wp\/v2\/product"}],"about":[{"href":"https:\/\/www.budream.com\/de\/wp-json\/wp\/v2\/types\/product"}],"replies":[{"embeddable":true,"href":"https:\/\/www.budream.com\/de\/wp-json\/wp\/v2\/comments?post=132359"}],"version-history":[{"count":0,"href":"https:\/\/www.budream.com\/de\/wp-json\/wp\/v2\/product\/132359\/revisions"}],"wp:featuredmedia":[{"embeddable":true,"href":"https:\/\/www.budream.com\/de\/wp-json\/wp\/v2\/media\/132343"}],"wp:attachment":[{"href":"https:\/\/www.budream.com\/de\/wp-json\/wp\/v2\/media?parent=132359"}],"wp:term":[{"taxonomy":"product_brand","embeddable":true,"href":"https:\/\/www.budream.com\/de\/wp-json\/wp\/v2\/product_brand?post=132359"},{"taxonomy":"product_cat","embeddable":true,"href":"https:\/\/www.budream.com\/de\/wp-json\/wp\/v2\/product_cat?post=132359"},{"taxonomy":"product_tag","embeddable":true,"href":"https:\/\/www.budream.com\/de\/wp-json\/wp\/v2\/product_tag?post=132359"}],"curies":[{"name":"wp","href":"https:\/\/api.w.org\/{rel}","templated":true}]}}