{"id":132414,"date":"2025-07-31T00:24:49","date_gmt":"2025-07-30T22:24:49","guid":{"rendered":"https:\/\/www.budream.com\/shop\/davinci-iqc-aroma-chamber-stash-tube\/"},"modified":"2025-12-23T21:19:02","modified_gmt":"2025-12-23T19:19:02","slug":"davinci-iqc-aroma-chamber-stash-tube","status":"publish","type":"product","link":"https:\/\/www.budream.com\/de\/shop\/davinci-iqc-aroma-chamber-stash-tube\/","title":{"rendered":"DAVINCI &#8211; IQC AROMA CHAMBER STASH TUBE"},"content":{"rendered":"<p>Keramische Aromakammer (Stash Tube), um exotische Geschmackskombinationen zu kreieren, w\u00e4hrend Du mit Deinem Davinci IQC Gras verdampfst.<br \/>Dieses Ger\u00e4t erm\u00f6glicht es Ihnen, den Geschmack Ihres Dampfes zu variieren und anzupassen. Viele der IQC-Benutzer, die diese Funktion genie\u00dfen, haben mehrere Kammern, so dass jede Kammer zu einem einzigartigen und reinen Geschmack gewidmet ist.<\/p>\n<h2><span style=\"text-decoration: underline\">DAVINCI &#8211; IQC AROMA CHAMBER:<\/span><\/h2>\n<ul style=\"list-style-type: disc\">\n<li>Aromakammer f\u00fcr IQC mit Vorratsr\u00f6hre;<\/li>\n<li>100% Zirkoniumdioxid;<\/li>\n<li>kann Kr\u00e4uter enthalten;<\/li>\n<li>Funktioniert nicht mit Davinci IQ2;<\/li>\n<\/ul>\n","protected":false},"excerpt":{"rendered":"<p>Keramische Aromakammer (Stash Tube), um exotische Geschmackskombinationen zu kreieren, w\u00e4hrend Du mit Deinem Davinci IQC Gras verdampfst.Dieses Ger\u00e4t erm\u00f6glicht es<\/p>\n","protected":false},"featured_media":132408,"comment_status":"open","ping_status":"closed","template":"","meta":[],"product_brand":[],"product_cat":[7907],"product_tag":[],"class_list":{"0":"post-132414","1":"product","2":"type-product","3":"status-publish","4":"has-post-thumbnail","6":"product_cat-verdampfer","8":"first","9":"instock","10":"taxable","11":"shipping-taxable","12":"purchasable","13":"product-type-simple"},"aioseo_notices":[],"_links":{"self":[{"href":"https:\/\/www.budream.com\/de\/wp-json\/wp\/v2\/product\/132414","targetHints":{"allow":["GET"]}}],"collection":[{"href":"https:\/\/www.budream.com\/de\/wp-json\/wp\/v2\/product"}],"about":[{"href":"https:\/\/www.budream.com\/de\/wp-json\/wp\/v2\/types\/product"}],"replies":[{"embeddable":true,"href":"https:\/\/www.budream.com\/de\/wp-json\/wp\/v2\/comments?post=132414"}],"version-history":[{"count":0,"href":"https:\/\/www.budream.com\/de\/wp-json\/wp\/v2\/product\/132414\/revisions"}],"wp:featuredmedia":[{"embeddable":true,"href":"https:\/\/www.budream.com\/de\/wp-json\/wp\/v2\/media\/132408"}],"wp:attachment":[{"href":"https:\/\/www.budream.com\/de\/wp-json\/wp\/v2\/media?parent=132414"}],"wp:term":[{"taxonomy":"product_brand","embeddable":true,"href":"https:\/\/www.budream.com\/de\/wp-json\/wp\/v2\/product_brand?post=132414"},{"taxonomy":"product_cat","embeddable":true,"href":"https:\/\/www.budream.com\/de\/wp-json\/wp\/v2\/product_cat?post=132414"},{"taxonomy":"product_tag","embeddable":true,"href":"https:\/\/www.budream.com\/de\/wp-json\/wp\/v2\/product_tag?post=132414"}],"curies":[{"name":"wp","href":"https:\/\/api.w.org\/{rel}","templated":true}]}}