{"id":132439,"date":"2025-07-31T00:26:05","date_gmt":"2025-07-30T22:26:05","guid":{"rendered":"https:\/\/www.budream.com\/shop\/davinci-silikonhandschuh-fuer-miqro-c-schwarz\/"},"modified":"2025-12-23T21:11:21","modified_gmt":"2025-12-23T19:11:21","slug":"davinci-silikonhandschuh-fuer-miqro-c-schwarz","status":"publish","type":"product","link":"https:\/\/www.budream.com\/de\/shop\/davinci-silikonhandschuh-fuer-miqro-c-schwarz\/","title":{"rendered":"DAVINCI &#8211; SILIKONHANDSCHUH F\u00dcR MIQRO-C | SCHWARZ"},"content":{"rendered":"<p>Silikonschutz f\u00fcr Ihren MIQRO-C! Dieser Silikonhandschuh sch\u00fctzt Sie nicht nur vor der Hitze Ihres Ger\u00e4ts, sondern hilft auch, die Au\u00dfenseite Ihres MIQRO-C vor versehentlichen Dellen und Kratzern zu sch\u00fctzen!<\/p>\n<h2><span style=\"text-decoration: underline\">DAVINCI &#8211; MIQRO-Silikonhandschuh:<\/span><\/h2>\n<ul style=\"list-style-type: disc\">\n<li>Schutzhandschuh f\u00fcr Davinci MIQRO-C<\/li>\n<li>sch\u00fctzt vor der Hitze des Vaporizers<\/li>\n<li>sch\u00fctzt den Verdampfer vor Dellen und Kratzern<\/li>\n<li>schwarze Farbe<\/li>\n<li>NICHT GEEIGNET F\u00dcR DAVINCI MIQRO<\/li>\n<\/ul>\n","protected":false},"excerpt":{"rendered":"<p>Silikonschutz f\u00fcr Ihren MIQRO-C! Dieser Silikonhandschuh sch\u00fctzt Sie nicht nur vor der Hitze Ihres Ger\u00e4ts, sondern hilft auch, die Au\u00dfenseite<\/p>\n","protected":false},"featured_media":132423,"comment_status":"open","ping_status":"closed","template":"","meta":[],"product_brand":[],"product_cat":[7907],"product_tag":[],"class_list":{"0":"post-132439","1":"product","2":"type-product","3":"status-publish","4":"has-post-thumbnail","6":"product_cat-verdampfer","8":"first","9":"instock","10":"taxable","11":"shipping-taxable","12":"purchasable","13":"product-type-simple"},"aioseo_notices":[],"_links":{"self":[{"href":"https:\/\/www.budream.com\/de\/wp-json\/wp\/v2\/product\/132439","targetHints":{"allow":["GET"]}}],"collection":[{"href":"https:\/\/www.budream.com\/de\/wp-json\/wp\/v2\/product"}],"about":[{"href":"https:\/\/www.budream.com\/de\/wp-json\/wp\/v2\/types\/product"}],"replies":[{"embeddable":true,"href":"https:\/\/www.budream.com\/de\/wp-json\/wp\/v2\/comments?post=132439"}],"version-history":[{"count":0,"href":"https:\/\/www.budream.com\/de\/wp-json\/wp\/v2\/product\/132439\/revisions"}],"wp:featuredmedia":[{"embeddable":true,"href":"https:\/\/www.budream.com\/de\/wp-json\/wp\/v2\/media\/132423"}],"wp:attachment":[{"href":"https:\/\/www.budream.com\/de\/wp-json\/wp\/v2\/media?parent=132439"}],"wp:term":[{"taxonomy":"product_brand","embeddable":true,"href":"https:\/\/www.budream.com\/de\/wp-json\/wp\/v2\/product_brand?post=132439"},{"taxonomy":"product_cat","embeddable":true,"href":"https:\/\/www.budream.com\/de\/wp-json\/wp\/v2\/product_cat?post=132439"},{"taxonomy":"product_tag","embeddable":true,"href":"https:\/\/www.budream.com\/de\/wp-json\/wp\/v2\/product_tag?post=132439"}],"curies":[{"name":"wp","href":"https:\/\/api.w.org\/{rel}","templated":true}]}}