{"id":132479,"date":"2025-07-31T00:27:56","date_gmt":"2025-07-30T22:27:56","guid":{"rendered":"https:\/\/www.budream.com\/shop\/kit-di-aspirazione-e-filtraggio-125-o125mm-360mc-h\/"},"modified":"2026-01-07T17:24:22","modified_gmt":"2026-01-07T15:24:22","slug":"kit-di-aspirazione-e-filtraggio-125-o125mm-360mc-h","status":"publish","type":"product","link":"https:\/\/www.budream.com\/de\/shop\/kit-di-aspirazione-e-filtraggio-125-o125mm-360mc-h\/","title":{"rendered":"Absaug- und Filtrationsger\u00e4t 125 | \u00d8125mm &#8211; 360mc\/h"},"content":{"rendered":"<p>Extrem erschwingliche <strong>komplette Vakuum-Kit<\/strong> ideal f\u00fcr alle Z\u00fcchter, die perfekte Luftqualit\u00e4t in ihren Growboxen oder Gew\u00e4chsh\u00e4usern gew\u00e4hrleisten wollen. Es ist wichtig, um sicherzustellen, dass die Pflanzen schnell und gesund wachsen. Das Kit besteht aus einem Vents-Absauger, einem PrimaKlima-Aktivkohlefilter und dem gesamten Zubeh\u00f6r, das f\u00fcr den Anschluss der verschiedenen Komponenten ben\u00f6tigt wird, so dass ein komplettes Luftansaugsystem entsteht.<\/p>\n<p>Der Bausatz wird in der Box montiert und die Luft wird \u00fcber den mitgelieferten Schlauch ausgeblasen. In der Regel reicht es aus, einen leichten Unterdruck zu erzeugen, damit gen\u00fcgend Frischluft durch die Luft\u00f6ffnungen des Anzuchtkastens eindringen kann, ohne dass ein zus\u00e4tzliches Bel\u00fcftungssystem erforderlich ist.<\/p>\n<p>Der Zentrifugalventilator von VK Vents mit einem Durchmesser von 125 mm hat eine erh\u00f6hte Durchflussrate von 355 mc\/h. Er ist aus selbstverl\u00f6schendem Technopolymer hergestellt und garantiert einen st\u00e4rkeren Luftstrom als herk\u00f6mmliche Zentrifugalabsauger. Geeignet f\u00fcr die Absaugung in kleinen und mittelgro\u00dfen Growrooms.<\/p>\n<p>Das 125er Absaugset wird f\u00fcr eine <strong>Growbox<\/strong> mit einer Fl\u00e4che von <strong>100x100cm<\/strong> empfohlen <strong>.<\/strong><\/p>\n<h2><span style=\"text-decoration: underline\"><b>Eigenschaften des Absaugers:<\/b><\/span><\/h2>\n<ul style=\"list-style-type: disc\">\n<li>Lieferung mit Halterungen f\u00fcr die Positionierung<\/li>\n<li>Ausgewuchteter Motor zur Minimierung von Vibrationen<\/li>\n<li>Einstellbare Geschwindigkeit mit einem elektronischen Geschwindigkeitsregler (kann separat erworben werden)<\/li>\n<li>Motor auf Kugellagern montiert<\/li>\n<li>Thermischer Schutz<\/li>\n<li>Sto\u00dfsicheres Kunststoffgeh\u00e4use<\/li>\n<li>Ger\u00e4uscharm = 40dbA bei 3m<\/li>\n<\/ul>\n<p><\/p>\n<h2><span style=\"text-decoration: underline\"><b>Filtereigenschaften<\/b><\/span><\/h2>\n<ul style=\"list-style-type: disc\">\n<li><strong>H\u00f6he:<\/strong> 400mm<\/li>\n<li><strong>Flansch:<\/strong> 125 mm<\/li>\n<li><strong>Gewicht:<\/strong> 3,2 kg<\/li>\n<li><strong>MAX Durchflussmenge:<\/strong> 480 m3\/h<\/li>\n<li><strong>Empfohlene Durchflussmenge:<\/strong> 360 m3\/h<\/li>\n<li><strong>Modell:<\/strong> K2601<\/li>\n<li><strong>Durchschnittliche Lebensdauer:<\/strong> 15 Monate<\/li>\n<li>Nicht wiederaufladbar<\/li>\n<\/ul>\n<p><b>Paket enth\u00e4lt:<\/b><\/p>\n<ul style=\"list-style-type: disc\">\n<li>VENTS &#8211; VK125 KABELABSAUGER | &Oslash; 125mm &#8211; 355mc\/h<\/li>\n<li>AKTIVKOHLEFILTER K2601 MAX 480 &#8211; OPT 360MC\/H FLANSCH 125MM PRIMA KLIMA<\/li>\n<li>SCHLAUCHSCHELLENMANSCHETTE MIT AUFH\u00c4NGEB\u00dcGEL UND DICHTUNG ENTL\u00dcFTER CZ125<\/li>\n<li>WIDERSTANDSF\u00c4HIGES PVC-ROHR DURCHMESSER 127MM L\u00c4NGE 3M<\/li>\n<li>schlauchschellen aus metall 110-130mm<\/li>\n<\/ul>\n","protected":false},"excerpt":{"rendered":"<p>Extrem erschwingliche komplette Vakuum-Kit ideal f\u00fcr alle Z\u00fcchter, die perfekte Luftqualit\u00e4t in ihren Growboxen oder Gew\u00e4chsh\u00e4usern gew\u00e4hrleisten wollen. Es ist<\/p>\n","protected":false},"featured_media":132473,"comment_status":"open","ping_status":"closed","template":"","meta":[],"product_brand":[],"product_cat":[7943],"product_tag":[],"class_list":{"0":"post-132479","1":"product","2":"type-product","3":"status-publish","4":"has-post-thumbnail","6":"product_cat-ventilatoren-und-absauger","8":"first","9":"instock","10":"taxable","11":"shipping-taxable","12":"purchasable","13":"product-type-simple"},"_links":{"self":[{"href":"https:\/\/www.budream.com\/de\/wp-json\/wp\/v2\/product\/132479","targetHints":{"allow":["GET"]}}],"collection":[{"href":"https:\/\/www.budream.com\/de\/wp-json\/wp\/v2\/product"}],"about":[{"href":"https:\/\/www.budream.com\/de\/wp-json\/wp\/v2\/types\/product"}],"replies":[{"embeddable":true,"href":"https:\/\/www.budream.com\/de\/wp-json\/wp\/v2\/comments?post=132479"}],"version-history":[{"count":0,"href":"https:\/\/www.budream.com\/de\/wp-json\/wp\/v2\/product\/132479\/revisions"}],"wp:featuredmedia":[{"embeddable":true,"href":"https:\/\/www.budream.com\/de\/wp-json\/wp\/v2\/media\/132473"}],"wp:attachment":[{"href":"https:\/\/www.budream.com\/de\/wp-json\/wp\/v2\/media?parent=132479"}],"wp:term":[{"taxonomy":"product_brand","embeddable":true,"href":"https:\/\/www.budream.com\/de\/wp-json\/wp\/v2\/product_brand?post=132479"},{"taxonomy":"product_cat","embeddable":true,"href":"https:\/\/www.budream.com\/de\/wp-json\/wp\/v2\/product_cat?post=132479"},{"taxonomy":"product_tag","embeddable":true,"href":"https:\/\/www.budream.com\/de\/wp-json\/wp\/v2\/product_tag?post=132479"}],"curies":[{"name":"wp","href":"https:\/\/api.w.org\/{rel}","templated":true}]}}