{"id":132519,"date":"2025-07-31T00:29:24","date_gmt":"2025-07-30T22:29:24","guid":{"rendered":"https:\/\/www.budream.com\/shop\/kenex-simplex100-waage-max-100-gramm-schritt-0-01g\/"},"modified":"2026-03-23T16:24:34","modified_gmt":"2026-03-23T14:24:34","slug":"kenex-simplex100-waage-max-100-gramm-schritt-0-01g","status":"publish","type":"product","link":"https:\/\/www.budream.com\/de\/shop\/kenex-simplex100-waage-max-100-gramm-schritt-0-01g\/","title":{"rendered":"KENEX &#8211; SIMPLEX100 WAAGE | MAX 100 GRAMM SCHRITT 0.01G"},"content":{"rendered":"<p>Die Simplex-Serie ist das wirtschaftlichste Modell der Kenex-Waagen mit dem 0,01 g-W\u00e4geschritt. Sehr praktisch f\u00fcr Ihre kulinarischen Zubereitungen oder f\u00fcr die Dosierung von <strong>D\u00fcngemitteln<\/strong> f\u00fcr Ihre <strong>N\u00e4hrl\u00f6sungen.<br \/><\/strong><\/p>\n<h2><strong><span style=\"text-decoration: underline\">Eigenschaften Kenex Simplex100 Digitalwaage:<\/span><\/strong><\/h2>\n<ul style=\"list-style-type: disc\">\n<li>Farbe: Schwarz<\/li>\n<li>Fassungsverm\u00f6gen: 100 g<\/li>\n<li>Genauigkeit (&plusmn;): 0,01 g<\/li>\n<li>Pr\u00e4zisions-Kunststoffwaage<\/li>\n<li>Abnehmbarer Deckel dient als Tablett<\/li>\n<li>\u00dcberlastungsschutz<\/li>\n<li>5 Wiegemodi: g\/oz\/ct\/ozt\/dwt<\/li>\n<li>180s automatische Abschaltfunktion<\/li>\n<\/ul>\n","protected":false},"excerpt":{"rendered":"<p>Die Simplex-Serie ist das wirtschaftlichste Modell der Kenex-Waagen mit dem 0,01 g-W\u00e4geschritt. Sehr praktisch f\u00fcr Ihre kulinarischen Zubereitungen oder f\u00fcr<\/p>\n","protected":false},"featured_media":132503,"comment_status":"open","ping_status":"closed","template":"","meta":[],"product_brand":[],"product_cat":[7947],"product_tag":[],"class_list":{"0":"post-132519","1":"product","2":"type-product","3":"status-publish","4":"has-post-thumbnail","6":"product_cat-headshop-de","8":"first","9":"instock","10":"taxable","11":"shipping-taxable","12":"purchasable","13":"product-type-simple"},"_links":{"self":[{"href":"https:\/\/www.budream.com\/de\/wp-json\/wp\/v2\/product\/132519","targetHints":{"allow":["GET"]}}],"collection":[{"href":"https:\/\/www.budream.com\/de\/wp-json\/wp\/v2\/product"}],"about":[{"href":"https:\/\/www.budream.com\/de\/wp-json\/wp\/v2\/types\/product"}],"replies":[{"embeddable":true,"href":"https:\/\/www.budream.com\/de\/wp-json\/wp\/v2\/comments?post=132519"}],"version-history":[{"count":0,"href":"https:\/\/www.budream.com\/de\/wp-json\/wp\/v2\/product\/132519\/revisions"}],"wp:featuredmedia":[{"embeddable":true,"href":"https:\/\/www.budream.com\/de\/wp-json\/wp\/v2\/media\/132503"}],"wp:attachment":[{"href":"https:\/\/www.budream.com\/de\/wp-json\/wp\/v2\/media?parent=132519"}],"wp:term":[{"taxonomy":"product_brand","embeddable":true,"href":"https:\/\/www.budream.com\/de\/wp-json\/wp\/v2\/product_brand?post=132519"},{"taxonomy":"product_cat","embeddable":true,"href":"https:\/\/www.budream.com\/de\/wp-json\/wp\/v2\/product_cat?post=132519"},{"taxonomy":"product_tag","embeddable":true,"href":"https:\/\/www.budream.com\/de\/wp-json\/wp\/v2\/product_tag?post=132519"}],"curies":[{"name":"wp","href":"https:\/\/api.w.org\/{rel}","templated":true}]}}