{"id":132529,"date":"2025-07-31T00:29:51","date_gmt":"2025-07-30T22:29:51","guid":{"rendered":"https:\/\/www.budream.com\/shop\/grenzenlos-vexil-ersatzmundstueck\/"},"modified":"2025-12-23T12:53:27","modified_gmt":"2025-12-23T10:53:27","slug":"grenzenlos-vexil-ersatzmundstueck","status":"publish","type":"product","link":"https:\/\/www.budream.com\/de\/shop\/grenzenlos-vexil-ersatzmundstueck\/","title":{"rendered":"GRENZENLOS &#8211; VEXIL ERSATZMUNDST\u00dcCK"},"content":{"rendered":"<p>Ersatzmundst\u00fcck f\u00fcr <strong>BOUNDLESS VEXIL.<\/strong><\/p>\n","protected":false},"excerpt":{"rendered":"<p>Ersatzmundst\u00fcck f\u00fcr BOUNDLESS VEXIL.<\/p>\n","protected":false},"featured_media":132523,"comment_status":"open","ping_status":"closed","template":"","meta":[],"product_brand":[],"product_cat":[7907],"product_tag":[],"class_list":{"0":"post-132529","1":"product","2":"type-product","3":"status-publish","4":"has-post-thumbnail","6":"product_cat-verdampfer","8":"first","9":"instock","10":"sale","11":"taxable","12":"shipping-taxable","13":"purchasable","14":"product-type-simple"},"_links":{"self":[{"href":"https:\/\/www.budream.com\/de\/wp-json\/wp\/v2\/product\/132529","targetHints":{"allow":["GET"]}}],"collection":[{"href":"https:\/\/www.budream.com\/de\/wp-json\/wp\/v2\/product"}],"about":[{"href":"https:\/\/www.budream.com\/de\/wp-json\/wp\/v2\/types\/product"}],"replies":[{"embeddable":true,"href":"https:\/\/www.budream.com\/de\/wp-json\/wp\/v2\/comments?post=132529"}],"version-history":[{"count":0,"href":"https:\/\/www.budream.com\/de\/wp-json\/wp\/v2\/product\/132529\/revisions"}],"wp:featuredmedia":[{"embeddable":true,"href":"https:\/\/www.budream.com\/de\/wp-json\/wp\/v2\/media\/132523"}],"wp:attachment":[{"href":"https:\/\/www.budream.com\/de\/wp-json\/wp\/v2\/media?parent=132529"}],"wp:term":[{"taxonomy":"product_brand","embeddable":true,"href":"https:\/\/www.budream.com\/de\/wp-json\/wp\/v2\/product_brand?post=132529"},{"taxonomy":"product_cat","embeddable":true,"href":"https:\/\/www.budream.com\/de\/wp-json\/wp\/v2\/product_cat?post=132529"},{"taxonomy":"product_tag","embeddable":true,"href":"https:\/\/www.budream.com\/de\/wp-json\/wp\/v2\/product_tag?post=132529"}],"curies":[{"name":"wp","href":"https:\/\/api.w.org\/{rel}","templated":true}]}}