{"id":132549,"date":"2025-07-31T00:30:54","date_gmt":"2025-07-30T22:30:54","guid":{"rendered":"https:\/\/www.budream.com\/shop\/grenzenlos-vexil-mundstueck-netze\/"},"modified":"2025-12-23T12:54:02","modified_gmt":"2025-12-23T10:54:02","slug":"grenzenlos-vexil-mundstueck-netze","status":"publish","type":"product","link":"https:\/\/www.budream.com\/de\/shop\/grenzenlos-vexil-mundstueck-netze\/","title":{"rendered":"GRENZENLOS &#8211; VEXIL MUNDST\u00dcCK NETZE"},"content":{"rendered":"<p>Ersatz-Mundst\u00fccknetz f\u00fcr <strong>BOUNDLESS VEXIL<br \/><\/strong><br \/><strong>2 NETZE<\/strong><\/p>\n","protected":false},"excerpt":{"rendered":"<p>Ersatz-Mundst\u00fccknetz f\u00fcr BOUNDLESS VEXIL2 NETZE<\/p>\n","protected":false},"featured_media":132543,"comment_status":"open","ping_status":"closed","template":"","meta":[],"product_brand":[],"product_cat":[7907],"product_tag":[],"class_list":{"0":"post-132549","1":"product","2":"type-product","3":"status-publish","4":"has-post-thumbnail","6":"product_cat-verdampfer","8":"first","9":"instock","10":"sale","11":"taxable","12":"shipping-taxable","13":"purchasable","14":"product-type-simple"},"aioseo_notices":[],"_links":{"self":[{"href":"https:\/\/www.budream.com\/de\/wp-json\/wp\/v2\/product\/132549","targetHints":{"allow":["GET"]}}],"collection":[{"href":"https:\/\/www.budream.com\/de\/wp-json\/wp\/v2\/product"}],"about":[{"href":"https:\/\/www.budream.com\/de\/wp-json\/wp\/v2\/types\/product"}],"replies":[{"embeddable":true,"href":"https:\/\/www.budream.com\/de\/wp-json\/wp\/v2\/comments?post=132549"}],"version-history":[{"count":0,"href":"https:\/\/www.budream.com\/de\/wp-json\/wp\/v2\/product\/132549\/revisions"}],"wp:featuredmedia":[{"embeddable":true,"href":"https:\/\/www.budream.com\/de\/wp-json\/wp\/v2\/media\/132543"}],"wp:attachment":[{"href":"https:\/\/www.budream.com\/de\/wp-json\/wp\/v2\/media?parent=132549"}],"wp:term":[{"taxonomy":"product_brand","embeddable":true,"href":"https:\/\/www.budream.com\/de\/wp-json\/wp\/v2\/product_brand?post=132549"},{"taxonomy":"product_cat","embeddable":true,"href":"https:\/\/www.budream.com\/de\/wp-json\/wp\/v2\/product_cat?post=132549"},{"taxonomy":"product_tag","embeddable":true,"href":"https:\/\/www.budream.com\/de\/wp-json\/wp\/v2\/product_tag?post=132549"}],"curies":[{"name":"wp","href":"https:\/\/api.w.org\/{rel}","templated":true}]}}