{"id":132594,"date":"2025-07-31T00:32:04","date_gmt":"2025-07-30T22:32:04","guid":{"rendered":"https:\/\/www.budream.com\/shop\/ccell-m3-batterie-mit-510-350-mah-anschluss\/"},"modified":"2026-03-24T18:44:15","modified_gmt":"2026-03-24T16:44:15","slug":"ccell-m3-batterie-mit-510-350-mah-anschluss","status":"publish","type":"product","link":"https:\/\/www.budream.com\/de\/shop\/ccell-m3-batterie-mit-510-350-mah-anschluss\/","title":{"rendered":"CCELL &#8211; M3 BATTERIE MIT 510 | 350 mAh ANSCHLUSS"},"content":{"rendered":"<p>Das stiftf\u00f6rmige Design macht den <strong>M3-Akku<\/strong> praktisch f\u00fcr den Transport. Sein Geh\u00e4use ist aus Edelstahl und das Aufladen erfolgt \u00fcber den mitgelieferten 510\/USB-Anschluss. <strong>Die Aktivierung des Widerstands durch Inhalation<\/strong>, die <strong>selbstanpassende<\/strong> optimale Temperatureinstellung und das knopflose Design machen den M3 perfekt f\u00fcr jede Patrone und einfach zu bedienen.<\/p>\n<p>Durch umfangreiche Tests haben die CCELL-Ingenieure endlich die perfekte Balance zwischen hoher Leistung und kompaktem Design erreicht. W\u00e4hrend die hohe Abgaberate f\u00fcr eine gro\u00dfz\u00fcgige Dampfmenge sorgt, gew\u00e4hrleistet die Handheld-Gr\u00f6\u00dfe die bestm\u00f6gliche Diskretion.<\/p>\n<h2><span style=\"text-decoration: underline\"><strong>Technische Daten CCELL M3 510 Gewinde Batterie:<\/strong><br \/><\/span><\/h2>\n<ul style=\"list-style-type: disc\">\n<li>Geh\u00e4use aus rostfreiem Stahl<\/li>\n<li>Knopfloses Design<\/li>\n<li>Batteriekapazit\u00e4t: 350 mAh<\/li>\n<li>Abmessungen: &Oslash; 10,5 &times; h7,6cm<\/li>\n<li>Standard 510er Anschluss<\/li>\n<li>Inhalieren aktiviert<\/li>\n<li>Integrierte LED-Anzeige<\/li>\n<li>Inklusive USB-Ladeadapter<\/li>\n<li>CE-gekennzeichnet<\/li>\n<li>Verpackung und Anleitung auf Italienisch<\/li>\n<\/ul>\n","protected":false},"excerpt":{"rendered":"<p>Das stiftf\u00f6rmige Design macht den M3-Akku praktisch f\u00fcr den Transport. Sein Geh\u00e4use ist aus Edelstahl und das Aufladen erfolgt \u00fcber<\/p>\n","protected":false},"featured_media":132558,"comment_status":"open","ping_status":"closed","template":"","meta":[],"product_brand":[],"product_cat":[7907],"product_tag":[],"class_list":{"0":"post-132594","1":"product","2":"type-product","3":"status-publish","4":"has-post-thumbnail","6":"product_cat-verdampfer","8":"first","9":"instock","10":"sale","11":"taxable","12":"shipping-taxable","13":"purchasable","14":"product-type-simple"},"_links":{"self":[{"href":"https:\/\/www.budream.com\/de\/wp-json\/wp\/v2\/product\/132594","targetHints":{"allow":["GET"]}}],"collection":[{"href":"https:\/\/www.budream.com\/de\/wp-json\/wp\/v2\/product"}],"about":[{"href":"https:\/\/www.budream.com\/de\/wp-json\/wp\/v2\/types\/product"}],"replies":[{"embeddable":true,"href":"https:\/\/www.budream.com\/de\/wp-json\/wp\/v2\/comments?post=132594"}],"version-history":[{"count":0,"href":"https:\/\/www.budream.com\/de\/wp-json\/wp\/v2\/product\/132594\/revisions"}],"wp:featuredmedia":[{"embeddable":true,"href":"https:\/\/www.budream.com\/de\/wp-json\/wp\/v2\/media\/132558"}],"wp:attachment":[{"href":"https:\/\/www.budream.com\/de\/wp-json\/wp\/v2\/media?parent=132594"}],"wp:term":[{"taxonomy":"product_brand","embeddable":true,"href":"https:\/\/www.budream.com\/de\/wp-json\/wp\/v2\/product_brand?post=132594"},{"taxonomy":"product_cat","embeddable":true,"href":"https:\/\/www.budream.com\/de\/wp-json\/wp\/v2\/product_cat?post=132594"},{"taxonomy":"product_tag","embeddable":true,"href":"https:\/\/www.budream.com\/de\/wp-json\/wp\/v2\/product_tag?post=132594"}],"curies":[{"name":"wp","href":"https:\/\/api.w.org\/{rel}","templated":true}]}}