{"id":132614,"date":"2025-07-31T00:32:34","date_gmt":"2025-07-30T22:32:34","guid":{"rendered":"https:\/\/www.budream.com\/shop\/ortoled-pulleys-pulleys-max-68kg\/"},"modified":"2026-03-30T09:52:11","modified_gmt":"2026-03-30T07:52:11","slug":"ortoled-pulleys-pulleys-max-68kg","status":"publish","type":"product","link":"https:\/\/www.budream.com\/de\/shop\/ortoled-pulleys-pulleys-max-68kg\/","title":{"rendered":"ORTOLED &#8211; PULLEYS PULLEYS | Max 68Kg"},"content":{"rendered":"<h2><strong>Der einfachste Weg, um Lampen und Zubeh\u00f6r in Ihrer Growbox aufzuh\u00e4ngen.<\/p>\n<p><\/strong><\/h2>\n<ul style=\"list-style-type: disc\">\n<li>Karabinerclips halten Lichter und anderes Zubeh\u00f6r sicher fest.<\/li>\n<li>Satz mit 2 Umlenkrollen<\/li>\n<\/ul>\n<p>Mit den <strong>Ortoled Pulleys<\/strong> k\u00f6nnen Sie Ihre Grow-Lampen fast \u00fcberall aufh\u00e4ngen! Die Karabinerhaken haben einen federbelasteten Verschluss, der Ihre Lampen sicher h\u00e4lt, ohne dass sie verrutschen k\u00f6nnen. Und ein verschiebbares Clipsystem erm\u00f6glicht es Ihnen, die H\u00f6he Ihrer Lampen an die H\u00f6he Ihrer Pflanzen anzupassen.<\/p>\n<h3><span style=\"text-decoration: underline\"><strong><br \/>Ortoled Pulleys Spezifikationen:<br \/><\/strong><\/span><\/h3>\n<ul style=\"list-style-type: disc\">\n<li>Nylonseil mit Karabinerhaken aus Edelstahl<\/li>\n<li><strong>Maximale L\u00e4nge:<\/strong> 160cm<\/li>\n<li><strong>Maximales Gewicht:<\/strong> 68kg<\/li>\n<\/ul>\n<div id=\"isChromeWebToolbarDiv\"><\/div>\n","protected":false},"excerpt":{"rendered":"<p>Der einfachste Weg, um Lampen und Zubeh\u00f6r in Ihrer Growbox aufzuh\u00e4ngen. Karabinerclips halten Lichter und anderes Zubeh\u00f6r sicher fest. Satz<\/p>\n","protected":false},"featured_media":132598,"comment_status":"open","ping_status":"closed","template":"","meta":[],"product_brand":[],"product_cat":[7938],"product_tag":[],"class_list":{"0":"post-132614","1":"product","2":"type-product","3":"status-publish","4":"has-post-thumbnail","6":"product_cat-led-lampe","8":"first","9":"instock","10":"sale","11":"taxable","12":"shipping-taxable","13":"purchasable","14":"product-type-simple"},"_links":{"self":[{"href":"https:\/\/www.budream.com\/de\/wp-json\/wp\/v2\/product\/132614","targetHints":{"allow":["GET"]}}],"collection":[{"href":"https:\/\/www.budream.com\/de\/wp-json\/wp\/v2\/product"}],"about":[{"href":"https:\/\/www.budream.com\/de\/wp-json\/wp\/v2\/types\/product"}],"replies":[{"embeddable":true,"href":"https:\/\/www.budream.com\/de\/wp-json\/wp\/v2\/comments?post=132614"}],"version-history":[{"count":0,"href":"https:\/\/www.budream.com\/de\/wp-json\/wp\/v2\/product\/132614\/revisions"}],"wp:featuredmedia":[{"embeddable":true,"href":"https:\/\/www.budream.com\/de\/wp-json\/wp\/v2\/media\/132598"}],"wp:attachment":[{"href":"https:\/\/www.budream.com\/de\/wp-json\/wp\/v2\/media?parent=132614"}],"wp:term":[{"taxonomy":"product_brand","embeddable":true,"href":"https:\/\/www.budream.com\/de\/wp-json\/wp\/v2\/product_brand?post=132614"},{"taxonomy":"product_cat","embeddable":true,"href":"https:\/\/www.budream.com\/de\/wp-json\/wp\/v2\/product_cat?post=132614"},{"taxonomy":"product_tag","embeddable":true,"href":"https:\/\/www.budream.com\/de\/wp-json\/wp\/v2\/product_tag?post=132614"}],"curies":[{"name":"wp","href":"https:\/\/api.w.org\/{rel}","templated":true}]}}