{"id":132644,"date":"2025-07-31T00:33:05","date_gmt":"2025-07-30T22:33:05","guid":{"rendered":"https:\/\/www.budream.com\/shop\/magische-butter-silikon-bonbonform-21up-8ml-2-tabletts\/"},"modified":"2025-10-14T20:41:34","modified_gmt":"2025-10-14T18:41:34","slug":"magische-butter-silikon-bonbonform-21up-8ml-2-tabletts","status":"publish","type":"product","link":"https:\/\/www.budream.com\/de\/shop\/magische-butter-silikon-bonbonform-21up-8ml-2-tabletts\/","title":{"rendered":"MAGISCHE BUTTER &#8211; SILIKON BONBONFORM 21UP | 8ML 2 TABLETTS"},"content":{"rendered":"<p><strong>Die 21UP-Silikonformen<\/strong> sind perfekt f\u00fcr Hartkaramellen, aromatisierte Gummibonbons, Kautabletten, Schokolade und sogar Leckerlis f\u00fcr Haustiere! Jede runde Form ist mit dem Magical &#8217;21UP&#8216;-Logo graviert, damit sie f\u00fcr den Konsum durch Erwachsene leichter zu erkennen ist.<\/p>\n<p><strong>Jedes 21UP Magical Gummy Tablett kann 15 St\u00fcck pro Tablett produzieren, also 30 St\u00fcck insgesamt!<\/strong><\/p>\n<p>Jedes St\u00fcck hat eine Gr\u00f6\u00dfe von <strong>8 <\/strong><strong>ml<\/strong>, perfekt zum Dosieren, und besteht aus 100% lebensmittelechtem Silikon. Beide Magical 21UP-Gummischalen werden mit einem Deckel geliefert, um die Silikonh\u00fclle in einen Beh\u00e4lter zu verwandeln und die Frische zu bewahren.<\/p>\n<p>BPA-freies lebensmittelechtes Silikon.<\/p>\n<h2><span style=\"text-decoration: underline\"><strong>Eigenschaften Magical Butter Bonbonform:<\/strong><\/span><\/h2>\n<ul style=\"list-style-type: disc\">\n<li>Leicht zu reinigen, sp\u00fclmaschinenfest<\/li>\n<li>Flecken- und geruchsresistent<\/li>\n<li>Ungiftig, flexibel, langlebig<\/li>\n<li>Die klare 21UP-Markierung sch\u00fctzt Eltern und Kinder<\/li>\n<\/ul>\n<p><\/p>\n<h2><span style=\"text-decoration: underline\"><strong>Spezifikationen Magische Butter Bonbonform:<\/strong><\/span><\/h2>\n<ul style=\"list-style-type: disc\">\n<li>Gewicht: 520 g<\/li>\n<li>Breite: 14 cm<\/li>\n<li>L\u00e4nge: 20 cm<\/li>\n<li>Tiefe: 2,8 cm<\/li>\n<\/ul>\n<p><strong>Rezepte<\/strong><br \/>Magical Butter hat Hunderte von Rezepten auf seiner Website und seinem YouTube-Kanal! Grundrezepte f\u00fcr Buttersorten, \u00d6le, Tinkturen und vieles mehr! Sie k\u00f6nnen ein Rezept f\u00fcr jede Gelegenheit finden: Suppen und Salatdressings, So\u00dfen und Aufstriche, S\u00fc\u00dfigkeiten und Desserts, So\u00dfen und vieles mehr! Zu jedem Rezept gibt es eine leicht verst\u00e4ndliche Schritt-f\u00fcr-Schritt-Anleitung und ein Video zum Nachmachen.<\/p>\n","protected":false},"excerpt":{"rendered":"<p>Die 21UP-Silikonformen sind perfekt f\u00fcr Hartkaramellen, aromatisierte Gummibonbons, Kautabletten, Schokolade und sogar Leckerlis f\u00fcr Haustiere! Jede runde Form ist mit<\/p>\n","protected":false},"featured_media":132618,"comment_status":"open","ping_status":"closed","template":"","meta":[],"product_brand":[],"product_cat":[7947],"product_tag":[],"class_list":{"0":"post-132644","1":"product","2":"type-product","3":"status-publish","4":"has-post-thumbnail","6":"product_cat-headshop-de","8":"first","9":"instock","10":"taxable","11":"shipping-taxable","12":"purchasable","13":"product-type-simple"},"_links":{"self":[{"href":"https:\/\/www.budream.com\/de\/wp-json\/wp\/v2\/product\/132644","targetHints":{"allow":["GET"]}}],"collection":[{"href":"https:\/\/www.budream.com\/de\/wp-json\/wp\/v2\/product"}],"about":[{"href":"https:\/\/www.budream.com\/de\/wp-json\/wp\/v2\/types\/product"}],"replies":[{"embeddable":true,"href":"https:\/\/www.budream.com\/de\/wp-json\/wp\/v2\/comments?post=132644"}],"version-history":[{"count":0,"href":"https:\/\/www.budream.com\/de\/wp-json\/wp\/v2\/product\/132644\/revisions"}],"wp:featuredmedia":[{"embeddable":true,"href":"https:\/\/www.budream.com\/de\/wp-json\/wp\/v2\/media\/132618"}],"wp:attachment":[{"href":"https:\/\/www.budream.com\/de\/wp-json\/wp\/v2\/media?parent=132644"}],"wp:term":[{"taxonomy":"product_brand","embeddable":true,"href":"https:\/\/www.budream.com\/de\/wp-json\/wp\/v2\/product_brand?post=132644"},{"taxonomy":"product_cat","embeddable":true,"href":"https:\/\/www.budream.com\/de\/wp-json\/wp\/v2\/product_cat?post=132644"},{"taxonomy":"product_tag","embeddable":true,"href":"https:\/\/www.budream.com\/de\/wp-json\/wp\/v2\/product_tag?post=132644"}],"curies":[{"name":"wp","href":"https:\/\/api.w.org\/{rel}","templated":true}]}}