{"id":132659,"date":"2025-07-31T00:33:45","date_gmt":"2025-07-30T22:33:45","guid":{"rendered":"https:\/\/www.budream.com\/shop\/ortoled-spot-20-led-cob-total-agro-20w-fuer-e27-lampenfassung\/"},"modified":"2026-03-20T13:56:17","modified_gmt":"2026-03-20T11:56:17","slug":"ortoled-spot-20-led-cob-total-agro-20w-fuer-e27-lampenfassung","status":"publish","type":"product","link":"https:\/\/www.budream.com\/de\/shop\/ortoled-spot-20-led-cob-total-agro-20w-fuer-e27-lampenfassung\/","title":{"rendered":"ORTOLED &#8211; SPOT 20 LED COB TOTAL AGRO | 20W F\u00dcR E27 LAMPENFASSUNG"},"content":{"rendered":"<p><strong>ORTOLED SPOT 20<\/strong> ist die neue 20W-Lampe f\u00fcr die Innenbeleuchtung mit COB <strong>EPI&reg; <\/strong>LED-Technologie <strong>, einem <\/strong>Chip, der ausschlie\u00dflich f\u00fcr den Anbau von Blumen und Pflanzen entwickelt und hergestellt wird.<\/p>\n<p>Dank der <strong>SPOT 20<\/strong> Lampe ist es m\u00f6glich, Pflanzen auch in Bereichen zu beleuchten, die durch \u00c4ste und Laub abgeschirmt sind.<br \/>Besonders geeignet f\u00fcr den Anbau von Orchideen, Chilis, Basilikum, Salat, Kr\u00e4utern, Tomaten, Paprika usw.<\/p>\n<p>Es wird empfohlen, sie in Kombination mit Ortoled-Beleuchtungssystemen zu verwenden, indem die Lampe an der Seite oder im unteren Teil des Zuchtraums platziert wird, um die Beleuchtungsst\u00e4rke in Bereichen zu erh\u00f6hen, in denen das Hauptlicht normalerweise durch Bl\u00e4tter und Zweige abgeschirmt wird.<\/p>\n<p>Die SPOT 20-Lampe eignet sich auch zur Erg\u00e4nzung des nat\u00fcrlichen Lichts in den Abendstunden, um das Wachstum von Gem\u00fcse oder Pflanzen, die in h\u00e4uslicher Umgebung angebaut werden, zu f\u00f6rdern.<\/p>\n<p>Das Spektrum von <strong>Total Agro<\/strong> ist reich an Wei\u00df-, Rot- und Oranget\u00f6nen.<\/p>\n<p>Dank der Ortoled-Technologie und dem COB <strong>EPI&reg;-Chip<\/strong> ist es m\u00f6glich, den Strom optimal zu nutzen und eine perfekte Synthese aus Energieeinsparung und Leistung zu garantieren.<br \/>Es wird empfohlen, die Lampe zwischen 50 und 80 cm von den Pflanzen entfernt zu platzieren.<\/p>\n<ul style=\"list-style-type: disc\">\n<li>Gebaut f\u00fcr die Innenbeleuchtung<\/li>\n<li>Stellen Sie die Lampe in einer trockenen und gut bel\u00fcfteten Umgebung auf.<\/li>\n<li>Schalten Sie die Lampe nach dem Gebrauch aus.<\/li>\n<li>Ber\u00fchren Sie die Unterseite der Lampe nicht mit Ihren Fingern<\/li>\n<li>Nicht in der N\u00e4he von W\u00e4rmequellen aufstellen<\/li>\n<li>Legen Sie die Lampe nicht in das direkte Licht von Menschen, sch\u00fctzen Sie Ihre Augen<\/li>\n<li>\u00d6ffnen Sie niemals die Lampe<\/li>\n<\/ul>\n<h2 style=\"text-align: left\"><strong><br \/><span style=\"text-decoration: underline\">Technische Daten Ortoled Spot 20:<\/span><br \/><\/strong><\/h2>\n<ul style=\"list-style-type: disc\">\n<li style=\"text-align: left\">LED 20W&plusmn;5%<\/li>\n<li style=\"text-align: left\">Spannung 220-240V 50\/60Hz<\/li>\n<li style=\"text-align: left\">E27-Fassung<\/li>\n<li style=\"text-align: left\">PPF 24 &mu;mol\/s<\/li>\n<li style=\"text-align: left\">Integriertes 3000K Vollspektrum-Wachstum\/Flutung<\/li>\n<li style=\"text-align: left\">Linsenwinkel 30&deg;<\/li>\n<li style=\"text-align: left\">Abmessungen 98&#215;128(mm)<\/li>\n<li style=\"text-align: left\">Gewicht 190g<\/li>\n<li style=\"text-align: left\">Arbeitstemperaturbereich 20~40\u2103<\/li>\n<li style=\"text-align: left\">Luftfeuchtigkeit 65%<\/li>\n<li style=\"text-align: left\">Lebensdauer 50 Tausend Stunden<\/li>\n<\/ul>\n<p><strong>Oberfl\u00e4chenabdeckung 30&#215;30 cm oder seitliche Integration<\/strong><\/p>\n<p>CE, ROHS zertifiziert<br \/>LAMPENFASSUNG E27<\/p>\n<div><\/div>\n","protected":false},"excerpt":{"rendered":"<p>ORTOLED SPOT 20 ist die neue 20W-Lampe f\u00fcr die Innenbeleuchtung mit COB EPI&reg; LED-Technologie , einem Chip, der ausschlie\u00dflich f\u00fcr<\/p>\n","protected":false},"featured_media":132648,"comment_status":"open","ping_status":"closed","template":"","meta":[],"product_brand":[],"product_cat":[7938],"product_tag":[],"class_list":{"0":"post-132659","1":"product","2":"type-product","3":"status-publish","4":"has-post-thumbnail","6":"product_cat-led-lampe","8":"first","9":"instock","10":"taxable","11":"shipping-taxable","12":"purchasable","13":"product-type-simple"},"_links":{"self":[{"href":"https:\/\/www.budream.com\/de\/wp-json\/wp\/v2\/product\/132659","targetHints":{"allow":["GET"]}}],"collection":[{"href":"https:\/\/www.budream.com\/de\/wp-json\/wp\/v2\/product"}],"about":[{"href":"https:\/\/www.budream.com\/de\/wp-json\/wp\/v2\/types\/product"}],"replies":[{"embeddable":true,"href":"https:\/\/www.budream.com\/de\/wp-json\/wp\/v2\/comments?post=132659"}],"version-history":[{"count":0,"href":"https:\/\/www.budream.com\/de\/wp-json\/wp\/v2\/product\/132659\/revisions"}],"wp:featuredmedia":[{"embeddable":true,"href":"https:\/\/www.budream.com\/de\/wp-json\/wp\/v2\/media\/132648"}],"wp:attachment":[{"href":"https:\/\/www.budream.com\/de\/wp-json\/wp\/v2\/media?parent=132659"}],"wp:term":[{"taxonomy":"product_brand","embeddable":true,"href":"https:\/\/www.budream.com\/de\/wp-json\/wp\/v2\/product_brand?post=132659"},{"taxonomy":"product_cat","embeddable":true,"href":"https:\/\/www.budream.com\/de\/wp-json\/wp\/v2\/product_cat?post=132659"},{"taxonomy":"product_tag","embeddable":true,"href":"https:\/\/www.budream.com\/de\/wp-json\/wp\/v2\/product_tag?post=132659"}],"curies":[{"name":"wp","href":"https:\/\/api.w.org\/{rel}","templated":true}]}}