{"id":132739,"date":"2025-07-31T00:36:22","date_gmt":"2025-07-30T22:36:22","guid":{"rendered":"https:\/\/www.budream.com\/shop\/storzbickel-venty-tragbarer-verdampfer\/"},"modified":"2026-03-10T16:20:02","modified_gmt":"2026-03-10T14:20:02","slug":"storzbickel-venty-tragbarer-verdampfer","status":"publish","type":"product","link":"https:\/\/www.budream.com\/de\/shop\/storzbickel-venty-tragbarer-verdampfer\/","title":{"rendered":"STORZ&amp;BICKEL &#8211; VENTY | TRAGBARER VERDAMPFER"},"content":{"rendered":"<p>Der StorZ&amp;Bickel <strong>VENTY<\/strong> ist ihr schnellstes Ger\u00e4t und der erste Verdampfer seiner Art mit einstellbarer Luftabsaugung. Obwohl es sich um ein tragbares Ger\u00e4t handelt, bietet es eine hohe Effizienz und ben\u00f6tigt nur 20 Sekunden zum Aufw\u00e4rmen, w\u00e4hrend es bei voller Leistung erstaunliche 20 Liter\/Minute an Luftabsaugung liefert. Wenn Sie auf der Suche nach einem vielseitig einsetzbaren S&amp;B sind, ist der VENTY genau das Richtige f\u00fcr Sie!<\/p>\n<p> Der <strong>VENTY<\/strong> verf\u00fcgt \u00fcber eine einstellbare Luftabsaugung, die es Ihnen erm\u00f6glicht, die f\u00fcr Sie richtige Stelle zu finden. Auf der h\u00f6chsten Stufe erreicht die Luftabsaugung den wirklich beeindruckenden Wert von 20 Litern\/Minute! Das ist der h\u00f6chste Luftdurchsatz, der in einem tragbaren Verdampfer von S&amp;B angeboten wird. Dar\u00fcber hinaus verf\u00fcgt der VENTY \u00fcber einen Flowmeter, der den Unterdruck misst, der beim Inhalieren entsteht, und die Heizung dynamisch an Ihren Shot anpasst. Das bedeutet, dass Sie unabh\u00e4ngig von der Intensit\u00e4t Ihrer Inhalation exzellente und gleichbleibende Ergebnisse erzielen werden. Machen Sie sich bereit f\u00fcr den freien und ungez\u00fcgelten Fluss einer frischen und leckeren Dampfwolke!<\/p>\n<h3><strong><br \/>Bereit, wenn Sie es sind<br \/><\/strong><\/h3>\n<p>Am beeindruckendsten ist die schnelle Aufheizzeit des VENTY. Dank der leistungsstarken Batterien, der innovativen Heiztechnologie und dem cleveren Software-Design ist der VENTY in nur ~20 Sekunden aufgeheizt. VENTY ist derzeit der schnellste S&amp;B Verdampfer und ist immer einsatzbereit, wann immer Sie es w\u00fcnschen.<\/p>\n<h3><strong><br \/>Immer frischer Dampf<\/strong><\/h3>\n<p>Die S&amp;B Ingenieure haben ihr Bestes gegeben und den VENTY mit einer wirklich effizienten K\u00fchlung ausgestattet. Um einen so hohen Luftstrom zu erm\u00f6glichen, ist eine K\u00fchleinheit erforderlich, die den Dampf k\u00fchlt, bevor Du ihn inhalierst. Dieser Prozess findet auf zwei Ebenen innerhalb der K\u00fchleinheit statt, um den Weg des Dampfes zu verl\u00e4ngern. Ein doppelt beschichtetes Geh\u00e4use erm\u00f6glicht den Kontakt mit der K\u00fchleinheit trotz der hohen Temperaturen. Im Inneren der Cooling Unit befindet sich ein zus\u00e4tzlicher Filter, der eine maximale Filterung garantiert und f\u00fcr ein angenehmes Inhalationserlebnis sorgt.<\/p>\n<h3><strong><br \/>Un\u00fcbertroffenes Rennpferd.<br \/><\/strong><\/h3>\n<p>Machen Sie sich bereit f\u00fcr die un\u00fcbertroffene Leistung von VENTY . Ausgestattet mit zwei 18650 Lithium-Ionen-Akkus und einer maximalen Leistungsaufnahme von 130 W bei 16 Ampere ist VENTY ein wahres Kraftpaket, das eine unvergleichliche Leistung und Ausdauer bietet.<\/p>\n<h3><strong><br \/>\u00dcberlegene Qualit\u00e4t, wie immer<br \/><\/strong><\/h3>\n<p>Qualit\u00e4t ist das Markenzeichen von S&amp;B, und der VENTY ist da keine Ausnahme. VENTY wird nach anspruchsvollen Standards hergestellt und garantiert h\u00f6chste Qualit\u00e4t und Leistung. Alle Materialien sind lebensmittelecht, hitzebest\u00e4ndig und nicht w\u00e4rmeleitend, um die hohe Leistung des Ger\u00e4ts zu gew\u00e4hrleisten und das Benutzererlebnis zu optimieren. Sie k\u00f6nnen sicher sein: VENTY ist nach UL (8139) und IEC 60335-1 zugelassen und wurde umfangreichen Tests unterzogen, um seine Sicherheit zu gew\u00e4hrleisten.<\/p>\n<h3><strong>Absoluter Komfort<\/strong><\/h3>\n<p>Mit der ma\u00dfgeschneiderten App haben Sie immer alles unter Kontrolle. Durch die Verbindung \u00fcber Bluetooth&reg; k\u00f6nnen Sie verschiedene VENTY-Einstellungen vornehmen, wie z. B. voreingestellte Booster-Temperaturen, Helligkeit der Anzeige, Vibrationseinstellungen, ECO-Lademodus zur Maximierung der Akkulaufzeit und vieles mehr! Nutzen Sie einfach Ihr Smartphone und passen Sie VENTY an Ihren pers\u00f6nlichen Geschmack an.<\/p>\n<h2><strong><span style=\"text-decoration: underline\"><br \/>Eigenschaften Venty Storz &amp; Bickel:<\/span><\/strong><\/h2>\n<ul style=\"list-style-type: disc\">\n<li>Einstellbarer Luftstrom bis zu 20 Liter\/Minute<\/li>\n<li>Schnelles Aufheizen in nur 20 Sekunden!<\/li>\n<li>Mit unserer neu entwickelten Mini-Konvektions- und Konduktionsheizung = kein Verbrennen, nur gro\u00dfe, leckere Dampfwolken.<\/li>\n<li>Pr\u00e4zise einstellbare Temperatur am Ger\u00e4t, von 40&deg;C bis 210&deg;C.<\/li>\n<li>USB-C-Ladung, einschlie\u00dflich Super-Charge-Funktion: 80% Ladung in 40 Minuten. *<\/li>\n<li>Bluetooth-Konnektivit\u00e4t und Web-App-Steuerung<\/li>\n<li>Integrierter Temperatur-Booster und Super-Booster f\u00fcr maximalen Komfort<\/li>\n<li>2 leistungsstarke Lithium-Ionen-Akkus<\/li>\n<li>UL-zertifiziert<\/li>\n<li>2 Jahre Garantie + 1 Jahr im Falle einer Registrierung<\/li>\n<\/ul>\n<p><em><br \/>*Erfordert +15V bis 3A Stromversorgung, z.B. <a rel=\"nofollow\" href=\"https:\/\/www.indoorline.com\/storz-e-bickel\/p154\/storz-amp-bickel-supercharger-for-mighty-usb-c.html\">Supercharger<\/a>.<\/em><\/p>\n<p><strong>Enth\u00e4lt:<\/strong><br \/>1 Stk. VENTY 1 Stk. USB-C-Kabel (USB-Typ-C auf USB-Typ-C-Buchse)<br \/>2 Stk. Standard-Filter, klein<br \/>3 Stk. Grobfilter, klein<br \/>2 Stk. Filter f\u00fcr die K\u00fchleinheit<br \/>2 Stk. O-Ring &Oslash; 9&#215;1,5 mm<br \/>1 Stk. Werkzeuge f\u00fcr Beh\u00e4lter<br \/>1 Stk. Reinigungsb\u00fcrste<br \/>1 Stck. Gebrauchsanweisung<\/p>\n<h2><strong><span style=\"text-decoration: underline\">Technische Daten Venty Storz &amp; Bickel:<\/span><\/strong><\/h2>\n<ul style=\"list-style-type: disc\">\n<li><strong>Temperaturbereich:<\/strong> 40 &deg;C &#8211; 210 &deg;C (104 &deg;F &#8211; 410 &deg;F)<\/li>\n<li><strong>Heizprinzip:<\/strong> Mini-Konvektionsheizung &amp; Konduktion im neuen Design<\/li>\n<li><strong>Breite:<\/strong> 5,5 cm<\/li>\n<li><strong>H\u00f6he:<\/strong> 15,7 cm<\/li>\n<li><strong>Tiefe:<\/strong> 3,7 cm<\/li>\n<li><strong>Gewicht:<\/strong> 252 g<\/li>\n<\/ul>\n<div class=\"pagebuilder-column-line\" data-content-type=\"column-line\" data-element=\"main\" data-pb-style=\"K5KPQJU\">\n<div class=\"pagebuilder-column\" data-content-type=\"column\" data-appearance=\"full-height\" data-background-images=\"{}\" data-element=\"main\" data-pb-style=\"Q2MI51R\">\n<figure data-content-type=\"image\" data-appearance=\"full-width\" data-element=\"main\" data-pb-style=\"LM3WEAS\"><img decoding=\"async\" class=\"pagebuilder-mobile-hidden\" title=\"S&amp;B VENTY Vaporizer: Patented convection and conduction mini-heater\" src=\"https:\/\/www.storz-bickel.com\/media\/wysiwyg\/shot2_venty_heating-desktop.jpg\" alt=\"Cross-section of STORZ &amp; BICKEL VENTY Vaporizer shows color-coded mini-heater, two lithium-ion batteries, and display\" data-element=\"desktop_image\" data-pb-style=\"FT3VOQU\" \/><\/figure>\n<\/div>\n<div class=\"pagebuilder-column\" data-content-type=\"column\" data-appearance=\"align-center\" data-background-images=\"{}\" data-element=\"main\" data-pb-style=\"H90WWAX\">\n<div data-content-type=\"text\" data-appearance=\"default\" data-element=\"main\" data-pb-style=\"PXSILSY\">\n<h3>Entdecken Sie die einzigartige Kraft<\/h3>\n<ul>\n<li>\n<p>Neue patentierte Mini-Heizung<br \/>\u279e Kombinierte Konduktions- und Konvektionstechnologie<\/p>\n<\/li>\n<li>\n<p>2 18650 Lithium-Ionen-Batterien<br \/>\u279e Max. 130 Watt bei 16 Ampere<\/p>\n<\/li>\n<li>\n<p>USB-C-Buchse und Schnellladefunktion<br \/>\u279e ~80% in 40 Minuten<\/p>\n<\/li>\n<\/ul>\n<\/div>\n<\/div>\n<div class=\"pagebuilder-column\" data-content-type=\"column\" data-appearance=\"full-height\" data-background-images=\"{}\" data-element=\"main\" data-pb-style=\"W179GOI\"><\/div>\n<\/div>\n<div class=\"pagebuilder-column-line\" data-content-type=\"column-line\" data-element=\"main\" data-pb-style=\"SEGL1BU\">\n<div class=\"pagebuilder-column\" data-content-type=\"column\" data-appearance=\"full-height\" data-background-images=\"{}\" data-element=\"main\" data-pb-style=\"DJA9UBN\"><\/div>\n<div class=\"pagebuilder-column\" data-content-type=\"column\" data-appearance=\"full-height\" data-background-images=\"{}\" data-element=\"main\" data-pb-style=\"VMQ4OIC\">\n<figure data-content-type=\"image\" data-appearance=\"full-width\" data-element=\"main\" data-pb-style=\"P48EPXA\"><img decoding=\"async\" class=\"pagebuilder-mobile-hidden\" title=\"STORZ &amp; BICKEL VENTY Vaporizer: Freely adjustable airflow of 0-20l\/min\" src=\"https:\/\/www.storz-bickel.com\/media\/wysiwyg\/shot1_venty_airflow_wheel-desktop.jpg\" alt=\"Cross-section of Cooling Unit of STORZ &amp; BICKEL VENTY Vaporizer showing animated freely adjustable airflow setting wheel\" data-element=\"desktop_image\" data-pb-style=\"XR6I0IU\" \/><\/figure>\n<\/div>\n<div class=\"pagebuilder-column\" data-content-type=\"column\" data-appearance=\"align-center\" data-background-images=\"{}\" data-element=\"main\" data-pb-style=\"RL8F56B\">\n<div data-content-type=\"text\" data-appearance=\"default\" data-element=\"main\" data-pb-style=\"SJYG8YD\">\n<h3><span id=\"LJ6AQQS\">Du bist dran &#8211; Folge deinem Fluss <\/span><\/h3>\n<ul>\n<li>Neu entwickelter Flowmeter<br \/>\u279e Misst den Unterdruck der Inhalation und passt die Erw\u00e4rmung dynamisch an den Biss an<\/li>\n<li>Der erste Verdampfer der Welt mit einstellbarer Luftstromeinstellung<br \/>\u279e 0-20 Liter pro Minute: Drehen Sie den Einstellknopf und finden Sie Ihren perfekten Flow<\/li>\n<\/ul>\n<\/div>\n<\/div>\n<div class=\"pagebuilder-column\" data-content-type=\"column\" data-appearance=\"full-height\" data-background-images=\"{}\" data-element=\"main\" data-pb-style=\"HSOMSW7\"><\/div>\n<\/div>\n<div class=\"pagebuilder-column-line\" data-content-type=\"column-line\" data-element=\"main\" data-pb-style=\"ME6RRHY\">\n<div class=\"pagebuilder-column\" data-content-type=\"column\" data-appearance=\"full-height\" data-background-images=\"{}\" data-element=\"main\" data-pb-style=\"P2CWJFT\"><\/div>\n<div class=\"pagebuilder-column\" data-content-type=\"column\" data-appearance=\"full-height\" data-background-images=\"{}\" data-element=\"main\" data-pb-style=\"XJ5YH89\">\n<figure data-content-type=\"image\" data-appearance=\"full-width\" data-element=\"main\" data-pb-style=\"MHQW45T\"><img decoding=\"async\" class=\"pagebuilder-mobile-hidden\" title=\"STORZ &amp; BICKEL VENTY: Smart control via Bluetooth and S&amp;B WebApp\" src=\"https:\/\/www.storz-bickel.com\/media\/wysiwyg\/shot4_venty_app-desktop.jpg\" alt=\"Front view of STORZ &amp; BICKEL VENTY Vaporizer in front of S&amp;B WebApp on Smartphone with temperature and booster settings\" data-element=\"desktop_image\" data-pb-style=\"PEGXKP0\" \/><\/figure>\n<\/div>\n<div class=\"pagebuilder-column\" data-content-type=\"column\" data-appearance=\"align-center\" data-background-images=\"{}\" data-element=\"main\" data-pb-style=\"Q1VAK8A\">\n<div data-content-type=\"text\" data-appearance=\"default\" data-element=\"main\" data-pb-style=\"B71OD2E\">\n<h3>Bequem in der App<\/h3>\n<p>Hervorgehobenes LC-Display und Tasten:<\/p>\n<ul>\n<li>Pr\u00e4zise Einstellung der Temperatur zwischen 40&deg;C &#8211; 210&deg;C (104&deg;F &#8211; 410&deg;F)<\/li>\n<li>Aktivieren Sie Booster und Superbooster (+15&deg;C \/ 27&deg;F) mit einem Doppelklick auf den Ein\/Aus-Schalter<\/li>\n<\/ul>\n<p>Passen Sie den VENTY dank Bluetooth&reg;-Konnektivit\u00e4t an Ihren pers\u00f6nlichen Geschmack an. Verwenden Sie die S&amp;B Web App zum:<\/p>\n<ul>\n<li>die Temperatur einzustellen<\/li>\n<li>Aktivieren Sie den ECO-Lademodus<\/li>\n<li>Zugang zu regelm\u00e4\u00dfigen Software-Updates und n\u00fctzlichen Informationen zu erhalten<\/li>\n<\/ul>\n<\/div>\n<\/div>\n<div class=\"pagebuilder-column\" data-content-type=\"column\" data-appearance=\"full-height\" data-background-images=\"{}\" data-element=\"main\" data-pb-style=\"QMSSXD8\"><\/div>\n<\/div>\n<div class=\"pagebuilder-column-line\" data-content-type=\"column-line\" data-element=\"main\" data-pb-style=\"K4D835J\">\n<div class=\"pagebuilder-column\" data-content-type=\"column\" data-appearance=\"full-height\" data-background-images=\"{}\" data-element=\"main\" data-pb-style=\"WPJEUT9\"><\/div>\n<div class=\"pagebuilder-column\" data-content-type=\"column\" data-appearance=\"full-height\" data-background-images=\"{}\" data-element=\"main\" data-pb-style=\"DMJGVQO\">\n<figure data-content-type=\"image\" data-appearance=\"full-width\" data-element=\"main\" data-pb-style=\"EJRT38O\"><img decoding=\"async\" class=\"pagebuilder-mobile-hidden\" title=\"Ceramic-coated Filling Chamber for pure taste and easy cleaning\" src=\"https:\/\/www.storz-bickel.com\/media\/wysiwyg\/shot3_venty_fuellkammer-desktop.jpg\" alt=\"Removed cooling unit of STORZ &amp; BICKEL VENTY with mouthpiece and open filling chamber with ceramic coating and seal ring\" data-element=\"desktop_image\" data-pb-style=\"R4KX2U0\" \/><\/figure>\n<\/div>\n<div class=\"pagebuilder-column\" data-content-type=\"column\" data-appearance=\"align-center\" data-background-images=\"{}\" data-element=\"main\" data-pb-style=\"WVN2DPQ\">\n<div data-content-type=\"text\" data-appearance=\"default\" data-element=\"main\" data-pb-style=\"G8N7OMK\">\n<h3>Hochwertiges Freisetzungspotenzial<\/h3>\n<ul>\n<li>Peek-Material in medizinischer Qualit\u00e4t<br \/>\u279e Sicher und widerstandsf\u00e4hig<\/li>\n<li>Beh\u00e4lter (1,4 cm&sup3;)<br \/>\u279eHarte Keramikbeschichtung<\/li>\n<li>Zertifizierter Verdampfer<br \/>\u279e In \u00dcbereinstimmung mit den Normen UL 8139 und IEC 60335-1<\/li>\n<\/ul>\n<\/div>\n<\/div>\n<div class=\"pagebuilder-column\" data-content-type=\"column\" data-appearance=\"full-height\" data-background-images=\"{}\" data-element=\"main\" data-pb-style=\"DGSIFIK\"><\/div>\n<\/div>\n<div class=\"pagebuilder-column-line\" data-content-type=\"column-line\" data-element=\"main\" data-pb-style=\"X5YAN6E\">\n<div class=\"pagebuilder-column\" data-content-type=\"column\" data-appearance=\"full-height\" data-background-images=\"{}\" data-element=\"main\" data-pb-style=\"MPVDISS\"><\/div>\n<div class=\"pagebuilder-column\" data-content-type=\"column\" data-appearance=\"full-height\" data-background-images=\"{}\" data-element=\"main\" data-pb-style=\"VCTS0P8\">\n<figure data-content-type=\"image\" data-appearance=\"full-width\" data-element=\"main\" data-pb-style=\"U8E89U6\"><img decoding=\"async\" class=\"pagebuilder-mobile-hidden\" title=\"VENTY Award winning vaporizer\" src=\"https:\/\/www.storz-bickel.com\/media\/wysiwyg\/Venty-Award-Desktop.jpg\" alt=\"Vaping360 and Emjays award logos\" data-element=\"desktop_image\" data-pb-style=\"SHCGA03\" \/><\/figure>\n<\/div>\n<\/div>\n","protected":false},"excerpt":{"rendered":"<p>Der StorZ&amp;Bickel VENTY ist ihr schnellstes Ger\u00e4t und der erste Verdampfer seiner Art mit einstellbarer Luftabsaugung. Obwohl es sich um<\/p>\n","protected":false},"featured_media":132663,"comment_status":"open","ping_status":"closed","template":"","meta":[],"product_brand":[],"product_cat":[7907],"product_tag":[],"class_list":{"0":"post-132739","1":"product","2":"type-product","3":"status-publish","4":"has-post-thumbnail","6":"product_cat-verdampfer","8":"first","9":"instock","10":"sale","11":"taxable","12":"shipping-taxable","13":"purchasable","14":"product-type-simple"},"aioseo_notices":[],"_links":{"self":[{"href":"https:\/\/www.budream.com\/de\/wp-json\/wp\/v2\/product\/132739","targetHints":{"allow":["GET"]}}],"collection":[{"href":"https:\/\/www.budream.com\/de\/wp-json\/wp\/v2\/product"}],"about":[{"href":"https:\/\/www.budream.com\/de\/wp-json\/wp\/v2\/types\/product"}],"replies":[{"embeddable":true,"href":"https:\/\/www.budream.com\/de\/wp-json\/wp\/v2\/comments?post=132739"}],"version-history":[{"count":0,"href":"https:\/\/www.budream.com\/de\/wp-json\/wp\/v2\/product\/132739\/revisions"}],"wp:featuredmedia":[{"embeddable":true,"href":"https:\/\/www.budream.com\/de\/wp-json\/wp\/v2\/media\/132663"}],"wp:attachment":[{"href":"https:\/\/www.budream.com\/de\/wp-json\/wp\/v2\/media?parent=132739"}],"wp:term":[{"taxonomy":"product_brand","embeddable":true,"href":"https:\/\/www.budream.com\/de\/wp-json\/wp\/v2\/product_brand?post=132739"},{"taxonomy":"product_cat","embeddable":true,"href":"https:\/\/www.budream.com\/de\/wp-json\/wp\/v2\/product_cat?post=132739"},{"taxonomy":"product_tag","embeddable":true,"href":"https:\/\/www.budream.com\/de\/wp-json\/wp\/v2\/product_tag?post=132739"}],"curies":[{"name":"wp","href":"https:\/\/api.w.org\/{rel}","templated":true}]}}