{"id":132784,"date":"2025-07-31T00:38:01","date_gmt":"2025-07-30T22:38:01","guid":{"rendered":"https:\/\/www.budream.com\/shop\/kannodol-tonmaske-mit-cbd-50ml\/"},"modified":"2025-12-19T12:19:34","modified_gmt":"2025-12-19T10:19:34","slug":"kannodol-tonmaske-mit-cbd-50ml","status":"publish","type":"product","link":"https:\/\/www.budream.com\/de\/shop\/kannodol-tonmaske-mit-cbd-50ml\/","title":{"rendered":"KANNODOL &#8211; TONMASKE MIT CBD | 50ml"},"content":{"rendered":"<p>Es hilft, die Haut zu reinigen, w\u00e4hrend es dank CBD auch entz\u00fcndungshemmende und antioxidative Vorteile bietet.<\/p>\n<p><em>CBD-Gehalt: 825 mg.<br \/><strong>THC-frei<\/strong><\/em><\/p>\n<h3><span style=\"text-decoration: underline\"><strong>Anwendung<\/strong><\/span><\/h3>\n<p>Morgens und\/oder abends nach der gro\u00dfz\u00fcgigen Reinigung der Haut auftragen und 15 Minuten einwirken lassen, anschlie\u00dfend mit lauwarmem Wasser absp\u00fclen.<\/p>\n<h3><span style=\"text-decoration: underline\"><strong>Eigenschaften<\/strong><\/span><\/h3>\n<p><span class=\"S1PPyQ\">Mit Cannabidiol angereicherte Tonmaske. Sanfte Massage, die absorbiert wird und CBD langsam \u00fcber die Haut freisetzt. CBD pflegt und sch\u00fctzt die Haut und hat antioxidative Eigenschaften.<br \/><\/span><\/p>\n<h3><span style=\"text-decoration: underline\"><strong><br \/>Inhaltsstoffe<\/strong><\/span><\/h3>\n<p><span class=\"S1PPyQ\">Wasser, Kaolin, Kokosnuss-Caprylat\/Caprat, Cetearylalkohol, Stearylalkohol, Cannabidiol, Bentonit, Tocopherylacetat, Natrium-Cetearylsulfat, Phenoxyethanol, Ethylhexylglycerin.<\/span><\/p>\n","protected":false},"excerpt":{"rendered":"<p>Es hilft, die Haut zu reinigen, w\u00e4hrend es dank CBD auch entz\u00fcndungshemmende und antioxidative Vorteile bietet. CBD-Gehalt: 825 mg.THC-frei Anwendung<\/p>\n","protected":false},"featured_media":132778,"comment_status":"open","ping_status":"closed","template":"","meta":[],"product_brand":[],"product_cat":[7912],"product_tag":[],"class_list":{"0":"post-132784","1":"product","2":"type-product","3":"status-publish","4":"has-post-thumbnail","6":"product_cat-kosmetik","8":"first","9":"instock","10":"taxable","11":"shipping-taxable","12":"purchasable","13":"product-type-simple"},"aioseo_notices":[],"_links":{"self":[{"href":"https:\/\/www.budream.com\/de\/wp-json\/wp\/v2\/product\/132784","targetHints":{"allow":["GET"]}}],"collection":[{"href":"https:\/\/www.budream.com\/de\/wp-json\/wp\/v2\/product"}],"about":[{"href":"https:\/\/www.budream.com\/de\/wp-json\/wp\/v2\/types\/product"}],"replies":[{"embeddable":true,"href":"https:\/\/www.budream.com\/de\/wp-json\/wp\/v2\/comments?post=132784"}],"version-history":[{"count":0,"href":"https:\/\/www.budream.com\/de\/wp-json\/wp\/v2\/product\/132784\/revisions"}],"wp:featuredmedia":[{"embeddable":true,"href":"https:\/\/www.budream.com\/de\/wp-json\/wp\/v2\/media\/132778"}],"wp:attachment":[{"href":"https:\/\/www.budream.com\/de\/wp-json\/wp\/v2\/media?parent=132784"}],"wp:term":[{"taxonomy":"product_brand","embeddable":true,"href":"https:\/\/www.budream.com\/de\/wp-json\/wp\/v2\/product_brand?post=132784"},{"taxonomy":"product_cat","embeddable":true,"href":"https:\/\/www.budream.com\/de\/wp-json\/wp\/v2\/product_cat?post=132784"},{"taxonomy":"product_tag","embeddable":true,"href":"https:\/\/www.budream.com\/de\/wp-json\/wp\/v2\/product_tag?post=132784"}],"curies":[{"name":"wp","href":"https:\/\/api.w.org\/{rel}","templated":true}]}}