{"id":132854,"date":"2025-07-31T00:38:38","date_gmt":"2025-07-30T22:38:38","guid":{"rendered":"https:\/\/www.budream.com\/shop\/flowermate-stylo-verdampfer\/"},"modified":"2026-04-20T14:20:39","modified_gmt":"2026-04-20T12:20:39","slug":"flowermate-stylo-verdampfer","status":"publish","type":"product","link":"https:\/\/www.budream.com\/de\/shop\/flowermate-stylo-verdampfer\/","title":{"rendered":"FLOWERMATE &#8211; STYLO | VERDAMPFER"},"content":{"rendered":"<p><strong>Flowermate pr\u00e4sentiert STYLO<\/strong>, die neueste Entwicklung in der tragbaren Aromatherapie-Technologie.<\/p>\n<p>Sie verf\u00fcgt \u00fcber zwei innovative, unabh\u00e4ngige und austauschbare Heizkammern, ein leistungsstarkes Mundst\u00fcck mit Magnetanschluss, einen farbenfrohen Bildschirm, einen <strong>einzigartigen Wasserbong-Adapter<\/strong>, ein robustes Aluminiumgeh\u00e4use und einen USB-C-Ladeanschluss.<\/p>\n<p>Der <strong>STYLO<\/strong> Verdampfer wird mit einem einzigartigen Wasserbong-Adapter geliefert, der ein nahtloses Erlebnis mit jeder Bong bietet.<\/p>\n<p><\/p>\n<h3><strong>PR\u00c4ZISE VAPING<\/strong><\/h3>\n<p>Isolierte und austauschbare Heizkammer<br \/>Voll funktionsf\u00e4hige Temperaturregelung<br \/>Taktile R\u00fcckmeldung<\/p>\n<h3><strong>ROBUSTES ALUMINIUMGEH\u00c4USE<\/strong><\/h3>\n<p>Integrierter 3000-mAh-Akku<br \/>Anpassbare Sitzungsdauer<\/p>\n<h3><strong>FARBIGER OLED-BILDSCHIRM<\/strong><\/h3>\n<p>Magnetisches Mundst\u00fcck<br \/>Typ-C-Ladeanschluss<\/p>\n<h2><span style=\"text-decoration: underline\"><strong><br \/>Merkmale Flowermate Stylo:<\/strong><\/span><\/h2>\n<ul style=\"list-style-type: disc\">\n<li>Pflanzliches Ger\u00e4t<\/li>\n<li>Abnehmbare Heizkapsel<\/li>\n<li>Farbiger OLED-Bildschirm<\/li>\n<li>Isolierte, austauschbare Heizkammer<\/li>\n<li>Voll funktionsf\u00e4hige Temperaturregelung<\/li>\n<li>Langlebige Aluminium-Konstruktion<\/li>\n<li>Taktile R\u00fcckmeldung<\/li>\n<li>Integrierter 3000-mAh-Akku<\/li>\n<li>Wird mit einem Wasserbong-Adapter geliefert<\/li>\n<\/ul>\n<h2><span style=\"text-decoration: underline\"><strong><br \/>Technische Daten Flowermate Stylo<\/strong>:<br \/><\/span><\/h2>\n<ul style=\"list-style-type: disc\">\n<li>Temperaturbereich 40&deg;C &#8211; 230&deg;C<\/li>\n<li>Sessions pro Ladung &#8211; 8-10 Sessions<\/li>\n<li>Sitzungsdauer &#8211; 360 Sekunden einstellbar<\/li>\n<li>Batteriekapazit\u00e4t &#8211; 3000 mAh<\/li>\n<li>Aufladezeit &#8211; 2-2,5 Stunden<\/li>\n<li>Ausgangsspannung &#8211; 7,3 V<\/li>\n<li>Abmessungen &#8211; 122,78 * 50,2 * 23,2 (mm)<\/li>\n<li>Nettogewicht &#8211; 155 g<\/li>\n<li>Werkstoff &#8211; Aluminium<\/li>\n<li>Ladeanschluss &#8211; USB-C Typ<\/li>\n<\/ul>\n","protected":false},"excerpt":{"rendered":"<p>Flowermate pr\u00e4sentiert STYLO, die neueste Entwicklung in der tragbaren Aromatherapie-Technologie. Sie verf\u00fcgt \u00fcber zwei innovative, unabh\u00e4ngige und austauschbare Heizkammern, ein<\/p>\n","protected":false},"featured_media":132788,"comment_status":"open","ping_status":"closed","template":"","meta":[],"product_brand":[],"product_cat":[7907],"product_tag":[],"class_list":{"0":"post-132854","1":"product","2":"type-product","3":"status-publish","4":"has-post-thumbnail","6":"product_cat-verdampfer","8":"first","9":"instock","10":"sale","11":"taxable","12":"shipping-taxable","13":"purchasable","14":"product-type-simple"},"_links":{"self":[{"href":"https:\/\/www.budream.com\/de\/wp-json\/wp\/v2\/product\/132854","targetHints":{"allow":["GET"]}}],"collection":[{"href":"https:\/\/www.budream.com\/de\/wp-json\/wp\/v2\/product"}],"about":[{"href":"https:\/\/www.budream.com\/de\/wp-json\/wp\/v2\/types\/product"}],"replies":[{"embeddable":true,"href":"https:\/\/www.budream.com\/de\/wp-json\/wp\/v2\/comments?post=132854"}],"version-history":[{"count":0,"href":"https:\/\/www.budream.com\/de\/wp-json\/wp\/v2\/product\/132854\/revisions"}],"wp:featuredmedia":[{"embeddable":true,"href":"https:\/\/www.budream.com\/de\/wp-json\/wp\/v2\/media\/132788"}],"wp:attachment":[{"href":"https:\/\/www.budream.com\/de\/wp-json\/wp\/v2\/media?parent=132854"}],"wp:term":[{"taxonomy":"product_brand","embeddable":true,"href":"https:\/\/www.budream.com\/de\/wp-json\/wp\/v2\/product_brand?post=132854"},{"taxonomy":"product_cat","embeddable":true,"href":"https:\/\/www.budream.com\/de\/wp-json\/wp\/v2\/product_cat?post=132854"},{"taxonomy":"product_tag","embeddable":true,"href":"https:\/\/www.budream.com\/de\/wp-json\/wp\/v2\/product_tag?post=132854"}],"curies":[{"name":"wp","href":"https:\/\/api.w.org\/{rel}","templated":true}]}}