{"id":132874,"date":"2025-07-31T00:39:18","date_gmt":"2025-07-30T22:39:18","guid":{"rendered":"https:\/\/www.budream.com\/shop\/ortoled-little-monster-quantum-board-full-cycle-dimmerable-100w-2-7%c2%b5mol-j\/"},"modified":"2026-03-23T16:19:25","modified_gmt":"2026-03-23T14:19:25","slug":"ortoled-little-monster-quantum-board-full-cycle-dimmerable-100w-2-7%c2%b5mol-j","status":"publish","type":"product","link":"https:\/\/www.budream.com\/de\/shop\/ortoled-little-monster-quantum-board-full-cycle-dimmerable-100w-2-7%c2%b5mol-j\/","title":{"rendered":"ORTOLED &#8211; LITTLE MONSTER QUANTUM BOARD FULL CYCLE DIMMERABLE | 100W 2.7\u00b5mol\/J"},"content":{"rendered":"<div style=\"text-align: left\">ORTOLED hat seinen Katalog um die neue <strong>Ortoled Little Monster Full Cycle 100W Dimmable 0-100% Honglitronic <\/strong>Lampe erweitert, die perfekt f\u00fcr begrenzte Anbaugebiete und quadratische Fl\u00e4chen ist. 0-100% dimmbare Lampe mit Steuereinheit zur Steuerung \u00fcber externe 0-10V Master und Slave Daisy Control \/ Unterst\u00fctzt jede 0-10V<strong><br \/><\/strong><\/div>\n<p>Die <strong>Ortoled Little Monster Full Cycle 100W Dimmbar 0-100% Honglitronic<\/strong> Lampe<strong> ist <\/strong> eine leichte und handliche Leuchte, die hohe <strong>PPF-Werte<\/strong> und eine photonische Effizienz von 2.7&micro;mol\/J <strong> und<span style=\"color: #000000\"> deckt perfekt 0,5-0,80 m2 Anbaufl\u00e4che ab.<\/span><\/p>\n<p><\/strong>Das <strong>Full Cycle Ortoled <\/strong>Lichtspektrum wird durch die Kombination von <strong>Honglitronic SMD2835<\/strong> LEDs <strong>* 320PCS<\/strong><br \/><strong>+ Honglitronic SMD3535 * 15PCS<\/strong> erzeugt wird, garantiert einen ausgezeichneten Ertrag und eine optimale Lichtdurchdringung ohne \u00dcberhitzung der Pflanzenspitzen.<\/p>\n<p>Die <strong>Ortoled Little Monster Full Cycle 100W <\/strong> Serie<strong> ist <\/strong> mit den hochwertigsten <strong>0-100% dimmbaren Juson LED-Treibern mit Drehregler<\/strong> ausgestattet <strong>.<\/strong><br \/>Die Honglitronic<strong> SMD2835<\/strong> <strong>* 320PCS <\/strong><strong>+ Honglitronic SMD3535 * 15PCS<\/strong> Dioden sind gleichm\u00e4\u00dfig \u00fcber den Lampenk\u00f6rper verteilt montiert, um eine optimale Verteilung und perfekte Ableitung der erzeugten W\u00e4rme zu gew\u00e4hrleisten.<\/p>\n<p>Die Schutzart ist IP65 mit utratransparentem Harz zum Schutz der Dioden, um den Lichtstrom zu erhalten.<\/p>\n<p><strong>Full Cycle Spectrum<br \/><\/strong>Die Kombination und F\u00e4rbung der installierten LEDs nimmt alle von der Pflanze ben\u00f6tigten Bereiche auf und garantiert einen optimalen Lichtfluss vom Wachstum bis zur Bl\u00fcte f\u00fcr kleine Fl\u00e4chen.<\/p>\n<p style=\"padding: 10px;background: #ebebeb\"><strong>LED-Verteilung Ortoled Full Cycle 60W Samsung<br \/><\/strong><br \/>-Honglitronic<strong>SMD2835 * 320PCS <\/strong><br \/>-Honglitronic<strong>SMD3535 * 15PCS<\/strong><\/p>\n<p><strong>Statisch gek\u00fchltes Armaturenbrett und Sound Zero System<br \/><\/strong>Das neue <strong>Sound Zero<\/strong> Armaturenbrett, das f\u00fcr die <strong>Ortoled Little Monster Full Cycle 100W <\/strong> Serie entwickelt wurde<strong>, sorgt f\u00fcr eine <\/strong>hervorragende Ableitung der von den LEDs erzeugten W\u00e4rme. Das bedeutet, dass die Lampe kein zus\u00e4tzliches K\u00fchlsystem ben\u00f6tigt. Dank des <strong>Sound-Zero-Systems<\/strong> ist das Ergebnis eine leistungsstarke und extrem leise Lampe, die ohne externe L\u00fcfter auskommt.<\/p>\n<h2><span style=\"text-decoration: underline\"><span class=\"insidetitle\"><strong>Technische Daten Ortoled Quantum Little Monster Board Full Cycle 100W:<\/strong><\/span><\/span><\/h2>\n<ul style=\"list-style-type: disc\">\n<li><strong>Wirkungsgrad:<\/strong><strong> 2,7 &micro;mol \/ J<\/strong><\/li>\n<li><span class=\"insidetitle\">Eingangsspannung:<\/span> AC 100-277V\/50-60HZ<\/li>\n<li><span class=\"insidetitle\">Leistungsaufnahme:<\/span> 100 W<\/li>\n<li><span style=\"color: #000000\"><span class=\"insidetitle\">Beleuchtbare Fl\u00e4che:<\/span> <strong>0,5-0,80 m2<\/strong><\/span><\/li>\n<li>Abstand zu Pflanzen: min.30 max.60 cm<\/li>\n<li><span class=\"insidetitle\">Lebensdauer:<\/span> 60.000 Stunden<\/li>\n<li><span class=\"insidetitle\">Lichtverteilung:<\/span> 120<\/li>\n<li><span class=\"insidetitle\">Leuchtmittel: Honglitronic<\/span><strong> SMD2835<\/strong> <strong>* 320PCS <\/strong><strong>+ Honglitronic SMD3535 * 15PCS<\/strong><\/li>\n<li><span class=\"insidetitle\">Gewicht:<\/span> 1,5kg<\/li>\n<li><span class=\"insidetitle\">Abmessungen:<\/span> 250x250x61 mm<\/li>\n<li><span class=\"insidetitle\">Spektrum:<\/span> Voller Zyklus 4000K+660nm<\/li>\n<\/ul>\n<p><strong>Artikel im Paket enthalten<\/strong><\/p>\n<ul style=\"list-style-type: disc\">\n<li>1x 100w Ortoled FC 100W<\/li>\n<li>1x 1,8m Stromkabel<\/li>\n<li>2x Einstellbares Aufh\u00e4ngungskabel<\/li>\n<li>1x Master und Slave Daisy Control Verbindungskabel Unterst\u00fctzt jeden externen 0-10V Controller<\/li>\n<li>2x Festes Aufh\u00e4ngekabel<\/li>\n<\/ul>\n<p class=\"p1\">\n<h2><span class=\"insidetitle\"><strong><span style=\"text-decoration: underline\">Hauptmerkmale Ortoled FULL CYCLE 100W 2.7 &micro;mol\/J <\/span><\/strong><\/span><\/h2>\n<ul style=\"list-style-type: disc\">\n<li>Hohe Effizienz 2,7 &micro;mol\/J<\/li>\n<li><i><strong>Juson&reg;<\/strong><\/i> LED-Treiber<i><strong> mit 0-100% einstellbarer Leistung<\/strong><\/i><\/li>\n<li>Schutzabdeckungstechnologie mit hochtransparentem Harz<\/li>\n<li>Volles Zyklusspektrum<\/li>\n<li>Master- und Slave-Daisy-Control-Verbindungsfunktion \/ Unterst\u00fctzt jeden externen 0-10V-Controller<\/li>\n<li>Verbesserte Lichtstreuung und Gleichm\u00e4\u00dfigkeit und <strong>Sound Zero<\/strong> System<\/li>\n<li><span style=\"color: #000000\">Kompaktes Design ideal f\u00fcr eine Anbaufl\u00e4che von bis zu <strong>0,5-0,80<\/strong><strong> m2 oder Wartung 1 m2<\/strong><\/span><\/li>\n<li>Einfache Plug &amp; Play-Installation<\/li>\n<\/ul>\n<p><\/p>\n<p class=\"p1\">Verwenden Sie die LED-Leuchte nicht vertikal oder als umgedrehte Leuchte (direkter Kontakt mit<br \/>(direkter Kontakt mit den Augen und l\u00e4ngere Exposition k\u00f6nnen Ihr Sehverm\u00f6gen dauerhaft sch\u00e4digen!).<br \/>Wir empfehlen, das Ger\u00e4t nicht als Raumleuchte zu verwenden. Es ist ausschlie\u00dflich f\u00fcr die<br \/>ausschlie\u00dflich f\u00fcr die Keimung, Kultivierung und Bl\u00fcte von Pflanzen entwickelt. Achten Sie darauf, dass die LED-Leuchte<br \/>au\u00dfer Sichtweite und au\u00dferhalb der Reichweite von Kindern und Tieren verwendet wird, um deren Augen zu sch\u00fctzen!<br \/>Wir empfehlen die Verwendung einer speziellen Brille zum Schutz Ihrer Augen.<\/p>\n","protected":false},"excerpt":{"rendered":"<p>ORTOLED hat seinen Katalog um die neue Ortoled Little Monster Full Cycle 100W Dimmable 0-100% Honglitronic Lampe erweitert, die perfekt<\/p>\n","protected":false},"featured_media":132858,"comment_status":"open","ping_status":"closed","template":"","meta":[],"product_brand":[],"product_cat":[7938],"product_tag":[],"class_list":{"0":"post-132874","1":"product","2":"type-product","3":"status-publish","4":"has-post-thumbnail","6":"product_cat-led-lampe","8":"first","9":"instock","10":"sale","11":"taxable","12":"shipping-taxable","13":"purchasable","14":"product-type-simple"},"_links":{"self":[{"href":"https:\/\/www.budream.com\/de\/wp-json\/wp\/v2\/product\/132874","targetHints":{"allow":["GET"]}}],"collection":[{"href":"https:\/\/www.budream.com\/de\/wp-json\/wp\/v2\/product"}],"about":[{"href":"https:\/\/www.budream.com\/de\/wp-json\/wp\/v2\/types\/product"}],"replies":[{"embeddable":true,"href":"https:\/\/www.budream.com\/de\/wp-json\/wp\/v2\/comments?post=132874"}],"version-history":[{"count":0,"href":"https:\/\/www.budream.com\/de\/wp-json\/wp\/v2\/product\/132874\/revisions"}],"wp:featuredmedia":[{"embeddable":true,"href":"https:\/\/www.budream.com\/de\/wp-json\/wp\/v2\/media\/132858"}],"wp:attachment":[{"href":"https:\/\/www.budream.com\/de\/wp-json\/wp\/v2\/media?parent=132874"}],"wp:term":[{"taxonomy":"product_brand","embeddable":true,"href":"https:\/\/www.budream.com\/de\/wp-json\/wp\/v2\/product_brand?post=132874"},{"taxonomy":"product_cat","embeddable":true,"href":"https:\/\/www.budream.com\/de\/wp-json\/wp\/v2\/product_cat?post=132874"},{"taxonomy":"product_tag","embeddable":true,"href":"https:\/\/www.budream.com\/de\/wp-json\/wp\/v2\/product_tag?post=132874"}],"curies":[{"name":"wp","href":"https:\/\/api.w.org\/{rel}","templated":true}]}}