{"id":132919,"date":"2025-07-31T00:42:19","date_gmt":"2025-07-30T22:42:19","guid":{"rendered":"https:\/\/www.budream.com\/shop\/kannodol-anti-ethyme-serum-30ml\/"},"modified":"2025-12-19T12:20:01","modified_gmt":"2025-12-19T10:20:01","slug":"kannodol-anti-ethyme-serum-30ml","status":"publish","type":"product","link":"https:\/\/www.budream.com\/de\/shop\/kannodol-anti-ethyme-serum-30ml\/","title":{"rendered":"KANNODOL &#8211; ANTI-ETHYME SERUM | 30ml"},"content":{"rendered":"<p class=\"_04xlpA direction-ltr align-start para-style-body\"><span class=\"S1PPyQ\">Dieses Serum ist mit Cannabidiol und <\/span><span class=\"S1PPyQ\">Ceramiden<\/span><span class=\"S1PPyQ\">formuliert <\/span><span class=\"S1PPyQ\">, die die Barrierefunktion der Haut st\u00e4rken. Es erh\u00f6ht die Widerstandsf\u00e4higkeit empfindlicher Haut und reduziert die Reizbarkeit.<\/span><\/p>\n<p><em>Hanfsamen-Extrakt.<br \/>THC-frei<\/em><\/p>\n<h3><span style=\"text-decoration: underline\"><strong>Anwendung<\/strong><\/span><\/h3>\n<p>Zwei bis drei Tropfen auf die Finger geben und auf die zu befeuchtende und zu sch\u00fctzende Stelle auftragen.<\/p>\n<h3><span style=\"text-decoration: underline\"><strong><br \/>Eigenschaften<\/strong><\/span><\/h3>\n<p><span class=\"S1PPyQ\">Reich an Ceramiden, die die Lipidbarriere f\u00fcr alle Hauttypen wiederherstellen. Stimuliert die Fibroblasten zur Bildung von Kollagen, Hyalurons\u00e4ure und Elastin, verbessert das Erscheinungsbild der Haut, indem es ihr Volumen verleiht und das Auftreten von Mimikfalten reduziert.<br \/><\/span><\/p>\n<h3><span style=\"text-decoration: underline\"><strong><br \/>Inhaltsstoffe<\/strong><\/span><\/h3>\n<p>Wasser, Glycerin, Tocopherylacetat, Kupfer-PCA, Cetylalkohol, Cannabidiol, hydrolysiertes Elastin, l\u00f6sliches Kollagen, Glucosylceramide, Phospholipide, Cholesterin, Menthyl-PCA, Benzylalkohol, Glycerylundecylenat, Glycerylcaprylat, Xanthangummi, Natriumhydroxid, Zitronens\u00e4ure, Parf\u00fcm, Citronellol, Cumarin, Linalool.<\/p>\n","protected":false},"excerpt":{"rendered":"<p>Dieses Serum ist mit Cannabidiol und Ceramidenformuliert , die die Barrierefunktion der Haut st\u00e4rken. Es erh\u00f6ht die Widerstandsf\u00e4higkeit empfindlicher Haut<\/p>\n","protected":false},"featured_media":132913,"comment_status":"open","ping_status":"closed","template":"","meta":[],"product_brand":[],"product_cat":[7912],"product_tag":[],"class_list":{"0":"post-132919","1":"product","2":"type-product","3":"status-publish","4":"has-post-thumbnail","6":"product_cat-kosmetik","8":"first","9":"instock","10":"taxable","11":"shipping-taxable","12":"purchasable","13":"product-type-simple"},"_links":{"self":[{"href":"https:\/\/www.budream.com\/de\/wp-json\/wp\/v2\/product\/132919","targetHints":{"allow":["GET"]}}],"collection":[{"href":"https:\/\/www.budream.com\/de\/wp-json\/wp\/v2\/product"}],"about":[{"href":"https:\/\/www.budream.com\/de\/wp-json\/wp\/v2\/types\/product"}],"replies":[{"embeddable":true,"href":"https:\/\/www.budream.com\/de\/wp-json\/wp\/v2\/comments?post=132919"}],"version-history":[{"count":0,"href":"https:\/\/www.budream.com\/de\/wp-json\/wp\/v2\/product\/132919\/revisions"}],"wp:featuredmedia":[{"embeddable":true,"href":"https:\/\/www.budream.com\/de\/wp-json\/wp\/v2\/media\/132913"}],"wp:attachment":[{"href":"https:\/\/www.budream.com\/de\/wp-json\/wp\/v2\/media?parent=132919"}],"wp:term":[{"taxonomy":"product_brand","embeddable":true,"href":"https:\/\/www.budream.com\/de\/wp-json\/wp\/v2\/product_brand?post=132919"},{"taxonomy":"product_cat","embeddable":true,"href":"https:\/\/www.budream.com\/de\/wp-json\/wp\/v2\/product_cat?post=132919"},{"taxonomy":"product_tag","embeddable":true,"href":"https:\/\/www.budream.com\/de\/wp-json\/wp\/v2\/product_tag?post=132919"}],"curies":[{"name":"wp","href":"https:\/\/api.w.org\/{rel}","templated":true}]}}