{"id":132929,"date":"2025-07-31T00:42:49","date_gmt":"2025-07-30T22:42:49","guid":{"rendered":"https:\/\/www.budream.com\/shop\/kannodol-acne-lotion-10ml\/"},"modified":"2025-12-19T12:18:39","modified_gmt":"2025-12-19T10:18:39","slug":"kannodol-acne-lotion-10ml","status":"publish","type":"product","link":"https:\/\/www.budream.com\/de\/shop\/kannodol-acne-lotion-10ml\/","title":{"rendered":"KANNODOL &#8211; ACNE LOTION | 10ml"},"content":{"rendered":"<p class=\"_04xlpA direction-ltr align-start para-style-body\">Produkt mit CBD, Bakuchiol und Teebaum, das hilft, R\u00f6tungen zu verbessern und reguliert die Talgsekretion.<\/p>\n<p>N\u00fctzlich f\u00fcr \u00f6rtlich begrenzte Bereiche oder um die Haut mit Feuchtigkeit zu versorgen und zu sch\u00fctzen.<\/p>\n<p>Bakuchiol ist ein Wirkstoff, der die Kollagenproduktion verbessert und den Kollagenabbau vermindert, so dass das Kollagen erhalten bleibt, und der die Melaninsynthese reduziert, was eine Depigmentierung verhindert.<\/p>\n<p>Im Gegensatz zu Retinol hat Bakuchiol eine deutlich beruhigende Wirkung, indem es bestimmte Entz\u00fcndungsreaktionen der Haut hemmt.<\/p>\n","protected":false},"excerpt":{"rendered":"<p>Produkt mit CBD, Bakuchiol und Teebaum, das hilft, R\u00f6tungen zu verbessern und reguliert die Talgsekretion. N\u00fctzlich f\u00fcr \u00f6rtlich begrenzte Bereiche<\/p>\n","protected":false},"featured_media":132923,"comment_status":"open","ping_status":"closed","template":"","meta":[],"product_brand":[],"product_cat":[7912],"product_tag":[],"class_list":{"0":"post-132929","1":"product","2":"type-product","3":"status-publish","4":"has-post-thumbnail","6":"product_cat-kosmetik","8":"first","9":"instock","10":"taxable","11":"shipping-taxable","12":"purchasable","13":"product-type-simple"},"_links":{"self":[{"href":"https:\/\/www.budream.com\/de\/wp-json\/wp\/v2\/product\/132929","targetHints":{"allow":["GET"]}}],"collection":[{"href":"https:\/\/www.budream.com\/de\/wp-json\/wp\/v2\/product"}],"about":[{"href":"https:\/\/www.budream.com\/de\/wp-json\/wp\/v2\/types\/product"}],"replies":[{"embeddable":true,"href":"https:\/\/www.budream.com\/de\/wp-json\/wp\/v2\/comments?post=132929"}],"version-history":[{"count":0,"href":"https:\/\/www.budream.com\/de\/wp-json\/wp\/v2\/product\/132929\/revisions"}],"wp:featuredmedia":[{"embeddable":true,"href":"https:\/\/www.budream.com\/de\/wp-json\/wp\/v2\/media\/132923"}],"wp:attachment":[{"href":"https:\/\/www.budream.com\/de\/wp-json\/wp\/v2\/media?parent=132929"}],"wp:term":[{"taxonomy":"product_brand","embeddable":true,"href":"https:\/\/www.budream.com\/de\/wp-json\/wp\/v2\/product_brand?post=132929"},{"taxonomy":"product_cat","embeddable":true,"href":"https:\/\/www.budream.com\/de\/wp-json\/wp\/v2\/product_cat?post=132929"},{"taxonomy":"product_tag","embeddable":true,"href":"https:\/\/www.budream.com\/de\/wp-json\/wp\/v2\/product_tag?post=132929"}],"curies":[{"name":"wp","href":"https:\/\/api.w.org\/{rel}","templated":true}]}}