{"id":132939,"date":"2025-07-31T00:43:18","date_gmt":"2025-07-30T22:43:18","guid":{"rendered":"https:\/\/www.budream.com\/shop\/kannodol-tattoo-moisturising-cream-50ml\/"},"modified":"2025-12-19T12:18:12","modified_gmt":"2025-12-19T10:18:12","slug":"kannodol-tattoo-moisturising-cream-50ml","status":"publish","type":"product","link":"https:\/\/www.budream.com\/de\/shop\/kannodol-tattoo-moisturising-cream-50ml\/","title":{"rendered":"KANNODOL &#8211; TATTOO MOISTURISING CREAM | 50ml"},"content":{"rendered":"<p>Es hilft, die t\u00e4towierte Haut mit Feuchtigkeit zu versorgen und weich zu machen, w\u00e4hrend es dank CBD auch entz\u00fcndungshemmend und antioxidativ wirkt.<\/p>\n<p><em>CBD-Gehalt: 825 mg.<br \/>Ohne TH<\/em><\/p>\n<h3><span style=\"text-decoration: underline\"><strong>Anwendung<\/strong><\/span><\/h3>\n<p>Auf die zu befeuchtende oder zu sch\u00fctzende Stelle auftragen und in kreisenden Bewegungen einmassieren, bis es vollst\u00e4ndig eingezogen ist.<\/p>\n<h3><span style=\"text-decoration: underline\"><strong><br \/>Eigenschaften<\/strong><\/span><\/h3>\n<p><span class=\"S1PPyQ\">Enth\u00e4lt Aloe-Vera-Extrakt mit antioxidativen Eigenschaften, Harnstoff, ein wichtiges Molek\u00fcl f\u00fcr die Hydratation der Hornschicht und die Barrierefunktion der Haut, und Jojoba\u00f6l f\u00fcr zus\u00e4tzliche R\u00fcckfettung. Schnell einziehende Creme, die den transepidermalen Wasserverlust reduziert und der Haut ausreichende Wasserwerte f\u00fcr eine intensive Hydratation zur\u00fcckgibt.<br \/><\/span><\/p>\n<h3><span style=\"text-decoration: underline\"><strong><br \/>Inhaltsstoffe<\/strong><\/span><\/h3>\n<p>Wasser, Aloe-Barbadensis-Blattsaft, Betain, Cetylacetat, Hydroxyethylharnstoff, Panthenol, acetylierter Lanolinalkohol, Oleylacetat, Tocopherylacetat, Simmondsia Chinensis-Samen\u00f6l, Polyacrylamid, C13-14 Isoparaffin, Laureth-7, Cannabidiol, Ascorbins\u00e4ure, Zitronens\u00e4ure<\/p>\n","protected":false},"excerpt":{"rendered":"<p>Es hilft, die t\u00e4towierte Haut mit Feuchtigkeit zu versorgen und weich zu machen, w\u00e4hrend es dank CBD auch entz\u00fcndungshemmend und<\/p>\n","protected":false},"featured_media":132933,"comment_status":"open","ping_status":"closed","template":"","meta":[],"product_brand":[],"product_cat":[7912],"product_tag":[],"class_list":{"0":"post-132939","1":"product","2":"type-product","3":"status-publish","4":"has-post-thumbnail","6":"product_cat-kosmetik","8":"first","9":"instock","10":"taxable","11":"shipping-taxable","12":"purchasable","13":"product-type-simple"},"_links":{"self":[{"href":"https:\/\/www.budream.com\/de\/wp-json\/wp\/v2\/product\/132939","targetHints":{"allow":["GET"]}}],"collection":[{"href":"https:\/\/www.budream.com\/de\/wp-json\/wp\/v2\/product"}],"about":[{"href":"https:\/\/www.budream.com\/de\/wp-json\/wp\/v2\/types\/product"}],"replies":[{"embeddable":true,"href":"https:\/\/www.budream.com\/de\/wp-json\/wp\/v2\/comments?post=132939"}],"version-history":[{"count":0,"href":"https:\/\/www.budream.com\/de\/wp-json\/wp\/v2\/product\/132939\/revisions"}],"wp:featuredmedia":[{"embeddable":true,"href":"https:\/\/www.budream.com\/de\/wp-json\/wp\/v2\/media\/132933"}],"wp:attachment":[{"href":"https:\/\/www.budream.com\/de\/wp-json\/wp\/v2\/media?parent=132939"}],"wp:term":[{"taxonomy":"product_brand","embeddable":true,"href":"https:\/\/www.budream.com\/de\/wp-json\/wp\/v2\/product_brand?post=132939"},{"taxonomy":"product_cat","embeddable":true,"href":"https:\/\/www.budream.com\/de\/wp-json\/wp\/v2\/product_cat?post=132939"},{"taxonomy":"product_tag","embeddable":true,"href":"https:\/\/www.budream.com\/de\/wp-json\/wp\/v2\/product_tag?post=132939"}],"curies":[{"name":"wp","href":"https:\/\/api.w.org\/{rel}","templated":true}]}}