{"id":132949,"date":"2025-07-31T00:43:46","date_gmt":"2025-07-30T22:43:46","guid":{"rendered":"https:\/\/www.budream.com\/shop\/kannodol-micellar-wasser-200ml\/"},"modified":"2026-04-21T19:46:20","modified_gmt":"2026-04-21T17:46:20","slug":"kannodol-micellar-wasser-200ml","status":"publish","type":"product","link":"https:\/\/www.budream.com\/de\/shop\/kannodol-micellar-wasser-200ml\/","title":{"rendered":"KANNODOL &#8211; MICELLAR WASSER | 200ml"},"content":{"rendered":"<p><span class=\"S1PPyQ\">Es hilft, Unreinheiten und Make-up sanft und effektiv von der Haut zu entfernen.<\/span><\/p>\n<p><em>Hanfsamen-Extrakt<br \/>ohne THC<\/em><\/p>\n<h3><span style=\"text-decoration: underline\"><strong>Wie man es anwendet<\/strong><\/span><\/h3>\n<p>Eine kleine Menge des Produkts auf das Abschminkpad geben und sanft in die Haut einmassieren, um das Make-up zu entfernen. Nicht absp\u00fclen. F\u00fcr alle Hauttypen, auch f\u00fcr empfindliche Haut.<\/p>\n<h3><span style=\"text-decoration: underline\"><strong><br \/>Eigenschaften<\/strong><\/span><\/h3>\n<p><span class=\"S1PPyQ\">Kombination aus Hanfsamen-Extrakt mit feuchtigkeitsspendenden und straffenden Wirkstoffen wie Gurke und beruhigenden Wirkstoffen wie Kamille.<br \/><\/span><\/p>\n<h3><span style=\"text-decoration: underline\"><strong><br \/>Inhaltsstoffe<\/strong><\/span><\/h3>\n<p>Wasser, Caprylyl-\/Caprylglucosid, Glycerin, Dextrose, Cannabis sativa-Samenextrakt, Alpha-Glucan-Oligosaccharid, Chamomilla Recutita-Bl\u00fctenextrakt, Cucumis Sativus-Fruchtextrakt, Cetrimoniumchlorid, Benzylalkohol, Glyceryl Caprylate, Glyceryl, Undecylenate, Parf\u00fcm, Citronellol, Cumarin, Linalool.<\/p>\n","protected":false},"excerpt":{"rendered":"<p>Es hilft, Unreinheiten und Make-up sanft und effektiv von der Haut zu entfernen. Hanfsamen-Extraktohne THC Wie man es anwendet Eine<\/p>\n","protected":false},"featured_media":132943,"comment_status":"open","ping_status":"closed","template":"","meta":[],"product_brand":[],"product_cat":[7912],"product_tag":[],"class_list":{"0":"post-132949","1":"product","2":"type-product","3":"status-publish","4":"has-post-thumbnail","6":"product_cat-kosmetik","8":"first","9":"instock","10":"taxable","11":"shipping-taxable","12":"purchasable","13":"product-type-simple"},"_links":{"self":[{"href":"https:\/\/www.budream.com\/de\/wp-json\/wp\/v2\/product\/132949","targetHints":{"allow":["GET"]}}],"collection":[{"href":"https:\/\/www.budream.com\/de\/wp-json\/wp\/v2\/product"}],"about":[{"href":"https:\/\/www.budream.com\/de\/wp-json\/wp\/v2\/types\/product"}],"replies":[{"embeddable":true,"href":"https:\/\/www.budream.com\/de\/wp-json\/wp\/v2\/comments?post=132949"}],"version-history":[{"count":0,"href":"https:\/\/www.budream.com\/de\/wp-json\/wp\/v2\/product\/132949\/revisions"}],"wp:featuredmedia":[{"embeddable":true,"href":"https:\/\/www.budream.com\/de\/wp-json\/wp\/v2\/media\/132943"}],"wp:attachment":[{"href":"https:\/\/www.budream.com\/de\/wp-json\/wp\/v2\/media?parent=132949"}],"wp:term":[{"taxonomy":"product_brand","embeddable":true,"href":"https:\/\/www.budream.com\/de\/wp-json\/wp\/v2\/product_brand?post=132949"},{"taxonomy":"product_cat","embeddable":true,"href":"https:\/\/www.budream.com\/de\/wp-json\/wp\/v2\/product_cat?post=132949"},{"taxonomy":"product_tag","embeddable":true,"href":"https:\/\/www.budream.com\/de\/wp-json\/wp\/v2\/product_tag?post=132949"}],"curies":[{"name":"wp","href":"https:\/\/api.w.org\/{rel}","templated":true}]}}