{"id":132959,"date":"2025-07-31T00:44:14","date_gmt":"2025-07-30T22:44:14","guid":{"rendered":"https:\/\/www.budream.com\/shop\/kannodol-astringent-tonic-200ml\/"},"modified":"2025-12-19T12:20:31","modified_gmt":"2025-12-19T10:20:31","slug":"kannodol-astringent-tonic-200ml","status":"publish","type":"product","link":"https:\/\/www.budream.com\/de\/shop\/kannodol-astringent-tonic-200ml\/","title":{"rendered":"KANNODOL &#8211; ASTRINGENT TONIC | 200ml"},"content":{"rendered":"<p><span class=\"S1PPyQ\">Hilft Ton und Gleichgewicht der pH-Wert der Haut<\/span><\/p>\n<p><em>Hanfsamen-Extrakt<br \/>ohne THC<\/em><\/p>\n<h3><span style=\"text-decoration: underline\"><strong>Anwendung<\/strong><\/span><\/h3>\n<p>Morgens und\/oder abends nach der Reinigung der Haut mit dem sanften Peeling auftragen. Das Produkt mit einem sauberen Wattepad auftragen und sanft einklopfen, bis es vollst\u00e4ndig eingezogen ist. Nicht kl\u00e4ren.<\/p>\n<h3><span style=\"text-decoration: underline\"><strong><br \/>Eigenschaften<\/strong><\/span><\/h3>\n<p><span class=\"S1PPyQ\">Adstringierendes Gesichtswasser mit Hanfsamen- und Hamamelis-Extrakt. Pflegt und verbessert die Homogenit\u00e4t der Haut, schlie\u00dft die Porengr\u00f6\u00dfe, sch\u00fctzt und pflegt die Haut.<br \/><\/span><\/p>\n<h3><span style=\"text-decoration: underline\"><strong><br \/>Inhaltsstoffe<\/strong><\/span><\/h3>\n<p>Wasser, Alkohol, Salicyls\u00e4ure, Cannabis Sativa Samen Extrakt, Glycerin, Hammamelis Virginiana Extrakt, Benzylalkohol, Kaliumsorbat, Natriumbenzoat.<\/p>\n","protected":false},"excerpt":{"rendered":"<p>Hilft Ton und Gleichgewicht der pH-Wert der Haut Hanfsamen-Extraktohne THC Anwendung Morgens und\/oder abends nach der Reinigung der Haut mit<\/p>\n","protected":false},"featured_media":132953,"comment_status":"open","ping_status":"closed","template":"","meta":[],"product_brand":[],"product_cat":[7912],"product_tag":[],"class_list":{"0":"post-132959","1":"product","2":"type-product","3":"status-publish","4":"has-post-thumbnail","6":"product_cat-kosmetik","8":"first","9":"instock","10":"taxable","11":"shipping-taxable","12":"purchasable","13":"product-type-simple"},"_links":{"self":[{"href":"https:\/\/www.budream.com\/de\/wp-json\/wp\/v2\/product\/132959","targetHints":{"allow":["GET"]}}],"collection":[{"href":"https:\/\/www.budream.com\/de\/wp-json\/wp\/v2\/product"}],"about":[{"href":"https:\/\/www.budream.com\/de\/wp-json\/wp\/v2\/types\/product"}],"replies":[{"embeddable":true,"href":"https:\/\/www.budream.com\/de\/wp-json\/wp\/v2\/comments?post=132959"}],"version-history":[{"count":0,"href":"https:\/\/www.budream.com\/de\/wp-json\/wp\/v2\/product\/132959\/revisions"}],"wp:featuredmedia":[{"embeddable":true,"href":"https:\/\/www.budream.com\/de\/wp-json\/wp\/v2\/media\/132953"}],"wp:attachment":[{"href":"https:\/\/www.budream.com\/de\/wp-json\/wp\/v2\/media?parent=132959"}],"wp:term":[{"taxonomy":"product_brand","embeddable":true,"href":"https:\/\/www.budream.com\/de\/wp-json\/wp\/v2\/product_brand?post=132959"},{"taxonomy":"product_cat","embeddable":true,"href":"https:\/\/www.budream.com\/de\/wp-json\/wp\/v2\/product_cat?post=132959"},{"taxonomy":"product_tag","embeddable":true,"href":"https:\/\/www.budream.com\/de\/wp-json\/wp\/v2\/product_tag?post=132959"}],"curies":[{"name":"wp","href":"https:\/\/api.w.org\/{rel}","templated":true}]}}