{"id":133136,"date":"2025-07-31T00:50:03","date_gmt":"2025-07-30T22:50:03","guid":{"rendered":"https:\/\/www.budream.com\/shop\/ortoled-s-line-foldable-con-ballast-elettronico-dimmerabile-250-400-600-660w-29-umol-j-samsung-led\/"},"modified":"2026-01-07T17:33:24","modified_gmt":"2026-01-07T15:33:24","slug":"ortoled-s-line-foldable-con-ballast-elettronico-dimmerabile-250-400-600-660w-29-umol-j-samsung-led","status":"publish","type":"product","link":"https:\/\/www.budream.com\/de\/shop\/ortoled-s-line-foldable-con-ballast-elettronico-dimmerabile-250-400-600-660w-29-umol-j-samsung-led\/","title":{"rendered":"ORTOLED S LINE FALTBAR MIT DIMMERBARER ELEKTRONISCHER BELEUCHTUNG 250-400-660W 2.9 umol\/J SAMSUNG LED"},"content":{"rendered":"<p>ORTOLED f\u00fcgt seinem Katalog die neue <strong>ORTOLED S LINE FOLDABLE WITH DIMMERABLE ELECTRONIC BALLAST 250-400-660W 2.9 umol\/J SAMSUNG LED-Lampe<\/strong> hinzu, die perfekt f\u00fcr gro\u00dfe Anbaufl\u00e4chen in professionellen Groowrooms ist.<\/p>\n<p>Die Lampe <strong>ORTOLED S LINE Foldable MAX 660W <\/strong> ist eine leichte und handliche Leuchte mit hohem <strong>PPF-Wert<\/strong> und einer Lichtausbeute von <strong>2,9 <\/strong><strong>umol\/J <\/strong><strong>, empfohlen f\u00fcr eine Fl\u00e4che von 2,4 m\u00b2.<\/p>\n<p>Ganzaluminiumkonstruktion, leicht und korrosionsfrei.<\/p>\n<p>Die<\/strong> <strong>ORTOLED S LINE FALTBARE <\/strong> LAMPE <strong>MIT DIMMERBARER ELEKTRONISCHER BELEUCHTUNG 250-400-660 W 2,9 umol\/J SAMSUNG <\/strong> LED ist mit LEDs aufgebaut <strong>Samsung SMD2835 x 2688pcs 4000K LEDs + 3w SMD3535 x 144pcs<\/strong><strong> 660nm 660nm <\/strong>und<strong> garantiert <\/strong>eine hervorragende Lichtausbeute und Lichtdurchdringung ohne \u00dcberhitzung der Spitze der Pflanzen.<\/p>\n<p>Die Schutzart ist IP65 mit utratransparentem Harz zum Schutz der Dioden, um den Lichtstrom zu erhalten.<\/p>\n<p><strong>Gesamtes Agro-Spektrum<\/strong><br \/>Die Kombination und F\u00e4rbung der installierten LEDs nimmt alle von der Pflanze ben\u00f6tigten Spektren auf und garantiert so einen optimalen Lichtfluss vom Wachstum bis zur Bl\u00fcte.<\/p>\n<p><img loading=\"lazy\" decoding=\"async\" src=\"https:\/\/www.indoorline.com\/app\/media\/uploads\/wysiwyg\/Spettro%20Ortoled%20S%20Line%20FD.jpg\" alt=\"\" width=\"1064\" height=\"491\" \/><\/p>\n<p><strong><br \/>Statische K\u00fchlung und Sound Zero-System<br \/><\/strong>Die neue <strong>Sound Zero-Technologie<\/strong>, die f\u00fcr die Serie <strong>Ortoled S Line <\/strong>entwickelt wurde, sorgt f\u00fcr eine hervorragende Ableitung der von den LEDs erzeugten W\u00e4rme. Dies bedeutet, dass die Lampe kein zus\u00e4tzliches K\u00fchlsystem ben\u00f6tigt. Dank des <strong>Sound-Zero-Systems<\/strong> ist das Ergebnis eine leistungsstarke und extrem leise Leuchte.<\/p>\n<h2><span class=\"insidetitle\" style=\"font-size: 12pt\"><strong>ORTOLED S LINE FALTBAR MIT ELECTRONIC BALLAST DIMM 250-400-660W 2,9 umol\/J SAMSUNG LED:<\/strong><\/span><\/h2>\n<ul>\n<li><strong>Wirkungsgrad:<\/strong><strong> 2,9 &micro;mol \/ J<\/strong><\/li>\n<li><span class=\"insidetitle\">Eingangsspannung:<\/span>AC Eingang: AC110-277V 50\/60 Hz<\/li>\n<li><span class=\"insidetitle\">Leistungsaufnahme:<\/span> MAX 660W je nach verwendetem elektronischen Vorschaltger\u00e4t<\/li>\n<li><span class=\"insidetitle\">Beleuchtbare Fl\u00e4che:<\/span> 2,4 Quadratmeter<\/li>\n<li>Mindestabstand: 30-60 cm<\/li>\n<li>6 x LED-Leisten<\/li>\n<li>Aluminium-Struktur<\/li>\n<li><span class=\"insidetitle\">Lichtverteilung:<\/span> 120&deg;<\/li>\n<li><span class=\"insidetitle\">Lichtquelle: <strong>Samsung SMD2835 x 2688pcs 4000K LED + 3w SMD3535 x 144pcs 660nm<\/strong><\/span><\/li>\n<li><span class=\"insidetitle\">Dimmbar:<\/span> 250-400-660W<\/li>\n<li><span class=\"insidetitle\">Gewicht:<\/span> 9 Kg<\/li>\n<li><span class=\"insidetitle\">Abmessungen:<\/span> 1100x1100x90 mm<\/li>\n<li><span class=\"insidetitle\">Spektrum:<\/span> Total Agro<\/li>\n<li>\n<div>Arbeitstemperatur: -20&deg;-40&deg;<\/div>\n<\/li>\n<li>\n<div>Lichtsteuerung: mit integriertem Controller am Vorschaltger\u00e4t<\/div>\n<\/li>\n<li>\n<div>Lebensdauer: mehr als 50 Tausend Stunden (Zerfall +\/- 3% bei 100 Tausend Stunden).<\/div>\n<\/li>\n<li>\n<div>Garantie: 3 Jahre<\/div>\n<\/li>\n<\/ul>\n<p><\/p>\n<div><\/div>\n<h2><span class=\"insidetitle\"><strong>Im Paket enthaltene Artikel<\/strong><\/span><\/h2>\n<ul>\n<li><i>1 x Ortoled LED-Panel <strong>Sound Zero<\/strong><\/i><\/li>\n<li>6 x LED-Balken<\/li>\n<li><i>1 x Stromkabel<\/i><\/li>\n<li><i>1 X Elektronisches Vorschaltger\u00e4t mit vier Leistungsstufen<\/i><\/li>\n<li><i>1 x Kaskade\/Control K Steueranschlusskabel <\/i><\/li>\n<li><i>2 x Karabinerhaken f\u00fcr die Aufh\u00e4ngung<\/i><\/li>\n<\/ul>\n<h2><span class=\"insidetitle\"><strong><br \/><span style=\"font-size: 12pt\">ORTOLED S LINE FALTBAR MIT ELEKTRONISCHEM VORSCHALTGER\u00c4T DIMM 250-400-660W 2,9 umol\/J SAMSUNG LED<\/span><br \/><\/strong><\/span><\/h2>\n<ul>\n<li><strong>Hoher Wirkungsgrad<\/strong> <strong>2,6<\/strong> &micro;mol\/J<\/li>\n<li>Schutzabdeckungstechnologie mit hochtransparentem Harz<\/li>\n<li>Gesamtes Agro-Spektrum<\/li>\n<li>Verbesserte Lichtstreuung und Gleichm\u00e4\u00dfigkeit und <strong>Sound Zero<\/strong> System<\/li>\n<li>Kompaktes Design, ideal f\u00fcr eine Anbaufl\u00e4che von <strong>2,4 m2<\/strong><\/li>\n<li>Vollst\u00e4ndig dimmbar 250-400-660W<\/li>\n<li>Einfache Plug &amp; Play-Installation<\/li>\n<\/ul>\n","protected":false},"excerpt":{"rendered":"<p>ORTOLED f\u00fcgt seinem Katalog die neue ORTOLED S LINE FOLDABLE WITH DIMMERABLE ELECTRONIC BALLAST 250-400-660W 2.9 umol\/J SAMSUNG LED-Lampe hinzu,<\/p>\n","protected":false},"featured_media":133120,"comment_status":"open","ping_status":"closed","template":"","meta":[],"product_brand":[],"product_cat":[7925],"product_tag":[],"class_list":{"0":"post-133136","1":"product","2":"type-product","3":"status-publish","4":"has-post-thumbnail","6":"product_cat-growshop-de","8":"first","9":"outofstock","10":"taxable","11":"shipping-taxable","12":"purchasable","13":"product-type-simple"},"_links":{"self":[{"href":"https:\/\/www.budream.com\/de\/wp-json\/wp\/v2\/product\/133136","targetHints":{"allow":["GET"]}}],"collection":[{"href":"https:\/\/www.budream.com\/de\/wp-json\/wp\/v2\/product"}],"about":[{"href":"https:\/\/www.budream.com\/de\/wp-json\/wp\/v2\/types\/product"}],"replies":[{"embeddable":true,"href":"https:\/\/www.budream.com\/de\/wp-json\/wp\/v2\/comments?post=133136"}],"version-history":[{"count":0,"href":"https:\/\/www.budream.com\/de\/wp-json\/wp\/v2\/product\/133136\/revisions"}],"wp:featuredmedia":[{"embeddable":true,"href":"https:\/\/www.budream.com\/de\/wp-json\/wp\/v2\/media\/133120"}],"wp:attachment":[{"href":"https:\/\/www.budream.com\/de\/wp-json\/wp\/v2\/media?parent=133136"}],"wp:term":[{"taxonomy":"product_brand","embeddable":true,"href":"https:\/\/www.budream.com\/de\/wp-json\/wp\/v2\/product_brand?post=133136"},{"taxonomy":"product_cat","embeddable":true,"href":"https:\/\/www.budream.com\/de\/wp-json\/wp\/v2\/product_cat?post=133136"},{"taxonomy":"product_tag","embeddable":true,"href":"https:\/\/www.budream.com\/de\/wp-json\/wp\/v2\/product_tag?post=133136"}],"curies":[{"name":"wp","href":"https:\/\/api.w.org\/{rel}","templated":true}]}}