{"id":133141,"date":"2025-07-31T00:51:03","date_gmt":"2025-07-30T22:51:03","guid":{"rendered":"https:\/\/www.budream.com\/shop\/puffco-proxy-3d-kammer-ersatz\/"},"modified":"2025-12-22T23:34:00","modified_gmt":"2025-12-22T21:34:00","slug":"puffco-proxy-3d-kammer-ersatz","status":"publish","type":"product","link":"https:\/\/www.budream.com\/de\/shop\/puffco-proxy-3d-kammer-ersatz\/","title":{"rendered":"PUFFCO &#8211; PROXY 3D KAMMER (ERSATZ)"},"content":{"rendered":"<p class=\"p1\">Die Puffco-Kammer ist vollst\u00e4ndig von der Proxy-Pfeife abnehmbar und ist mit einer breiten Palette von Zubeh\u00f6r, wie dem Proxy Bub (zus\u00e4tzlicher Wasserfilter) und verschiedenen Brazier- und Kammererweiterungen kompatibel.<\/p>\n<p>Die PROXY 3D CHAMBER von PUFFCO ist ein innovativer Durchbruch in der Vaping-Heiztechnologie.<\/p>\n<p>Sie verf\u00fcgt \u00fcber in die Keramiksch\u00fcssel eingebettete Heizleiter, die daf\u00fcr sorgen, dass das \u00d6l w\u00e4hrend des Inhalierens an den Seitenw\u00e4nden und nicht am Boden verdampft, um die Qualit\u00e4t des \u00d6ls zu erhalten. Die Vorteile dieser Erfindung sind hohe Effizienz, intensivere Geschmacksqualit\u00e4t und konstante Temperaturkontrolle.<\/p>\n<p><strong>ACHTUNG:<\/strong> Die PROXY 3D CHAMBER darf nicht zerlegt werden, da sie sonst zerbricht. Reinigen Sie sie, indem Sie sie in ISO 99% Alkohol einweichen.<\/p>\n","protected":false},"excerpt":{"rendered":"<p>Die Puffco-Kammer ist vollst\u00e4ndig von der Proxy-Pfeife abnehmbar und ist mit einer breiten Palette von Zubeh\u00f6r, wie dem Proxy Bub<\/p>\n","protected":false},"featured_media":133101,"comment_status":"open","ping_status":"closed","template":"","meta":[],"product_brand":[],"product_cat":[7907],"product_tag":[],"class_list":{"0":"post-133141","1":"product","2":"type-product","3":"status-publish","4":"has-post-thumbnail","6":"product_cat-verdampfer","8":"first","9":"instock","10":"sale","11":"taxable","12":"shipping-taxable","13":"purchasable","14":"product-type-simple"},"_links":{"self":[{"href":"https:\/\/www.budream.com\/de\/wp-json\/wp\/v2\/product\/133141","targetHints":{"allow":["GET"]}}],"collection":[{"href":"https:\/\/www.budream.com\/de\/wp-json\/wp\/v2\/product"}],"about":[{"href":"https:\/\/www.budream.com\/de\/wp-json\/wp\/v2\/types\/product"}],"replies":[{"embeddable":true,"href":"https:\/\/www.budream.com\/de\/wp-json\/wp\/v2\/comments?post=133141"}],"version-history":[{"count":0,"href":"https:\/\/www.budream.com\/de\/wp-json\/wp\/v2\/product\/133141\/revisions"}],"wp:featuredmedia":[{"embeddable":true,"href":"https:\/\/www.budream.com\/de\/wp-json\/wp\/v2\/media\/133101"}],"wp:attachment":[{"href":"https:\/\/www.budream.com\/de\/wp-json\/wp\/v2\/media?parent=133141"}],"wp:term":[{"taxonomy":"product_brand","embeddable":true,"href":"https:\/\/www.budream.com\/de\/wp-json\/wp\/v2\/product_brand?post=133141"},{"taxonomy":"product_cat","embeddable":true,"href":"https:\/\/www.budream.com\/de\/wp-json\/wp\/v2\/product_cat?post=133141"},{"taxonomy":"product_tag","embeddable":true,"href":"https:\/\/www.budream.com\/de\/wp-json\/wp\/v2\/product_tag?post=133141"}],"curies":[{"name":"wp","href":"https:\/\/api.w.org\/{rel}","templated":true}]}}