{"id":133321,"date":"2025-07-31T01:01:13","date_gmt":"2025-07-30T23:01:13","guid":{"rendered":"https:\/\/www.budream.com\/shop\/davinci-iq-serie-dosierkapseln-fuer-iqc-und-iq2-edelstahl\/"},"modified":"2026-01-28T15:54:57","modified_gmt":"2026-01-28T13:54:57","slug":"davinci-iq-serie-dosierkapseln-fuer-iqc-und-iq2-edelstahl","status":"publish","type":"product","link":"https:\/\/www.budream.com\/de\/shop\/davinci-iq-serie-dosierkapseln-fuer-iqc-und-iq2-edelstahl\/","title":{"rendered":"DAVINCI &#8211; IQ SERIE DOSIERKAPSELN F\u00dcR IQC UND IQ2 | EDELSTAHL"},"content":{"rendered":"<p>6 DOSIERUNGSKAPSELN F\u00dcR DAVINCI IQC UND IQ2 IN EDELSTAHL.<\/p>\n<p>ENTH\u00c4LT:<\/p>\n<ul style=\"list-style-type: disc\">\n<li>6 DOSIERKAPSELN AUS ROSTFREIEM STAHL<\/li>\n<li>6 SILIKONKAPSELBEH\u00c4LTER<\/li>\n<\/ul>\n<p>INHALT: ca. 0,3gr.<\/p>\n","protected":false},"excerpt":{"rendered":"<p>6 DOSIERUNGSKAPSELN F\u00dcR DAVINCI IQC UND IQ2 IN EDELSTAHL. ENTH\u00c4LT: 6 DOSIERKAPSELN AUS ROSTFREIEM STAHL 6 SILIKONKAPSELBEH\u00c4LTER INHALT: ca. 0,3gr.<\/p>\n","protected":false},"featured_media":133315,"comment_status":"open","ping_status":"closed","template":"","meta":[],"product_brand":[],"product_cat":[7907],"product_tag":[],"class_list":{"0":"post-133321","1":"product","2":"type-product","3":"status-publish","4":"has-post-thumbnail","6":"product_cat-verdampfer","8":"first","9":"instock","10":"sale","11":"taxable","12":"shipping-taxable","13":"purchasable","14":"product-type-simple"},"aioseo_notices":[],"_links":{"self":[{"href":"https:\/\/www.budream.com\/de\/wp-json\/wp\/v2\/product\/133321","targetHints":{"allow":["GET"]}}],"collection":[{"href":"https:\/\/www.budream.com\/de\/wp-json\/wp\/v2\/product"}],"about":[{"href":"https:\/\/www.budream.com\/de\/wp-json\/wp\/v2\/types\/product"}],"replies":[{"embeddable":true,"href":"https:\/\/www.budream.com\/de\/wp-json\/wp\/v2\/comments?post=133321"}],"version-history":[{"count":0,"href":"https:\/\/www.budream.com\/de\/wp-json\/wp\/v2\/product\/133321\/revisions"}],"wp:featuredmedia":[{"embeddable":true,"href":"https:\/\/www.budream.com\/de\/wp-json\/wp\/v2\/media\/133315"}],"wp:attachment":[{"href":"https:\/\/www.budream.com\/de\/wp-json\/wp\/v2\/media?parent=133321"}],"wp:term":[{"taxonomy":"product_brand","embeddable":true,"href":"https:\/\/www.budream.com\/de\/wp-json\/wp\/v2\/product_brand?post=133321"},{"taxonomy":"product_cat","embeddable":true,"href":"https:\/\/www.budream.com\/de\/wp-json\/wp\/v2\/product_cat?post=133321"},{"taxonomy":"product_tag","embeddable":true,"href":"https:\/\/www.budream.com\/de\/wp-json\/wp\/v2\/product_tag?post=133321"}],"curies":[{"name":"wp","href":"https:\/\/api.w.org\/{rel}","templated":true}]}}