{"id":133411,"date":"2025-07-31T01:05:34","date_gmt":"2025-07-30T23:05:34","guid":{"rendered":"https:\/\/www.budream.com\/shop\/suesse-samen-suesser-mix-fem-10-samen\/"},"modified":"2026-03-21T12:32:03","modified_gmt":"2026-03-21T10:32:03","slug":"suesse-samen-suesser-mix-fem-10-samen","status":"publish","type":"product","link":"https:\/\/www.budream.com\/de\/shop\/suesse-samen-suesser-mix-fem-10-samen\/","title":{"rendered":"S\u00dcSSE SAMEN &#8211; S\u00dcSSER MIX FEM | 10 SAMEN"},"content":{"rendered":"<p><strong>S\u00dcSSER MIX<\/strong> ist ein ausgewogener Hybrid zwischen Indica und Sativa, vielseitig und f\u00fcr jede Gelegenheit geeignet von SWEET SEEDS. Verf\u00fcgbar in Packungen mit 10 Samen feminisiert. Mit gutem THC-Gehalt (Hoch (15\u201319\u202f%)), diese Pflanze richtet sich an diejenigen, die Potenz und Qualit\u00e4t suchen. Im Anbau, hat einen mittleren Bl\u00fctezyklus von 10-12 Wochen und produziert gro\u00dfz\u00fcgige Ertr\u00e4ge.<\/p>\n","protected":false},"excerpt":{"rendered":"<p>\ud83c\udf3f S\u00dcSSER MIX von SWEET SEEDS \u00b7 \ud83e\uddec Indica \/ Sativa \u00b7 \ud83d\udcaa THC hoch (Hoch (15\u201319\u202f%)).<\/p>\n","protected":false},"featured_media":133400,"comment_status":"open","ping_status":"closed","template":"","meta":[],"product_brand":[],"product_cat":[7952],"product_tag":[10188,8510,8511,8543,9931,10126,10128,10140],"class_list":{"0":"post-133411","1":"product","2":"type-product","3":"status-publish","4":"has-post-thumbnail","6":"product_cat-seedshop-de","7":"product_tag-suesser-mix-fem-10-samen","8":"product_tag-indica","9":"product_tag-sativa","10":"product_tag-sweet-seeds","11":"product_tag-hybrid","12":"product_tag-cannabis-samen","13":"product_tag-feminisierte-samen","14":"product_tag-thc-hoch","16":"first","17":"instock","18":"sale","19":"taxable","20":"shipping-taxable","21":"purchasable","22":"product-type-simple"},"aioseo_notices":[],"_links":{"self":[{"href":"https:\/\/www.budream.com\/de\/wp-json\/wp\/v2\/product\/133411","targetHints":{"allow":["GET"]}}],"collection":[{"href":"https:\/\/www.budream.com\/de\/wp-json\/wp\/v2\/product"}],"about":[{"href":"https:\/\/www.budream.com\/de\/wp-json\/wp\/v2\/types\/product"}],"replies":[{"embeddable":true,"href":"https:\/\/www.budream.com\/de\/wp-json\/wp\/v2\/comments?post=133411"}],"version-history":[{"count":1,"href":"https:\/\/www.budream.com\/de\/wp-json\/wp\/v2\/product\/133411\/revisions"}],"predecessor-version":[{"id":258717,"href":"https:\/\/www.budream.com\/de\/wp-json\/wp\/v2\/product\/133411\/revisions\/258717"}],"wp:featuredmedia":[{"embeddable":true,"href":"https:\/\/www.budream.com\/de\/wp-json\/wp\/v2\/media\/133400"}],"wp:attachment":[{"href":"https:\/\/www.budream.com\/de\/wp-json\/wp\/v2\/media?parent=133411"}],"wp:term":[{"taxonomy":"product_brand","embeddable":true,"href":"https:\/\/www.budream.com\/de\/wp-json\/wp\/v2\/product_brand?post=133411"},{"taxonomy":"product_cat","embeddable":true,"href":"https:\/\/www.budream.com\/de\/wp-json\/wp\/v2\/product_cat?post=133411"},{"taxonomy":"product_tag","embeddable":true,"href":"https:\/\/www.budream.com\/de\/wp-json\/wp\/v2\/product_tag?post=133411"}],"curies":[{"name":"wp","href":"https:\/\/api.w.org\/{rel}","templated":true}]}}