{"id":133456,"date":"2025-07-31T01:07:06","date_gmt":"2025-07-30T23:07:06","guid":{"rendered":"https:\/\/www.budream.com\/shop\/puffco-neue-plus-perle-verdampfer\/"},"modified":"2025-12-29T12:44:05","modified_gmt":"2025-12-29T10:44:05","slug":"puffco-neue-plus-perle-verdampfer","status":"publish","type":"product","link":"https:\/\/www.budream.com\/de\/shop\/puffco-neue-plus-perle-verdampfer\/","title":{"rendered":"PUFFCO &#8211; NEUE PLUS PERLE | VERDAMPFER"},"content":{"rendered":"<p><strong>Puffco New Plus ist, wo alles beginnt. <\/strong><br \/>Dieser preisgekr\u00f6nte tragbare All-in-One-Stift wurde aktualisiert, um es einfacher denn je zu machen, Konzentrate \u00fcberall zu genie\u00dfen. <br \/>Das Mundst\u00fcck beherbergt <strong>den Dart<\/strong>, ein ausziehbares Ladewerkzeug, das in die Keramikkammer passt, um Ihnen ein sanftes, diskretes und geschmackvolles Erlebnis zu bieten. <br \/>Die <strong>510er-Batterie<\/strong> verf\u00fcgt \u00fcber einen Knopf, der die Standard-W\u00e4rmeeinstellung, den Sesh-Modus und drei pr\u00e4zise W\u00e4rmeeinstellungen bietet. Es gibt keinen besseren Weg, um die Welt der Konzentrate zu erkunden.<\/p>\n<h2>Puffco New Plus: Der Dart<\/h2>\n<p>Der ausziehbare Dart befindet sich im Plus-Mundst\u00fcck und wird direkt mit der Kammer verbunden, um das Laden einfach und problemlos zu gestalten. Emailliert und neu geformt mit verbessertem Luftstrom f\u00fcr besseres Vaping.<\/p>\n<h2>Puffco New Plus: Die Kammer<\/h2>\n<p>Der integrierte Silikongriff sorgt daf\u00fcr, dass Ihre Finger k\u00fchl bleiben, wenn sich die Keramikkammer aufheizt.<\/p>\n<h2>Puffco New Plus: Die 510er-Batterie<\/h2>\n<p>Eine Batterie, viele Modi. Niedrige, mittlere und hohe Hitzeeinstellungen. Hold-to-heat und Standard-Sesh-Modus: Doppelklick f\u00fcr einen 12-Sekunden-Heizzyklus, damit Sie den Knopf nicht gedr\u00fcckt halten m\u00fcssen.<\/p>\n<h2>Puffco New Plus in der Box enthalten:<\/h2>\n<ul style=\"list-style-type: disc\">\n<li>Mundst\u00fcck<\/li>\n<li>Dartpfeil<\/li>\n<li>Kammer + Handgriff<\/li>\n<li>510er Akku<\/li>\n<li>Ladeger\u00e4t<\/li>\n<li>Wattest\u00e4bchen<\/li>\n<\/ul>\n","protected":false},"excerpt":{"rendered":"<p>Puffco New Plus ist, wo alles beginnt. Dieser preisgekr\u00f6nte tragbare All-in-One-Stift wurde aktualisiert, um es einfacher denn je zu machen,<\/p>\n","protected":false},"featured_media":133435,"comment_status":"open","ping_status":"closed","template":"","meta":[],"product_brand":[],"product_cat":[7907],"product_tag":[],"class_list":{"0":"post-133456","1":"product","2":"type-product","3":"status-publish","4":"has-post-thumbnail","6":"product_cat-verdampfer","8":"first","9":"instock","10":"sale","11":"taxable","12":"shipping-taxable","13":"purchasable","14":"product-type-simple"},"aioseo_notices":[],"_links":{"self":[{"href":"https:\/\/www.budream.com\/de\/wp-json\/wp\/v2\/product\/133456","targetHints":{"allow":["GET"]}}],"collection":[{"href":"https:\/\/www.budream.com\/de\/wp-json\/wp\/v2\/product"}],"about":[{"href":"https:\/\/www.budream.com\/de\/wp-json\/wp\/v2\/types\/product"}],"replies":[{"embeddable":true,"href":"https:\/\/www.budream.com\/de\/wp-json\/wp\/v2\/comments?post=133456"}],"version-history":[{"count":0,"href":"https:\/\/www.budream.com\/de\/wp-json\/wp\/v2\/product\/133456\/revisions"}],"wp:featuredmedia":[{"embeddable":true,"href":"https:\/\/www.budream.com\/de\/wp-json\/wp\/v2\/media\/133435"}],"wp:attachment":[{"href":"https:\/\/www.budream.com\/de\/wp-json\/wp\/v2\/media?parent=133456"}],"wp:term":[{"taxonomy":"product_brand","embeddable":true,"href":"https:\/\/www.budream.com\/de\/wp-json\/wp\/v2\/product_brand?post=133456"},{"taxonomy":"product_cat","embeddable":true,"href":"https:\/\/www.budream.com\/de\/wp-json\/wp\/v2\/product_cat?post=133456"},{"taxonomy":"product_tag","embeddable":true,"href":"https:\/\/www.budream.com\/de\/wp-json\/wp\/v2\/product_tag?post=133456"}],"curies":[{"name":"wp","href":"https:\/\/api.w.org\/{rel}","templated":true}]}}