{"id":133741,"date":"2025-07-31T01:21:09","date_gmt":"2025-07-30T23:21:09","guid":{"rendered":"https:\/\/www.budream.com\/shop\/storzbickel-kuehlgeraet-venty\/"},"modified":"2026-04-24T15:17:27","modified_gmt":"2026-04-24T13:17:27","slug":"storzbickel-kuehlgeraet-venty","status":"publish","type":"product","link":"https:\/\/www.budream.com\/de\/shop\/storzbickel-kuehlgeraet-venty\/","title":{"rendered":"STORZ&amp;BICKEL &#8211; K\u00dcHLGER\u00c4T | VENTY"},"content":{"rendered":"<p>K\u00fchlung K\u00fchleinheit f\u00fcr Ihre Venty.<\/p>\n","protected":false},"excerpt":{"rendered":"<p>K\u00fchlung K\u00fchleinheit f\u00fcr Ihre Venty.<\/p>\n","protected":false},"featured_media":133720,"comment_status":"open","ping_status":"closed","template":"","meta":[],"product_brand":[],"product_cat":[7907],"product_tag":[],"class_list":{"0":"post-133741","1":"product","2":"type-product","3":"status-publish","4":"has-post-thumbnail","6":"product_cat-verdampfer","8":"first","9":"instock","10":"sale","11":"taxable","12":"shipping-taxable","13":"purchasable","14":"product-type-simple"},"aioseo_notices":[],"_links":{"self":[{"href":"https:\/\/www.budream.com\/de\/wp-json\/wp\/v2\/product\/133741","targetHints":{"allow":["GET"]}}],"collection":[{"href":"https:\/\/www.budream.com\/de\/wp-json\/wp\/v2\/product"}],"about":[{"href":"https:\/\/www.budream.com\/de\/wp-json\/wp\/v2\/types\/product"}],"replies":[{"embeddable":true,"href":"https:\/\/www.budream.com\/de\/wp-json\/wp\/v2\/comments?post=133741"}],"version-history":[{"count":0,"href":"https:\/\/www.budream.com\/de\/wp-json\/wp\/v2\/product\/133741\/revisions"}],"wp:featuredmedia":[{"embeddable":true,"href":"https:\/\/www.budream.com\/de\/wp-json\/wp\/v2\/media\/133720"}],"wp:attachment":[{"href":"https:\/\/www.budream.com\/de\/wp-json\/wp\/v2\/media?parent=133741"}],"wp:term":[{"taxonomy":"product_brand","embeddable":true,"href":"https:\/\/www.budream.com\/de\/wp-json\/wp\/v2\/product_brand?post=133741"},{"taxonomy":"product_cat","embeddable":true,"href":"https:\/\/www.budream.com\/de\/wp-json\/wp\/v2\/product_cat?post=133741"},{"taxonomy":"product_tag","embeddable":true,"href":"https:\/\/www.budream.com\/de\/wp-json\/wp\/v2\/product_tag?post=133741"}],"curies":[{"name":"wp","href":"https:\/\/api.w.org\/{rel}","templated":true}]}}