{"id":133876,"date":"2025-07-31T01:26:41","date_gmt":"2025-07-30T23:26:41","guid":{"rendered":"https:\/\/www.budream.com\/shop\/meisterprodukte-mx-ice-200-lite\/"},"modified":"2026-04-01T11:03:14","modified_gmt":"2026-04-01T09:03:14","slug":"meisterprodukte-mx-ice-200-lite","status":"publish","type":"product","link":"https:\/\/www.budream.com\/de\/shop\/meisterprodukte-mx-ice-200-lite\/","title":{"rendered":"MEISTERPRODUKTE &#8211; MX ICE 200 LiTE"},"content":{"rendered":"<p><strong>L\u00f6sungsmittelfreies Eis-Extraktionssystem.<\/strong><\/p>\n<p>Das MX ICE 200 LiTE wurde speziell f\u00fcr die Bed\u00fcrfnisse von Z\u00fcchtern und all jenen entwickelt, die wie Sie auf der Suche nach einem leicht zu bedienenden, einfachen und erschwinglichen Extraktionssystem sind.<\/p>\n<p>Dank seiner innovativen Technologie isoliert es Dr\u00fcsentrichome, um hochwertiges Harz zu produzieren, besser bekannt als<em>&#8222;Bubble Hash<\/em>&#8222;. Es verwendet eine nat\u00fcrliche Methode, die ohne chemische L\u00f6sungsmittel auskommt und eine optimale Qualit\u00e4t des Endprodukts garantiert.<\/p>\n<p>Der MX ICE 200 LiTE ist f\u00fcr die Bedienung durch eine Person konzipiert und automatisiert und vereinfacht den Haschisch-Extraktionsprozess auf einfache und effiziente Weise auf ein Maximum.<\/p>\n<p>Der MX ICE 200 LiTE Extraktor wurde f\u00fcr maximalen Komfort und Benutzerfreundlichkeit f\u00fcr alle Arten von Benutzern entwickelt, vom Anf\u00e4nger bis zum Experten.<\/p>\n<p>Er ist aus hochwertigem Edelstahl gefertigt, der sich dank seiner geringen Porosit\u00e4t und der einfachen Reinigung und Wartung am besten f\u00fcr die Behandlung von Bl\u00fcten eignet. Beide Tanks sind gleichzeitig mit einer Isolierschicht ausgestattet, die eine homogene und gleichm\u00e4\u00dfige Temperatur w\u00e4hrend des gesamten Prozesses garantiert.<\/p>\n<p>Au\u00dferdem verf\u00fcgt der MX ICE 200 LiTE \u00fcber eine Sicherheitskammer aus rostfreiem Stahl, die strategisch am Boden des Extraktionsbeh\u00e4lters positioniert ist, um <strong>die wertvollen Trichome w\u00e4hrend des R\u00fchrvorgangs zu bewahren und zu sch\u00fctzen, damit sie sich nicht verteilen und die Integrit\u00e4t der Extraktion gew\u00e4hrleistet ist.<br \/><\/strong><\/p>\n<h2><span style=\"text-decoration: underline\"><strong>Eigenschaften MX Ice 200 Lite Master Products:<\/strong><\/span><\/h2>\n<ul style=\"list-style-type: disc\">\n<li>2 Tanks (Extraktion und Sammlung), isoliert mit Neoprenabdeckungen.<\/li>\n<li>Superintuitives mechanisches Bedienfeld mit Geschwindigkeitsregelung, \u00c4nderung der Wasserflussrichtung und Timer.<\/li>\n<li>Inklusive Thermometer f\u00fcr eine bessere Temperaturkontrolle.<\/li>\n<li>Innovative Sicherheitskammer, die die Trichome f\u00fcr optimale Extraktionsergebnisse bewahrt und sch\u00fctzt.<\/li>\n<li>St\u00fctztisch und R\u00e4der f\u00fcr einfache Mobilit\u00e4t und h\u00f6heren Arbeitskomfort.<\/li>\n<li><strong>5 Modelle von Netzbeuteln im Lieferumfang enthalten: 25, 73, 120, 160 und 220 &mu;m.<\/strong><\/li>\n<\/ul>\n<p><\/p>\n<p>Es war noch nie so einfach wie mit der MX ICE 200 LiTE, Ihre Ausr\u00fcstung in optimalem Zustand zu halten.<\/p>\n<p>Sein Design erm\u00f6glicht eine schnelle und problemlose Demontage, so dass es nach jedem Gebrauch leicht zu reinigen ist. Dank der leicht zug\u00e4nglichen Teile und des intuitiven Reinigungsverfahrens ist es ein Kinderspiel, Ihren Extraktor in perfektem Zustand zu halten. Dar\u00fcber hinaus sorgen die robuste Konstruktion und die hochwertigen Materialien f\u00fcr eine lange Lebensdauer bei minimalem Wartungsaufwand.<\/p>\n<p><strong>Mit dem MX ICE 200 LiTE k\u00f6nnen Sie sich darauf verlassen, dass Ihr Ger\u00e4t immer bereit ist, Extrakte von h\u00f6chster Qualit\u00e4t zu liefern.<\/p>\n<p><\/strong><\/p>\n<h2><span style=\"text-decoration: underline\"><strong>Technische Daten MX Ice 200 Lite:<\/strong><\/span><\/h2>\n<ul style=\"list-style-type: disc\">\n<li>Elektrischer Anschluss 230 V 50 Hz<\/li>\n<li>Gewicht 80 kg<\/li>\n<li>Abmessungen der Sch\u00fcssel 50 x 50 x 55 cm<\/li>\n<li>Motorleistung 120 W<\/li>\n<li>Material der Struktur Rostfreier Stahl<\/li>\n<li>Wannenmaterial Edelstahl<\/li>\n<li>Standard Fassungsverm\u00f6gen 75 L<\/li>\n<li>Geschwindigkeitsregler Ja<\/li>\n<li>Ger\u00e4uschpegel 70 Db<\/li>\n<li>Zertifizierungen CE, RoHS<\/li>\n<li>Garantie 2 Jahre<\/li>\n<\/ul>\n<p><strong><br \/>Warnungen<\/strong><br \/>Tragen Sie stets Schutzhandschuhe und eine Schutzbrille.<br \/>Vermeiden Sie den direkten Kontakt der H\u00e4nde (oder anderer K\u00f6rperteile) mit dem Grill.<br \/>Verwenden Sie niemals Metallgegenst\u00e4nde auf dem Grill oder f\u00fchren Sie keine Metallgegenst\u00e4nde in den Grill ein, auch nicht mit einer Schere. \u00dcben Sie niemals Druck auf das Gitter aus.<\/p>\n<p><strong>NORMALERWEISE IN 7-10 ARBEITSTAGEN LIEFERBAR<\/strong><\/p>\n","protected":false},"excerpt":{"rendered":"<p>L\u00f6sungsmittelfreies Eis-Extraktionssystem. Das MX ICE 200 LiTE wurde speziell f\u00fcr die Bed\u00fcrfnisse von Z\u00fcchtern und all jenen entwickelt, die wie<\/p>\n","protected":false},"featured_media":133840,"comment_status":"open","ping_status":"closed","template":"","meta":[],"product_brand":[],"product_cat":[7947],"product_tag":[],"class_list":{"0":"post-133876","1":"product","2":"type-product","3":"status-publish","4":"has-post-thumbnail","6":"product_cat-headshop-de","8":"first","9":"instock","10":"taxable","11":"shipping-taxable","12":"purchasable","13":"product-type-simple"},"_links":{"self":[{"href":"https:\/\/www.budream.com\/de\/wp-json\/wp\/v2\/product\/133876","targetHints":{"allow":["GET"]}}],"collection":[{"href":"https:\/\/www.budream.com\/de\/wp-json\/wp\/v2\/product"}],"about":[{"href":"https:\/\/www.budream.com\/de\/wp-json\/wp\/v2\/types\/product"}],"replies":[{"embeddable":true,"href":"https:\/\/www.budream.com\/de\/wp-json\/wp\/v2\/comments?post=133876"}],"version-history":[{"count":1,"href":"https:\/\/www.budream.com\/de\/wp-json\/wp\/v2\/product\/133876\/revisions"}],"predecessor-version":[{"id":262023,"href":"https:\/\/www.budream.com\/de\/wp-json\/wp\/v2\/product\/133876\/revisions\/262023"}],"wp:featuredmedia":[{"embeddable":true,"href":"https:\/\/www.budream.com\/de\/wp-json\/wp\/v2\/media\/133840"}],"wp:attachment":[{"href":"https:\/\/www.budream.com\/de\/wp-json\/wp\/v2\/media?parent=133876"}],"wp:term":[{"taxonomy":"product_brand","embeddable":true,"href":"https:\/\/www.budream.com\/de\/wp-json\/wp\/v2\/product_brand?post=133876"},{"taxonomy":"product_cat","embeddable":true,"href":"https:\/\/www.budream.com\/de\/wp-json\/wp\/v2\/product_cat?post=133876"},{"taxonomy":"product_tag","embeddable":true,"href":"https:\/\/www.budream.com\/de\/wp-json\/wp\/v2\/product_tag?post=133876"}],"curies":[{"name":"wp","href":"https:\/\/api.w.org\/{rel}","templated":true}]}}