{"id":133896,"date":"2025-07-31T01:27:13","date_gmt":"2025-07-30T23:27:13","guid":{"rendered":"https:\/\/www.budream.com\/shop\/qnubu-digitale-edelstahlwaage-gleiche-schale-max-5-kg-schritt-1g\/"},"modified":"2026-04-14T15:15:33","modified_gmt":"2026-04-14T13:15:33","slug":"qnubu-digitale-edelstahlwaage-gleiche-schale-max-5-kg-schritt-1g","status":"publish","type":"product","link":"https:\/\/www.budream.com\/de\/shop\/qnubu-digitale-edelstahlwaage-gleiche-schale-max-5-kg-schritt-1g\/","title":{"rendered":"QNUBU &#8211; DIGITALE EDELSTAHLWAAGE | GLEICHE SCHALE &#8211; MAX 5 KG SCHRITT 1G"},"content":{"rendered":"<p>Qnubu digitale Waage mit Edelstahlschale: Pr\u00e4zision und Komfort in Ihren H\u00e4nden, das ideale Werkzeug f\u00fcr Sie. Aus hochwertigen Materialien gefertigt und mit praktischen Funktionen ausgestattet, bietet Ihnen diese Waage die Pr\u00e4zision und den Komfort, den Sie f\u00fcr perfekte Ergebnisse bei jeder Messung ben\u00f6tigen.<strong><\/p>\n<p>Unerreichte Pr\u00e4zision f\u00fcr verschiedene Anwendungen:<\/strong><\/p>\n<p> Mit einem Gewichtsbereich von 0g bis 5000g ist die Qnubu Equal Bowl Digitalwaage ideal f\u00fcr eine Vielzahl von Anwendungen. Messen Sie trockene Zutaten, Fl\u00fcssigkeiten wie Wasser oder Milch und alle anderen Dinge, die eine genaue Messung erfordern, pr\u00e4zise ab.<\/p>\n<p> <strong>Praktisches und funktionelles Design:<\/strong><\/p>\n<p> Die abnehmbare 1,3-Liter-Edelstahlsch\u00fcssel macht die Verwendung und Reinigung extrem einfach. Dar\u00fcber hinaus verf\u00fcgt die Waage \u00fcber eine automatische Abschaltfunktion nach 5 Minuten Inaktivit\u00e4t, um die Batterie zu schonen und ihre Lebensdauer zu verl\u00e4ngern.<\/p>\n<p> <strong>Hochwertige Materialien:<\/strong><\/p>\n<p> Die Qnubu Equal Bowl Digitalwaage besteht sowohl in der Schale als auch im Sockel aus rostfreiem Stahl und ist daher robust und langlebig, was eine langfristige und problemlose Nutzung gew\u00e4hrleistet.<\/p>\n<p> <strong>Mehr als nur eine Waage:<\/strong><\/p>\n<p> Die Qnubu Equal Bowl Digitalwaage ist ein vielseitiges Werkzeug, das Ihnen hilft, ein ordentliches Arbeitsumfeld zu schaffen. Ihr kompaktes und elegantes Design macht sie zur perfekten Erg\u00e4nzung f\u00fcr jede K\u00fcche oder Werkstatt.<\/p>\n<p> Geben Sie sich nicht mit weniger zufrieden, sondern entscheiden Sie sich f\u00fcr die Genauigkeit und den Komfort der Qnubu Equal Bowl Digitalwaage.<\/p>\n<h2><strong>Hauptmerkmale Qnubu Waage aus rostfreiem Stahl:<\/strong><\/h2>\n<ul style=\"list-style-type: disc\">\n<li>Gewichtsbereich: 1g bis 5 kg Schritt 1g<\/li>\n<li>F\u00e4higkeit, Fl\u00fcssigkeiten zu messen<\/li>\n<li>Abnehmbare 1,3-L-Edelstahlsch\u00fcssel<\/li>\n<li>Automatische Abschaltfunktion<\/li>\n<li>Gefertigt aus rostfreiem Stahl<\/li>\n<li>Kompaktes und elegantes Design<\/li>\n<\/ul>\n","protected":false},"excerpt":{"rendered":"<p>Qnubu digitale Waage mit Edelstahlschale: Pr\u00e4zision und Komfort in Ihren H\u00e4nden, das ideale Werkzeug f\u00fcr Sie. Aus hochwertigen Materialien gefertigt<\/p>\n","protected":false},"featured_media":133880,"comment_status":"open","ping_status":"closed","template":"","meta":[],"product_brand":[],"product_cat":[7947],"product_tag":[],"class_list":{"0":"post-133896","1":"product","2":"type-product","3":"status-publish","4":"has-post-thumbnail","6":"product_cat-headshop-de","8":"first","9":"instock","10":"taxable","11":"shipping-taxable","12":"purchasable","13":"product-type-simple"},"_links":{"self":[{"href":"https:\/\/www.budream.com\/de\/wp-json\/wp\/v2\/product\/133896","targetHints":{"allow":["GET"]}}],"collection":[{"href":"https:\/\/www.budream.com\/de\/wp-json\/wp\/v2\/product"}],"about":[{"href":"https:\/\/www.budream.com\/de\/wp-json\/wp\/v2\/types\/product"}],"replies":[{"embeddable":true,"href":"https:\/\/www.budream.com\/de\/wp-json\/wp\/v2\/comments?post=133896"}],"version-history":[{"count":1,"href":"https:\/\/www.budream.com\/de\/wp-json\/wp\/v2\/product\/133896\/revisions"}],"predecessor-version":[{"id":262856,"href":"https:\/\/www.budream.com\/de\/wp-json\/wp\/v2\/product\/133896\/revisions\/262856"}],"wp:featuredmedia":[{"embeddable":true,"href":"https:\/\/www.budream.com\/de\/wp-json\/wp\/v2\/media\/133880"}],"wp:attachment":[{"href":"https:\/\/www.budream.com\/de\/wp-json\/wp\/v2\/media?parent=133896"}],"wp:term":[{"taxonomy":"product_brand","embeddable":true,"href":"https:\/\/www.budream.com\/de\/wp-json\/wp\/v2\/product_brand?post=133896"},{"taxonomy":"product_cat","embeddable":true,"href":"https:\/\/www.budream.com\/de\/wp-json\/wp\/v2\/product_cat?post=133896"},{"taxonomy":"product_tag","embeddable":true,"href":"https:\/\/www.budream.com\/de\/wp-json\/wp\/v2\/product_tag?post=133896"}],"curies":[{"name":"wp","href":"https:\/\/api.w.org\/{rel}","templated":true}]}}