{"id":133956,"date":"2025-07-31T01:30:17","date_gmt":"2025-07-30T23:30:17","guid":{"rendered":"https:\/\/www.budream.com\/shop\/ortoled-s-line-eco-720w-foldable-samsung-professional-bar-light-275-%c2%b5mol-j-720w\/"},"modified":"2026-04-22T12:58:13","modified_gmt":"2026-04-22T10:58:13","slug":"ortoled-s-line-eco-720w-foldable-samsung-professional-bar-light-275-%c2%b5mol-j-720w","status":"publish","type":"product","link":"https:\/\/www.budream.com\/de\/shop\/ortoled-s-line-eco-720w-foldable-samsung-professional-bar-light-275-%c2%b5mol-j-720w\/","title":{"rendered":"ORTOLED &#8211; S LINE ECO 720W FOLDABLE SAMSUNG PROFESSIONAL BAR LIGHT (2,75 \u00b5mol\/J) | 720W"},"content":{"rendered":"<p>ORTOLED hat seinen Katalog um die neue Lampenserie <strong>ORTOLED S LINE FOLDABLE ECO 720W<\/strong><strong> 2.75 umol\/J <\/strong>erweitert, die sich perfekt f\u00fcr gro\u00dfe Anbaufl\u00e4chen in Growr\u00e4umen f\u00fcr den Hobbygebrauch eignet.<strong><br \/><\/strong><br \/>Die <strong>ORTOLED S LINE ECO 720W<\/strong><strong> 2.75 <\/strong> umol\/J ist eine leichte und handliche Leuchte, die hohe <strong>PPF-Werte (2011 umol\/s<\/strong><strong>)<\/strong> und eine photonische Wirksamkeit von <strong>2.75<\/strong><strong> umol\/J <\/strong> erzeugt<strong>und f\u00fcr eine Fl\u00e4che von 2.4-2.6 m\u00b2 empfohlen wird.<\/p>\n<p>Ganzaluminiumkonstruktion, leicht und korrosionsbest\u00e4ndig.<\/p>\n<p>Die<\/strong> <strong>ORTOLED S LINE ECO 720W<\/strong><strong> 2.75 <\/strong> Lampe<strong> besteht <\/strong> aus <strong>2376pcs SMD2835 4000K LEDs + 216pcs x 3w SMD35 660nm<\/strong> LEDs <strong>von Samsung<\/strong> und<strong> garantiert <\/strong>eine hervorragende Lichtausbeute und Lichtdurchdringung ohne \u00dcberhitzung des apikalen Teils der Pflanzen.<\/p>\n<p>Die <strong>Ortoled S Line ECO 720W <\/strong> besteht aus 2 eingebauten Netzteilen mit einem eingebauten <strong>LETRON&reg; <\/strong>Qualit\u00e4tssystem mit einem integrierten <strong>Ortoled Step Control<\/strong> Dimmer, der es erm\u00f6glicht, die Lichtst\u00e4rke in Stufen von 0-25%-50%-75% und 100% zu regulieren, um sie an die Wachstums- und Bl\u00fctephase der Pflanze anzupassen, ohne Strom zu verschwenden.<\/p>\n<p>Die Schutzart ist IP65 mit utratransparentem Harz zum Schutz der Dioden, um den Lichtstrom zu erhalten.<\/p>\n<p><span style=\"font-size: 14pt\"><strong>Gesamtes Agro-Spektrum<\/strong><\/span><br \/>Die Kombination und F\u00e4rbung der installierten LEDs nimmt alle von der Pflanze ben\u00f6tigten Spektren auf und garantiert so einen optimalen Lichtfluss vom Wachstum bis zur Bl\u00fcte.<\/p>\n<p><img loading=\"lazy\" decoding=\"async\" src=\"https:\/\/www.indoorline.com\/app\/media\/uploads\/wysiwyg\/Spettro%20Ortoled%20S%20Line%20FD.jpg\" alt=\"\" width=\"1064\" height=\"491\" \/><\/p>\n<p><strong><span style=\"font-size: 14pt\"><br \/>Statische K\u00fchlung und Sound Zero-System<\/span><br \/><\/strong>Die neue <strong>Sound Zero-Technologie<\/strong>, die f\u00fcr die Serie <strong>Ortoled S Line <\/strong>entwickelt wurde, sorgt f\u00fcr eine hervorragende Ableitung der von den LEDs erzeugten W\u00e4rme. Dies bedeutet, dass die Lampe kein zus\u00e4tzliches K\u00fchlsystem ben\u00f6tigt. Dank des <strong>Sound-Zero-Systems<\/strong> ist das Ergebnis eine leistungsstarke und extrem leise Leuchte.<\/p>\n<h2><span style=\"text-decoration: underline\"><span class=\"insidetitle\"><strong>Technische Daten Ortoled S LINE ECO 720W 2,75 umol\/J:<\/strong><\/span><\/span><\/h2>\n<ul style=\"list-style-type: disc\">\n<li><strong>Wirkungsgrad:<\/strong><strong> 2,75 &micro;mol \/ J<\/strong><\/li>\n<li><strong>PPF: 2011 umol\/s<\/strong><\/li>\n<li><span class=\"insidetitle\">Eingangsspannung:<\/span>AC Eingang: AC210-255V 50\/60 Hz<\/li>\n<li><span class=\"insidetitle\">Leistungsaufnahme:<\/span> 720 W +\/-5%.<\/li>\n<li><span class=\"insidetitle\">Beleuchtbare Fl\u00e4che:<\/span> 2,4-2,6 m2<\/li>\n<li>Mindestabstand: 30-60 cm<\/li>\n<li>6 x LED-Leisten<\/li>\n<li>Aluminium-Struktur<\/li>\n<li><span class=\"insidetitle\">Lichtverteilung:<\/span> 120<\/li>\n<li><span class=\"insidetitle\">Lichtquelle: <strong>Samsung 2376pcs SMD2835 4000K LED + 216pcs x 3w SMD3535 660nm<\/strong><\/span><\/li>\n<li><span class=\"insidetitle\">Dimmbar:<\/span> OFF-25%-50%-75%-100% mit <strong>Ortoled Step Control<\/strong> Dimmer <strong>+ S Line External Controller<\/strong><\/li>\n<li><span class=\"insidetitle\">Gewicht:<\/span> 8Kg<\/li>\n<li><span class=\"insidetitle\">Abmessungen:<\/span> 1100x1100x450 mm<\/li>\n<li><span class=\"insidetitle\">Spektrum:<\/span> Total Agro<\/li>\n<li style=\"text-align: left\">\n<div>Arbeitstemperatur: -20&deg;- 40&deg;<\/div>\n<\/li>\n<li style=\"text-align: left\">\n<div>Lichtsteuerung: mit externer <strong>S Control mit Sonnenaufgang\/Sonnenuntergang-Funktion<\/strong> oder integrierter <strong>Ortoled Step Control<\/strong><\/div>\n<\/li>\n<li style=\"text-align: left\">\n<div>Lebensdauer: mehr als 50 Tausend Stunden (Zerfall +\/- 3% bei 100 Tausend Stunden)<\/div>\n<\/li>\n<li style=\"text-align: left\">\n<div>Garantie: 3 Jahre<\/div>\n<\/li>\n<\/ul>\n<p><\/p>\n<div style=\"text-align: center\"><\/div>\n<h2><span style=\"text-decoration: underline\"><span class=\"insidetitle\"><strong>Im Paket enthaltene Artikel<\/strong><\/span><\/span><\/h2>\n<ul style=\"list-style-type: disc\">\n<li><i>1 x Ortoled LED-Panel <strong>Sound Zero<\/strong><\/i><\/li>\n<li>6 x LED-Balken<\/li>\n<li><i>1 x Stromversorgungskabel<\/i><\/li>\n<li><i>1 x Kaskade\/Control K Steuerkabel <\/i><\/li>\n<li><i>2 x Karabinerhaken f\u00fcr die Aufh\u00e4ngung<\/i><\/li>\n<li><i>2 x Letron integrierte nicht-isolierte Stromversorgungen<\/i><\/li>\n<\/ul>\n<h2><span class=\"insidetitle\"><strong><br \/><span style=\"text-decoration: underline\">Hauptmerkmale Ortoled S Line FD 2.75&micro;mol\/J 720W<\/span><br \/><\/strong><\/span><\/h2>\n<ul style=\"list-style-type: disc\">\n<li><strong>Hoher Wirkungsgrad<\/strong> 2,75 &micro;mol\/J<\/li>\n<li>Hohe PPF-Leistung f\u00fcr <strong>2011<\/strong><strong> &micro;mol\/s<\/strong> hohe Intensit\u00e4t<\/li>\n<li>Hochwertige<i> <strong>2xLetron 360W <\/strong><\/i>LED-Treiber im Geh\u00e4use montiert<\/li>\n<li>Schutzabdeckungstechnologie mit hochtransparentem Harz<\/li>\n<li>Vollst\u00e4ndiges Agro-Spektrum<\/li>\n<li>Verbesserte Lichtstreuung und Gleichm\u00e4\u00dfigkeit und <strong>Sound Zero<\/strong> System<\/li>\n<li>Kompaktes Design, ideal f\u00fcr eine Mindestanbaufl\u00e4che von 2,4-2,6 m2<\/li>\n<li>Vollst\u00e4ndig dimmbar<\/li>\n<li>Einfache Plug &amp; Play-Installation<\/li>\n<\/ul>\n<p><strong><br \/><\/strong><\/p>\n","protected":false},"excerpt":{"rendered":"<p>ORTOLED hat seinen Katalog um die neue Lampenserie ORTOLED S LINE FOLDABLE ECO 720W 2.75 umol\/J erweitert, die sich perfekt<\/p>\n","protected":false},"featured_media":133925,"comment_status":"open","ping_status":"closed","template":"","meta":[],"product_brand":[],"product_cat":[7938],"product_tag":[],"class_list":{"0":"post-133956","1":"product","2":"type-product","3":"status-publish","4":"has-post-thumbnail","6":"product_cat-led-lampe","8":"first","9":"instock","10":"sale","11":"taxable","12":"shipping-taxable","13":"purchasable","14":"product-type-simple"},"_links":{"self":[{"href":"https:\/\/www.budream.com\/de\/wp-json\/wp\/v2\/product\/133956","targetHints":{"allow":["GET"]}}],"collection":[{"href":"https:\/\/www.budream.com\/de\/wp-json\/wp\/v2\/product"}],"about":[{"href":"https:\/\/www.budream.com\/de\/wp-json\/wp\/v2\/types\/product"}],"replies":[{"embeddable":true,"href":"https:\/\/www.budream.com\/de\/wp-json\/wp\/v2\/comments?post=133956"}],"version-history":[{"count":1,"href":"https:\/\/www.budream.com\/de\/wp-json\/wp\/v2\/product\/133956\/revisions"}],"predecessor-version":[{"id":264363,"href":"https:\/\/www.budream.com\/de\/wp-json\/wp\/v2\/product\/133956\/revisions\/264363"}],"wp:featuredmedia":[{"embeddable":true,"href":"https:\/\/www.budream.com\/de\/wp-json\/wp\/v2\/media\/133925"}],"wp:attachment":[{"href":"https:\/\/www.budream.com\/de\/wp-json\/wp\/v2\/media?parent=133956"}],"wp:term":[{"taxonomy":"product_brand","embeddable":true,"href":"https:\/\/www.budream.com\/de\/wp-json\/wp\/v2\/product_brand?post=133956"},{"taxonomy":"product_cat","embeddable":true,"href":"https:\/\/www.budream.com\/de\/wp-json\/wp\/v2\/product_cat?post=133956"},{"taxonomy":"product_tag","embeddable":true,"href":"https:\/\/www.budream.com\/de\/wp-json\/wp\/v2\/product_tag?post=133956"}],"curies":[{"name":"wp","href":"https:\/\/api.w.org\/{rel}","templated":true}]}}