{"id":133976,"date":"2025-07-31T01:30:49","date_gmt":"2025-07-30T23:30:49","guid":{"rendered":"https:\/\/www.budream.com\/shop\/arizer-nur-2-max-verdampfer\/"},"modified":"2026-02-02T17:42:45","modified_gmt":"2026-02-02T15:42:45","slug":"arizer-nur-2-max-verdampfer","status":"publish","type":"product","link":"https:\/\/www.budream.com\/de\/shop\/arizer-nur-2-max-verdampfer\/","title":{"rendered":"ARIZER &#8211; NUR 2 MAX | VERDAMPFER"},"content":{"rendered":"<p><strong>Der Solo 2 Max<\/strong> repr\u00e4sentiert eine neue \u00c4ra der tragbaren Verdampfer, mit einer Akkulaufzeit von bis zu 3 Stunden und der M\u00f6glichkeit, ihn w\u00e4hrend des Aufladens zu verwenden. Sein Design mit einem isolierten Luftweg und einem Glasdampfrohr verspricht ein \u00fcberragendes Geschmackserlebnis, das die nat\u00fcrlichen Terpenprofile optimal aktiviert.<\/p>\n<p>Anpassungsm\u00f6glichkeiten durch personalisierte Sitzungseinstellungen bieten zusammen mit dem benutzerfreundlichen Betriebssystem und dem OLED-Display vollst\u00e4ndige Kontrolle mit pr\u00e4ziser Temperaturregelung. Die Solo II speichert Ihre Lieblingseinstellungen f\u00fcr das n\u00e4chste Mal.<\/p>\n<p>Dank der Verwendung von reinem Borosilikatglas f\u00fcr den Luft- und Dampfweg kommen Aromen und Terpene hervorragend zur Geltung, w\u00e4hrend die fortschrittliche Keramik-Heiztechnologie von Arizer eine effiziente Extraktion gew\u00e4hrleistet. Die Solo II ist dank ihres langlebigen Akkus und der praktischen Tragetasche die perfekte Wahl f\u00fcr unterwegs.<\/p>\n<p>Arizer, ein Pionier in der Verdampferbranche seit 2005, hat sich durch st\u00e4ndige Forschung und innovatives Design als Ma\u00dfstab f\u00fcr Qualit\u00e4t und Leistung etabliert. Hochwertige Produkte, erschwingliche Preise und ein ausgezeichneter Kundenservice runden das Angebot ab. Der Solo 2 Max ist eine Einladung an alle Genie\u00dfer, die Kontrolle \u00fcber ihr Dampferlebnis zu \u00fcbernehmen und reinen und intensiven Geschmack zu genie\u00dfen.<\/p>\n<h2>Inhalt des Kartons:<\/h2>\n<ul style=\"list-style-type: disc\">\n<li>1 x Solo II MAX<\/li>\n<li>1 x USB-C-Ladeger\u00e4t (5V, 3A)<\/li>\n<li>1 x Air \/ Solo Glasmundst\u00fcck (110 mm)<\/li>\n<li>1 x Milchglas-Aromar\u00f6hre Air \/ Solo (14 mm)<\/li>\n<li>2 x Air \/ Solo Stielkappe<\/li>\n<li>1 x PVC-Reiseschlauch mit Kappe (110 mm)<\/li>\n<li>1 x PVC-Schlauch mit Kappe (70 mm)<\/li>\n<li>1 x R\u00fchrwerkzeug aus rostfreiem Stahl<\/li>\n<li>4 x Stahlsieb Air \/ Solo<\/li>\n<li>1 x Gebrauchsanweisung f\u00fcr Solo II MAX<\/li>\n<\/ul>\n","protected":false},"excerpt":{"rendered":"<p>Der Solo 2 Max repr\u00e4sentiert eine neue \u00c4ra der tragbaren Verdampfer, mit einer Akkulaufzeit von bis zu 3 Stunden und<\/p>\n","protected":false},"featured_media":133960,"comment_status":"open","ping_status":"closed","template":"","meta":[],"product_brand":[],"product_cat":[7907],"product_tag":[],"class_list":{"0":"post-133976","1":"product","2":"type-product","3":"status-publish","4":"has-post-thumbnail","6":"product_cat-verdampfer","8":"first","9":"instock","10":"sale","11":"taxable","12":"shipping-taxable","13":"purchasable","14":"product-type-simple"},"aioseo_notices":[],"_links":{"self":[{"href":"https:\/\/www.budream.com\/de\/wp-json\/wp\/v2\/product\/133976","targetHints":{"allow":["GET"]}}],"collection":[{"href":"https:\/\/www.budream.com\/de\/wp-json\/wp\/v2\/product"}],"about":[{"href":"https:\/\/www.budream.com\/de\/wp-json\/wp\/v2\/types\/product"}],"replies":[{"embeddable":true,"href":"https:\/\/www.budream.com\/de\/wp-json\/wp\/v2\/comments?post=133976"}],"version-history":[{"count":0,"href":"https:\/\/www.budream.com\/de\/wp-json\/wp\/v2\/product\/133976\/revisions"}],"wp:featuredmedia":[{"embeddable":true,"href":"https:\/\/www.budream.com\/de\/wp-json\/wp\/v2\/media\/133960"}],"wp:attachment":[{"href":"https:\/\/www.budream.com\/de\/wp-json\/wp\/v2\/media?parent=133976"}],"wp:term":[{"taxonomy":"product_brand","embeddable":true,"href":"https:\/\/www.budream.com\/de\/wp-json\/wp\/v2\/product_brand?post=133976"},{"taxonomy":"product_cat","embeddable":true,"href":"https:\/\/www.budream.com\/de\/wp-json\/wp\/v2\/product_cat?post=133976"},{"taxonomy":"product_tag","embeddable":true,"href":"https:\/\/www.budream.com\/de\/wp-json\/wp\/v2\/product_tag?post=133976"}],"curies":[{"name":"wp","href":"https:\/\/api.w.org\/{rel}","templated":true}]}}