{"id":134046,"date":"2025-07-31T01:33:10","date_gmt":"2025-07-30T23:33:10","guid":{"rendered":"https:\/\/www.budream.com\/shop\/davinci-iq3-flaches-mundstueck-ersatz\/"},"modified":"2025-12-23T21:17:25","modified_gmt":"2025-12-23T19:17:25","slug":"davinci-iq3-flaches-mundstueck-ersatz","status":"publish","type":"product","link":"https:\/\/www.budream.com\/de\/shop\/davinci-iq3-flaches-mundstueck-ersatz\/","title":{"rendered":"DAVINCI &#8211; IQ3 FLACHES MUNDST\u00dcCK (ERSATZ)"},"content":{"rendered":"<p>Flaches Ersatzmundst\u00fcck aus Zirkoniumdioxid f\u00fcr den DaVinci IQ3 Vaporizer.<\/p>\n<p>Bietet eine unvergleichliche Geschmacksgenauigkeit f\u00fcr ein erfrischendes, sanftes und geschmackvolles Erlebnis bei der Verwendung des Davinci IQ3 Verdampfers<\/p>\n","protected":false},"excerpt":{"rendered":"<p>Flaches Ersatzmundst\u00fcck aus Zirkoniumdioxid f\u00fcr den DaVinci IQ3 Vaporizer. Bietet eine unvergleichliche Geschmacksgenauigkeit f\u00fcr ein erfrischendes, sanftes und geschmackvolles Erlebnis<\/p>\n","protected":false},"featured_media":134035,"comment_status":"open","ping_status":"closed","template":"","meta":[],"product_brand":[],"product_cat":[7907],"product_tag":[],"class_list":{"0":"post-134046","1":"product","2":"type-product","3":"status-publish","4":"has-post-thumbnail","6":"product_cat-verdampfer","8":"first","9":"instock","10":"sale","11":"taxable","12":"shipping-taxable","13":"purchasable","14":"product-type-simple"},"aioseo_notices":[],"_links":{"self":[{"href":"https:\/\/www.budream.com\/de\/wp-json\/wp\/v2\/product\/134046","targetHints":{"allow":["GET"]}}],"collection":[{"href":"https:\/\/www.budream.com\/de\/wp-json\/wp\/v2\/product"}],"about":[{"href":"https:\/\/www.budream.com\/de\/wp-json\/wp\/v2\/types\/product"}],"replies":[{"embeddable":true,"href":"https:\/\/www.budream.com\/de\/wp-json\/wp\/v2\/comments?post=134046"}],"version-history":[{"count":0,"href":"https:\/\/www.budream.com\/de\/wp-json\/wp\/v2\/product\/134046\/revisions"}],"wp:featuredmedia":[{"embeddable":true,"href":"https:\/\/www.budream.com\/de\/wp-json\/wp\/v2\/media\/134035"}],"wp:attachment":[{"href":"https:\/\/www.budream.com\/de\/wp-json\/wp\/v2\/media?parent=134046"}],"wp:term":[{"taxonomy":"product_brand","embeddable":true,"href":"https:\/\/www.budream.com\/de\/wp-json\/wp\/v2\/product_brand?post=134046"},{"taxonomy":"product_cat","embeddable":true,"href":"https:\/\/www.budream.com\/de\/wp-json\/wp\/v2\/product_cat?post=134046"},{"taxonomy":"product_tag","embeddable":true,"href":"https:\/\/www.budream.com\/de\/wp-json\/wp\/v2\/product_tag?post=134046"}],"curies":[{"name":"wp","href":"https:\/\/api.w.org\/{rel}","templated":true}]}}