{"id":134056,"date":"2025-07-31T01:33:40","date_gmt":"2025-07-30T23:33:40","guid":{"rendered":"https:\/\/www.budream.com\/shop\/davinci-iq3-cool-core-ersatz\/"},"modified":"2025-12-23T21:16:34","modified_gmt":"2025-12-23T19:16:34","slug":"davinci-iq3-cool-core-ersatz","status":"publish","type":"product","link":"https:\/\/www.budream.com\/de\/shop\/davinci-iq3-cool-core-ersatz\/","title":{"rendered":"DAVINCI &#8211; IQ3 COOL CORE (ERSATZ)"},"content":{"rendered":"<p>Zirconia Cool Core&trade; Ersatzteil f\u00fcr den DaVinci IQ3 Verdampfer.<\/p>\n<p>Diese patentierte Technologie k\u00fchlt den Dampf im Vergleich zu den Vorg\u00e4ngermodellen um 50% ab und sorgt f\u00fcr ein k\u00fchles und erfrischendes Gef\u00fchl bei jedem Zug. F\u00fcr ein noch au\u00dfergew\u00f6hnlicheres Erlebnis k\u00fchlen Sie den Zirconia Cool Core&trade; im Gefrierfach vor, um einen Dampf zu genie\u00dfen, der sich fast wie aus einer anderen Welt anf\u00fchlt.<\/p>\n","protected":false},"excerpt":{"rendered":"<p>Zirconia Cool Core&trade; Ersatzteil f\u00fcr den DaVinci IQ3 Verdampfer. Diese patentierte Technologie k\u00fchlt den Dampf im Vergleich zu den Vorg\u00e4ngermodellen<\/p>\n","protected":false},"featured_media":134050,"comment_status":"open","ping_status":"closed","template":"","meta":[],"product_brand":[],"product_cat":[7907],"product_tag":[],"class_list":{"0":"post-134056","1":"product","2":"type-product","3":"status-publish","4":"has-post-thumbnail","6":"product_cat-verdampfer","8":"first","9":"instock","10":"sale","11":"taxable","12":"shipping-taxable","13":"purchasable","14":"product-type-simple"},"aioseo_notices":[],"_links":{"self":[{"href":"https:\/\/www.budream.com\/de\/wp-json\/wp\/v2\/product\/134056","targetHints":{"allow":["GET"]}}],"collection":[{"href":"https:\/\/www.budream.com\/de\/wp-json\/wp\/v2\/product"}],"about":[{"href":"https:\/\/www.budream.com\/de\/wp-json\/wp\/v2\/types\/product"}],"replies":[{"embeddable":true,"href":"https:\/\/www.budream.com\/de\/wp-json\/wp\/v2\/comments?post=134056"}],"version-history":[{"count":0,"href":"https:\/\/www.budream.com\/de\/wp-json\/wp\/v2\/product\/134056\/revisions"}],"wp:featuredmedia":[{"embeddable":true,"href":"https:\/\/www.budream.com\/de\/wp-json\/wp\/v2\/media\/134050"}],"wp:attachment":[{"href":"https:\/\/www.budream.com\/de\/wp-json\/wp\/v2\/media?parent=134056"}],"wp:term":[{"taxonomy":"product_brand","embeddable":true,"href":"https:\/\/www.budream.com\/de\/wp-json\/wp\/v2\/product_brand?post=134056"},{"taxonomy":"product_cat","embeddable":true,"href":"https:\/\/www.budream.com\/de\/wp-json\/wp\/v2\/product_cat?post=134056"},{"taxonomy":"product_tag","embeddable":true,"href":"https:\/\/www.budream.com\/de\/wp-json\/wp\/v2\/product_tag?post=134056"}],"curies":[{"name":"wp","href":"https:\/\/api.w.org\/{rel}","templated":true}]}}