{"id":134096,"date":"2025-07-31T01:35:08","date_gmt":"2025-07-30T23:35:08","guid":{"rendered":"https:\/\/www.budream.com\/shop\/davinci-iq3-erweitert-mundstueck-ersatz\/"},"modified":"2026-01-14T13:14:44","modified_gmt":"2026-01-14T11:14:44","slug":"davinci-iq3-erweitert-mundstueck-ersatz","status":"publish","type":"product","link":"https:\/\/www.budream.com\/de\/shop\/davinci-iq3-erweitert-mundstueck-ersatz\/","title":{"rendered":"DAVINCI &#8211; IQ3 ERWEITERT MUNDST\u00dcCK (ERSATZ)"},"content":{"rendered":"<p>10 mm Zirkoniumdioxid-Wasser-Tool-Adapter, Ersatzteil f\u00fcr DaVinci IQ3 Verdampfer.<\/p>\n<p>Bietet unvergleichliche Geschmacksgenauigkeit f\u00fcr ein erfrischendes, sanftes und geschmackvolles Erlebnis, wenn der DaVinci IQ3 Vaporizer mit einem beliebigen Wasserger\u00e4t oder als erweitertes Mundst\u00fcck verwendet wird.<\/p>\n","protected":false},"excerpt":{"rendered":"<p>10 mm Zirkoniumdioxid-Wasser-Tool-Adapter, Ersatzteil f\u00fcr DaVinci IQ3 Verdampfer. Bietet unvergleichliche Geschmacksgenauigkeit f\u00fcr ein erfrischendes, sanftes und geschmackvolles Erlebnis, wenn der<\/p>\n","protected":false},"featured_media":134085,"comment_status":"open","ping_status":"closed","template":"","meta":[],"product_brand":[],"product_cat":[7907],"product_tag":[],"class_list":{"0":"post-134096","1":"product","2":"type-product","3":"status-publish","4":"has-post-thumbnail","6":"product_cat-verdampfer","8":"first","9":"instock","10":"sale","11":"taxable","12":"shipping-taxable","13":"purchasable","14":"product-type-simple"},"aioseo_notices":[],"_links":{"self":[{"href":"https:\/\/www.budream.com\/de\/wp-json\/wp\/v2\/product\/134096","targetHints":{"allow":["GET"]}}],"collection":[{"href":"https:\/\/www.budream.com\/de\/wp-json\/wp\/v2\/product"}],"about":[{"href":"https:\/\/www.budream.com\/de\/wp-json\/wp\/v2\/types\/product"}],"replies":[{"embeddable":true,"href":"https:\/\/www.budream.com\/de\/wp-json\/wp\/v2\/comments?post=134096"}],"version-history":[{"count":0,"href":"https:\/\/www.budream.com\/de\/wp-json\/wp\/v2\/product\/134096\/revisions"}],"wp:featuredmedia":[{"embeddable":true,"href":"https:\/\/www.budream.com\/de\/wp-json\/wp\/v2\/media\/134085"}],"wp:attachment":[{"href":"https:\/\/www.budream.com\/de\/wp-json\/wp\/v2\/media?parent=134096"}],"wp:term":[{"taxonomy":"product_brand","embeddable":true,"href":"https:\/\/www.budream.com\/de\/wp-json\/wp\/v2\/product_brand?post=134096"},{"taxonomy":"product_cat","embeddable":true,"href":"https:\/\/www.budream.com\/de\/wp-json\/wp\/v2\/product_cat?post=134096"},{"taxonomy":"product_tag","embeddable":true,"href":"https:\/\/www.budream.com\/de\/wp-json\/wp\/v2\/product_tag?post=134096"}],"curies":[{"name":"wp","href":"https:\/\/api.w.org\/{rel}","templated":true}]}}