{"id":134111,"date":"2025-07-31T01:35:54","date_gmt":"2025-07-30T23:35:54","guid":{"rendered":"https:\/\/www.budream.com\/shop\/qnubu-autosift-vibrierende-trockensiebextraktor\/"},"modified":"2026-04-14T15:16:03","modified_gmt":"2026-04-14T13:16:03","slug":"qnubu-autosift-vibrierende-trockensiebextraktor","status":"publish","type":"product","link":"https:\/\/www.budream.com\/de\/shop\/qnubu-autosift-vibrierende-trockensiebextraktor\/","title":{"rendered":"QNUBU &#8211; AUTOSIFT VIBRIERENDE TROCKENSIEBEXTRAKTOR"},"content":{"rendered":"<p>Der <strong>Autosift<\/strong> von Qnubu ist ein vibrierendes elektrisches Sieb, das in einer Vielzahl von Anwendungen eingesetzt werden kann, beispielsweise in der Lebensmittel-, Chemie- und Pharmaindustrie.<\/p>\n<p>Mit seinem elektrischen Betrieb und den <strong>70- und 90-Mikron-Sieben<\/strong> ist es die ideale L\u00f6sung, um gro\u00dfe Mengen an Material schnell und effizient zu sieben.<\/p>\n<p>Das elektrische Vibrationssieb von Qnubu automatisiert den Siebvorgang und spart so Zeit und M\u00fche. Au\u00dferdem garantiert es eine gleichm\u00e4\u00dfige und pr\u00e4zise Siebung, was die Produktqualit\u00e4t verbessert.<\/p>\n<h2><span style=\"text-decoration: underline\"><strong>Autosift Gebrauchsanweisung:<\/strong><\/span><\/h2>\n<ul style=\"list-style-type: disc\">\n<li>Die rutschfeste Matte auflegen.<\/li>\n<li>Sieb ausw\u00e4hlen.<\/li>\n<li>F\u00fcllen Sie das Sieb zu einem Drittel mit dem zu siebenden Material.<\/li>\n<li>Das Sieb mit dem Deckel abdecken und die Verankerungen anbringen.<\/li>\n<li>Einen Beh\u00e4lter an den Auslass der Schale stellen.<\/li>\n<li>Dr\u00fccken Sie die Starttaste.<\/li>\n<\/ul>\n<h2><span style=\"text-decoration: underline\"><strong>Merkmale Autosift Qnubu:<\/strong><\/span><\/h2>\n<ul style=\"list-style-type: disc\">\n<li>Satz von 70-Mikron- und 90-Mikron-Sieben<\/li>\n<li>31cm Siebdurchmesser<\/li>\n<li>Betriebsspannung AC220V\/ 50 Hz\/60 Hz<\/li>\n<li>Siebleistung 1150 mal\/min<\/li>\n<li>Leistung 50 W<\/li>\n<\/ul>\n<h2><span style=\"text-decoration: underline\"><strong>Enth\u00e4lt:<\/strong><\/span><\/h2>\n<ul style=\"list-style-type: disc\">\n<li>Anti-Rutsch-Matte<\/li>\n<li>B\u00fcrste<\/li>\n<\/ul>\n","protected":false},"excerpt":{"rendered":"<p>Der Autosift von Qnubu ist ein vibrierendes elektrisches Sieb, das in einer Vielzahl von Anwendungen eingesetzt werden kann, beispielsweise in<\/p>\n","protected":false},"featured_media":134100,"comment_status":"open","ping_status":"closed","template":"","meta":[],"product_brand":[],"product_cat":[7947],"product_tag":[],"class_list":{"0":"post-134111","1":"product","2":"type-product","3":"status-publish","4":"has-post-thumbnail","6":"product_cat-headshop-de","8":"first","9":"instock","10":"taxable","11":"shipping-taxable","12":"purchasable","13":"product-type-simple"},"aioseo_notices":[],"_links":{"self":[{"href":"https:\/\/www.budream.com\/de\/wp-json\/wp\/v2\/product\/134111","targetHints":{"allow":["GET"]}}],"collection":[{"href":"https:\/\/www.budream.com\/de\/wp-json\/wp\/v2\/product"}],"about":[{"href":"https:\/\/www.budream.com\/de\/wp-json\/wp\/v2\/types\/product"}],"replies":[{"embeddable":true,"href":"https:\/\/www.budream.com\/de\/wp-json\/wp\/v2\/comments?post=134111"}],"version-history":[{"count":1,"href":"https:\/\/www.budream.com\/de\/wp-json\/wp\/v2\/product\/134111\/revisions"}],"predecessor-version":[{"id":262861,"href":"https:\/\/www.budream.com\/de\/wp-json\/wp\/v2\/product\/134111\/revisions\/262861"}],"wp:featuredmedia":[{"embeddable":true,"href":"https:\/\/www.budream.com\/de\/wp-json\/wp\/v2\/media\/134100"}],"wp:attachment":[{"href":"https:\/\/www.budream.com\/de\/wp-json\/wp\/v2\/media?parent=134111"}],"wp:term":[{"taxonomy":"product_brand","embeddable":true,"href":"https:\/\/www.budream.com\/de\/wp-json\/wp\/v2\/product_brand?post=134111"},{"taxonomy":"product_cat","embeddable":true,"href":"https:\/\/www.budream.com\/de\/wp-json\/wp\/v2\/product_cat?post=134111"},{"taxonomy":"product_tag","embeddable":true,"href":"https:\/\/www.budream.com\/de\/wp-json\/wp\/v2\/product_tag?post=134111"}],"curies":[{"name":"wp","href":"https:\/\/api.w.org\/{rel}","templated":true}]}}