{"id":134136,"date":"2025-07-31T01:36:23","date_gmt":"2025-07-30T23:36:23","guid":{"rendered":"https:\/\/www.budream.com\/shop\/ortoled-regler-0-10-pwm\/"},"modified":"2026-03-23T12:28:19","modified_gmt":"2026-03-23T10:28:19","slug":"ortoled-regler-0-10-pwm","status":"publish","type":"product","link":"https:\/\/www.budream.com\/de\/shop\/ortoled-regler-0-10-pwm\/","title":{"rendered":"ORTOLED &#8211; REGLER 0-10 &amp; PWM"},"content":{"rendered":"<p class=\"p1\">Der ORTOLED 0-10V &amp; PWM-Controller wurde f\u00fcr die pr\u00e4zise Steuerung von LED-Beleuchtungssystemen entwickelt und bietet einen 0-10V-Signalausgang mit einer maximalen Leistung von 50mA und eine fortschrittliche PWM-Steuerung. Mit einer Spannung von 5V und einem Verbrauch von 2A kann das Ger\u00e4t bis zu 30 LED-Lampen steuern und ist damit ideal f\u00fcr kommerzielle und private Beleuchtungsanwendungen.<br \/>Hervorragende L\u00f6sung f\u00fcr 1-Kanal-Steuerung.<\/p>\n<p class=\"p1\">Das kompakte Design mit Abmessungen von 145x80x28 mm und einem Gewicht von 310 g verf\u00fcgt \u00fcber RJ14-Anschl\u00fcsse f\u00fcr das 0-10V-Signal, RJ19 f\u00fcr die PWM-Steuerung und einen speziellen Eingang f\u00fcr den Temperatur- und Feuchtigkeitssensor, um eine vollst\u00e4ndige und zuverl\u00e4ssige Steuerung \u00fcber einen Betriebstemperaturbereich von 0&deg;C bis 40&deg;C zu erm\u00f6glichen.<\/p>\n<h2><span style=\"text-decoration: underline\"><strong>Merkmale Ortoled Controller 0-10 &amp; PWM:<\/strong><\/span><\/h2>\n<ul style=\"list-style-type: disc\">\n<li>Maximale Leistung 50mA<\/li>\n<li>2A Verbrauch<\/li>\n<li>Verarbeitet bis zu 30 LED-Lampen<\/li>\n<li>Abmessungen: 145x80x28 mm<\/li>\n<li>Gewicht: 310g<\/li>\n<li>Betriebstemperatur zwischen 0&deg;C und 40&deg;C<\/li>\n<\/ul>\n","protected":false},"excerpt":{"rendered":"<p>Der ORTOLED 0-10V &amp; PWM-Controller wurde f\u00fcr die pr\u00e4zise Steuerung von LED-Beleuchtungssystemen entwickelt und bietet einen 0-10V-Signalausgang mit einer maximalen<\/p>\n","protected":false},"featured_media":134115,"comment_status":"open","ping_status":"closed","template":"","meta":[],"product_brand":[],"product_cat":[7938],"product_tag":[],"class_list":{"0":"post-134136","1":"product","2":"type-product","3":"status-publish","4":"has-post-thumbnail","6":"product_cat-led-lampe","8":"first","9":"instock","10":"sale","11":"taxable","12":"shipping-taxable","13":"purchasable","14":"product-type-simple"},"aioseo_notices":[],"_links":{"self":[{"href":"https:\/\/www.budream.com\/de\/wp-json\/wp\/v2\/product\/134136","targetHints":{"allow":["GET"]}}],"collection":[{"href":"https:\/\/www.budream.com\/de\/wp-json\/wp\/v2\/product"}],"about":[{"href":"https:\/\/www.budream.com\/de\/wp-json\/wp\/v2\/types\/product"}],"replies":[{"embeddable":true,"href":"https:\/\/www.budream.com\/de\/wp-json\/wp\/v2\/comments?post=134136"}],"version-history":[{"count":0,"href":"https:\/\/www.budream.com\/de\/wp-json\/wp\/v2\/product\/134136\/revisions"}],"wp:featuredmedia":[{"embeddable":true,"href":"https:\/\/www.budream.com\/de\/wp-json\/wp\/v2\/media\/134115"}],"wp:attachment":[{"href":"https:\/\/www.budream.com\/de\/wp-json\/wp\/v2\/media?parent=134136"}],"wp:term":[{"taxonomy":"product_brand","embeddable":true,"href":"https:\/\/www.budream.com\/de\/wp-json\/wp\/v2\/product_brand?post=134136"},{"taxonomy":"product_cat","embeddable":true,"href":"https:\/\/www.budream.com\/de\/wp-json\/wp\/v2\/product_cat?post=134136"},{"taxonomy":"product_tag","embeddable":true,"href":"https:\/\/www.budream.com\/de\/wp-json\/wp\/v2\/product_tag?post=134136"}],"curies":[{"name":"wp","href":"https:\/\/api.w.org\/{rel}","templated":true}]}}