{"id":134151,"date":"2025-07-31T01:37:19","date_gmt":"2025-07-30T23:37:19","guid":{"rendered":"https:\/\/www.budream.com\/shop\/notamix-pop-notes-box-50pcs\/"},"modified":"2026-04-21T13:54:08","modified_gmt":"2026-04-21T11:54:08","slug":"notamix-pop-notes-box-50pcs","status":"publish","type":"product","link":"https:\/\/www.budream.com\/de\/shop\/notamix-pop-notes-box-50pcs\/","title":{"rendered":"NOTAMIX &#8211; POP NOTES | BOX 50pcs."},"content":{"rendered":"<div style=\"text-align: left\">\n<p>Praktisch, einfach, schnell und im Taschenformat, um Ihre Skizzen oder Notizen immer dabei zu haben. Verlieren Sie Ihre Ideen nicht und nehmen Sie sie mit unserem Mini-Notizblock auf Hanfpapier immer mit.<\/p>\n<p>Ein kompakter und praktischer Notizblock, perfekt f\u00fcr Notizen unterwegs. Seine dicken, strapazierf\u00e4higen Seiten bieten eine optimale Schreibfl\u00e4che f\u00fcr jede Art von Stift.<\/p>\n<p><span style=\"text-decoration: underline\"><strong>Produktmerkmale:<\/strong><\/span><\/p>\n<ul>\n<li><strong>Blattgr\u00f6\u00dfe:<\/strong> 23&#215;54 mm<\/li>\n<li><strong>Blattgewicht:<\/strong> 120 g\/m&sup2;<\/li>\n<li><strong>Bl\u00e4tter pro Block:<\/strong> 35<\/li>\n<li><strong>Bl\u00f6cke pro Schachtel:<\/strong> 5<\/li>\n<li><strong>Schachteln pro Displaykarton:<\/strong> 10<\/li>\n<\/ul>\n<p>Wir bieten den <strong>kompletten Displaykarton<\/strong> an, der 10 Schachteln enth\u00e4lt. Jeder Karton enth\u00e4lt 5 Bl\u00f6cke, also insgesamt 50 Bl\u00f6cke und 2.500 Blatt. Dieses Format ist ideal f\u00fcr alle, die immer einen Vorrat an hochwertigen Notizbl\u00f6cken f\u00fcr ihren Bedarf zur Verf\u00fcgung haben m\u00f6chten.<\/p>\n<\/div>\n","protected":false},"excerpt":{"rendered":"<p>Praktisch, einfach, schnell und im Taschenformat, um Ihre Skizzen oder Notizen immer dabei zu haben. Verlieren Sie Ihre Ideen nicht<\/p>\n","protected":false},"featured_media":134140,"comment_status":"open","ping_status":"closed","template":"","meta":[],"product_brand":[],"product_cat":[7947],"product_tag":[],"class_list":{"0":"post-134151","1":"product","2":"type-product","3":"status-publish","4":"has-post-thumbnail","6":"product_cat-headshop-de","8":"first","9":"outofstock","10":"taxable","11":"shipping-taxable","12":"purchasable","13":"product-type-simple"},"aioseo_notices":[],"_links":{"self":[{"href":"https:\/\/www.budream.com\/de\/wp-json\/wp\/v2\/product\/134151","targetHints":{"allow":["GET"]}}],"collection":[{"href":"https:\/\/www.budream.com\/de\/wp-json\/wp\/v2\/product"}],"about":[{"href":"https:\/\/www.budream.com\/de\/wp-json\/wp\/v2\/types\/product"}],"replies":[{"embeddable":true,"href":"https:\/\/www.budream.com\/de\/wp-json\/wp\/v2\/comments?post=134151"}],"version-history":[{"count":0,"href":"https:\/\/www.budream.com\/de\/wp-json\/wp\/v2\/product\/134151\/revisions"}],"wp:featuredmedia":[{"embeddable":true,"href":"https:\/\/www.budream.com\/de\/wp-json\/wp\/v2\/media\/134140"}],"wp:attachment":[{"href":"https:\/\/www.budream.com\/de\/wp-json\/wp\/v2\/media?parent=134151"}],"wp:term":[{"taxonomy":"product_brand","embeddable":true,"href":"https:\/\/www.budream.com\/de\/wp-json\/wp\/v2\/product_brand?post=134151"},{"taxonomy":"product_cat","embeddable":true,"href":"https:\/\/www.budream.com\/de\/wp-json\/wp\/v2\/product_cat?post=134151"},{"taxonomy":"product_tag","embeddable":true,"href":"https:\/\/www.budream.com\/de\/wp-json\/wp\/v2\/product_tag?post=134151"}],"curies":[{"name":"wp","href":"https:\/\/api.w.org\/{rel}","templated":true}]}}