{"id":134171,"date":"2025-07-31T01:37:58","date_gmt":"2025-07-30T23:37:58","guid":{"rendered":"https:\/\/www.budream.com\/shop\/easyroll-antihaft-fingerhandschuhe-50-weisse-handschuhe\/"},"modified":"2026-03-09T18:00:25","modified_gmt":"2026-03-09T16:00:25","slug":"easyroll-antihaft-fingerhandschuhe-50-weisse-handschuhe","status":"publish","type":"product","link":"https:\/\/www.budream.com\/de\/shop\/easyroll-antihaft-fingerhandschuhe-50-weisse-handschuhe\/","title":{"rendered":"EASYROLL &#8211; FINGERH\u00dcTE ANTIHAFT-FINGERHANDSCHUHE | 50 WEISSE HANDSCHUHE"},"content":{"rendered":"<p>Die &#8222;Professional Finger Savers&#8220; von Easy Roll sind Werkzeuge, die einen sicheren und pr\u00e4zisen Griff bieten und die Finger bei heiklen Vorg\u00e4ngen sch\u00fctzen. Sie sind besonders n\u00fctzlich f\u00fcr Anwendungen, die feines handwerkliches Geschick erfordern, und tragen dazu bei, das Risiko von Fehlern oder Verschwendung zu verringern. Sie sind aus robustem, rutschfestem Material gefertigt und bieten Komfort und Haltbarkeit.<\/p>\n","protected":false},"excerpt":{"rendered":"<p>Die &#8222;Professional Finger Savers&#8220; von Easy Roll sind Werkzeuge, die einen sicheren und pr\u00e4zisen Griff bieten und die Finger bei<\/p>\n","protected":false},"featured_media":134155,"comment_status":"open","ping_status":"closed","template":"","meta":[],"product_brand":[],"product_cat":[7947],"product_tag":[],"class_list":{"0":"post-134171","1":"product","2":"type-product","3":"status-publish","4":"has-post-thumbnail","6":"product_cat-headshop-de","8":"first","9":"instock","10":"taxable","11":"shipping-taxable","12":"purchasable","13":"product-type-simple"},"aioseo_notices":[],"_links":{"self":[{"href":"https:\/\/www.budream.com\/de\/wp-json\/wp\/v2\/product\/134171","targetHints":{"allow":["GET"]}}],"collection":[{"href":"https:\/\/www.budream.com\/de\/wp-json\/wp\/v2\/product"}],"about":[{"href":"https:\/\/www.budream.com\/de\/wp-json\/wp\/v2\/types\/product"}],"replies":[{"embeddable":true,"href":"https:\/\/www.budream.com\/de\/wp-json\/wp\/v2\/comments?post=134171"}],"version-history":[{"count":1,"href":"https:\/\/www.budream.com\/de\/wp-json\/wp\/v2\/product\/134171\/revisions"}],"predecessor-version":[{"id":255144,"href":"https:\/\/www.budream.com\/de\/wp-json\/wp\/v2\/product\/134171\/revisions\/255144"}],"wp:featuredmedia":[{"embeddable":true,"href":"https:\/\/www.budream.com\/de\/wp-json\/wp\/v2\/media\/134155"}],"wp:attachment":[{"href":"https:\/\/www.budream.com\/de\/wp-json\/wp\/v2\/media?parent=134171"}],"wp:term":[{"taxonomy":"product_brand","embeddable":true,"href":"https:\/\/www.budream.com\/de\/wp-json\/wp\/v2\/product_brand?post=134171"},{"taxonomy":"product_cat","embeddable":true,"href":"https:\/\/www.budream.com\/de\/wp-json\/wp\/v2\/product_cat?post=134171"},{"taxonomy":"product_tag","embeddable":true,"href":"https:\/\/www.budream.com\/de\/wp-json\/wp\/v2\/product_tag?post=134171"}],"curies":[{"name":"wp","href":"https:\/\/api.w.org\/{rel}","templated":true}]}}