{"id":134251,"date":"2025-07-31T01:46:35","date_gmt":"2025-07-30T23:46:35","guid":{"rendered":"https:\/\/www.budream.com\/shop\/arizer-pvc-rohr-fuer-glasrohr-110mm-replacement-arizer-air-max-arizer-solo-3\/"},"modified":"2026-01-19T11:38:37","modified_gmt":"2026-01-19T09:38:37","slug":"arizer-pvc-rohr-fuer-glasrohr-110mm-replacement-arizer-air-max-arizer-solo-3","status":"publish","type":"product","link":"https:\/\/www.budream.com\/de\/shop\/arizer-pvc-rohr-fuer-glasrohr-110mm-replacement-arizer-air-max-arizer-solo-3\/","title":{"rendered":"ARIZER &#8211; PVC-Rohr f\u00fcr Glasrohr 110mm | REPLACEMENT ARIZER AIR MAX \/ ARIZER SOLO 3"},"content":{"rendered":"<p>ERSATZBEH\u00c4LTER F\u00dcR ARIZER GLASPFEIFE.<br \/>ERSATZ f\u00fcr ARIZER AIR MAX und ARIZER SOLO 2 und 3 .<\/p>\n<p>L\u00c4NGE: 11CM<\/p>\n","protected":false},"excerpt":{"rendered":"<p>ERSATZBEH\u00c4LTER F\u00dcR ARIZER GLASPFEIFE.ERSATZ f\u00fcr ARIZER AIR MAX und ARIZER SOLO 2 und 3 . L\u00c4NGE: 11CM<\/p>\n","protected":false},"featured_media":134245,"comment_status":"open","ping_status":"closed","template":"","meta":[],"product_brand":[],"product_cat":[7907],"product_tag":[],"class_list":{"0":"post-134251","1":"product","2":"type-product","3":"status-publish","4":"has-post-thumbnail","6":"product_cat-verdampfer","8":"first","9":"instock","10":"sale","11":"taxable","12":"shipping-taxable","13":"purchasable","14":"product-type-simple"},"aioseo_notices":[],"_links":{"self":[{"href":"https:\/\/www.budream.com\/de\/wp-json\/wp\/v2\/product\/134251","targetHints":{"allow":["GET"]}}],"collection":[{"href":"https:\/\/www.budream.com\/de\/wp-json\/wp\/v2\/product"}],"about":[{"href":"https:\/\/www.budream.com\/de\/wp-json\/wp\/v2\/types\/product"}],"replies":[{"embeddable":true,"href":"https:\/\/www.budream.com\/de\/wp-json\/wp\/v2\/comments?post=134251"}],"version-history":[{"count":0,"href":"https:\/\/www.budream.com\/de\/wp-json\/wp\/v2\/product\/134251\/revisions"}],"wp:featuredmedia":[{"embeddable":true,"href":"https:\/\/www.budream.com\/de\/wp-json\/wp\/v2\/media\/134245"}],"wp:attachment":[{"href":"https:\/\/www.budream.com\/de\/wp-json\/wp\/v2\/media?parent=134251"}],"wp:term":[{"taxonomy":"product_brand","embeddable":true,"href":"https:\/\/www.budream.com\/de\/wp-json\/wp\/v2\/product_brand?post=134251"},{"taxonomy":"product_cat","embeddable":true,"href":"https:\/\/www.budream.com\/de\/wp-json\/wp\/v2\/product_cat?post=134251"},{"taxonomy":"product_tag","embeddable":true,"href":"https:\/\/www.budream.com\/de\/wp-json\/wp\/v2\/product_tag?post=134251"}],"curies":[{"name":"wp","href":"https:\/\/api.w.org\/{rel}","templated":true}]}}