{"id":134271,"date":"2025-07-31T01:47:30","date_gmt":"2025-07-30T23:47:30","guid":{"rendered":"https:\/\/www.budream.com\/shop\/arizer-luftdichter-glasbehaelter-schwarz\/"},"modified":"2026-01-19T11:39:22","modified_gmt":"2026-01-19T09:39:22","slug":"arizer-luftdichter-glasbehaelter-schwarz","status":"publish","type":"product","link":"https:\/\/www.budream.com\/de\/shop\/arizer-luftdichter-glasbehaelter-schwarz\/","title":{"rendered":"ARIZER &#8211; LUFTDICHTER GLASBEH\u00c4LTER | SCHWARZ"},"content":{"rendered":"<p>Bewahren Sie Ihre frischen Kr\u00e4uter in dem hochwertigen, luftdichten &#8218;Herb Jar&#8216; von Arizer auf. Es handelt sich um einen Glasbeh\u00e4lter mit einer sch\u00fctzenden Silikonbeschichtung, der etwa 14-21 Gramm getrocknete Kr\u00e4uter\/Botanicals aufnehmen kann.<\/p>\n<h2>Arizer luftdichter Beh\u00e4lter:<\/h2>\n<ul style=\"list-style-type: disc\">\n<li>Glasgef\u00e4\u00df<\/li>\n<li>Luftdichter Deckel<\/li>\n<li>Schutzdeckel aus Silikon<\/li>\n<li>Kostenloses Boveda 62% RH 8g<\/li>\n<\/ul>\n","protected":false},"excerpt":{"rendered":"<p>Bewahren Sie Ihre frischen Kr\u00e4uter in dem hochwertigen, luftdichten &#8218;Herb Jar&#8216; von Arizer auf. Es handelt sich um einen Glasbeh\u00e4lter<\/p>\n","protected":false},"featured_media":134265,"comment_status":"open","ping_status":"closed","template":"","meta":[],"product_brand":[],"product_cat":[7907],"product_tag":[],"class_list":{"0":"post-134271","1":"product","2":"type-product","3":"status-publish","4":"has-post-thumbnail","6":"product_cat-verdampfer","8":"first","9":"instock","10":"sale","11":"taxable","12":"shipping-taxable","13":"purchasable","14":"product-type-simple"},"aioseo_notices":[],"_links":{"self":[{"href":"https:\/\/www.budream.com\/de\/wp-json\/wp\/v2\/product\/134271","targetHints":{"allow":["GET"]}}],"collection":[{"href":"https:\/\/www.budream.com\/de\/wp-json\/wp\/v2\/product"}],"about":[{"href":"https:\/\/www.budream.com\/de\/wp-json\/wp\/v2\/types\/product"}],"replies":[{"embeddable":true,"href":"https:\/\/www.budream.com\/de\/wp-json\/wp\/v2\/comments?post=134271"}],"version-history":[{"count":0,"href":"https:\/\/www.budream.com\/de\/wp-json\/wp\/v2\/product\/134271\/revisions"}],"wp:featuredmedia":[{"embeddable":true,"href":"https:\/\/www.budream.com\/de\/wp-json\/wp\/v2\/media\/134265"}],"wp:attachment":[{"href":"https:\/\/www.budream.com\/de\/wp-json\/wp\/v2\/media?parent=134271"}],"wp:term":[{"taxonomy":"product_brand","embeddable":true,"href":"https:\/\/www.budream.com\/de\/wp-json\/wp\/v2\/product_brand?post=134271"},{"taxonomy":"product_cat","embeddable":true,"href":"https:\/\/www.budream.com\/de\/wp-json\/wp\/v2\/product_cat?post=134271"},{"taxonomy":"product_tag","embeddable":true,"href":"https:\/\/www.budream.com\/de\/wp-json\/wp\/v2\/product_tag?post=134271"}],"curies":[{"name":"wp","href":"https:\/\/api.w.org\/{rel}","templated":true}]}}