{"id":134296,"date":"2025-07-31T01:48:03","date_gmt":"2025-07-30T23:48:03","guid":{"rendered":"https:\/\/www.budream.com\/shop\/qnubu-hydraulische-presse-cold-brick-fuer-hash-form-6x12cm-druck-4t\/"},"modified":"2026-04-14T15:16:27","modified_gmt":"2026-04-14T13:16:27","slug":"qnubu-hydraulische-presse-cold-brick-fuer-hash-form-6x12cm-druck-4t","status":"publish","type":"product","link":"https:\/\/www.budream.com\/de\/shop\/qnubu-hydraulische-presse-cold-brick-fuer-hash-form-6x12cm-druck-4t\/","title":{"rendered":"QNUBU &#8211; HYDRAULISCHE PRESSE COLD BRICK F\u00dcR HASH | Form 6x12cm DRUCK 4T"},"content":{"rendered":"<p>Endlich ein kompaktes, langlebiges und preiswertes Produkt, mit dem Sie Ihren Pollen und Ihr Haschisch in praktische Formen mit der von Ihnen gew\u00fcnschten Dicke pressen k\u00f6nnen!<\/p>\n<p>Die neue Haschischpresse von Qnubu verf\u00fcgt \u00fcber einen Hydraulikkolben, der einen Druck von 200 BAR ( 4T ) erreichen kann, und ein Manometer, mit dem Sie den Druck f\u00fcr jede Verwendung sehr genau einstellen k\u00f6nnen.<br \/>Dadurch werden das Gewicht und die Qualit\u00e4t des Endprodukts standardisiert und die Handhabung beschleunigt, insbesondere bei gro\u00dfen Waagen.<\/p>\n<h2><span style=\"text-decoration: underline\">Eigenschaften Qnubu HASH PRESS:<\/span><\/h2>\n<ul style=\"list-style-type: disc\">\n<li>Maximaler Druck: 200 BAR bei \u00dcberdruck<\/li>\n<li>Gr\u00f6\u00dfe der Form: 6&#215;12 cm<\/li>\n<li>Integriertes Manometer<\/li>\n<li>Ben\u00f6tigt keine Elektrizit\u00e4t<\/li>\n<\/ul>\n<p>WARNUNG: \u00dcben Sie keinen Druck auf die Presse aus, der den auf dem Manometer angegebenen Wert von 200 BAR oder 3000psi \u00fcberschreitet.<br \/>Sch\u00e4den, die durch \u00dcberlastung der Presse entstehen, werden nicht von der Garantie abgedeckt.<\/p>\n","protected":false},"excerpt":{"rendered":"<p>Endlich ein kompaktes, langlebiges und preiswertes Produkt, mit dem Sie Ihren Pollen und Ihr Haschisch in praktische Formen mit der<\/p>\n","protected":false},"featured_media":134275,"comment_status":"open","ping_status":"closed","template":"","meta":[],"product_brand":[],"product_cat":[7947],"product_tag":[],"class_list":{"0":"post-134296","1":"product","2":"type-product","3":"status-publish","4":"has-post-thumbnail","6":"product_cat-headshop-de","8":"first","9":"instock","10":"taxable","11":"shipping-taxable","12":"purchasable","13":"product-type-simple"},"aioseo_notices":[],"_links":{"self":[{"href":"https:\/\/www.budream.com\/de\/wp-json\/wp\/v2\/product\/134296","targetHints":{"allow":["GET"]}}],"collection":[{"href":"https:\/\/www.budream.com\/de\/wp-json\/wp\/v2\/product"}],"about":[{"href":"https:\/\/www.budream.com\/de\/wp-json\/wp\/v2\/types\/product"}],"replies":[{"embeddable":true,"href":"https:\/\/www.budream.com\/de\/wp-json\/wp\/v2\/comments?post=134296"}],"version-history":[{"count":1,"href":"https:\/\/www.budream.com\/de\/wp-json\/wp\/v2\/product\/134296\/revisions"}],"predecessor-version":[{"id":262172,"href":"https:\/\/www.budream.com\/de\/wp-json\/wp\/v2\/product\/134296\/revisions\/262172"}],"wp:featuredmedia":[{"embeddable":true,"href":"https:\/\/www.budream.com\/de\/wp-json\/wp\/v2\/media\/134275"}],"wp:attachment":[{"href":"https:\/\/www.budream.com\/de\/wp-json\/wp\/v2\/media?parent=134296"}],"wp:term":[{"taxonomy":"product_brand","embeddable":true,"href":"https:\/\/www.budream.com\/de\/wp-json\/wp\/v2\/product_brand?post=134296"},{"taxonomy":"product_cat","embeddable":true,"href":"https:\/\/www.budream.com\/de\/wp-json\/wp\/v2\/product_cat?post=134296"},{"taxonomy":"product_tag","embeddable":true,"href":"https:\/\/www.budream.com\/de\/wp-json\/wp\/v2\/product_tag?post=134296"}],"curies":[{"name":"wp","href":"https:\/\/api.w.org\/{rel}","templated":true}]}}