{"id":134336,"date":"2025-07-31T01:50:52","date_gmt":"2025-07-30T23:50:52","guid":{"rendered":"https:\/\/www.budream.com\/shop\/suesse-samen-fruchtig-und-lecker-mix-4-samen\/"},"modified":"2026-03-26T15:20:36","modified_gmt":"2026-03-26T13:20:36","slug":"suesse-samen-fruchtig-und-lecker-mix-4-samen","status":"publish","type":"product","link":"https:\/\/www.budream.com\/de\/shop\/suesse-samen-fruchtig-und-lecker-mix-4-samen\/","title":{"rendered":"S\u00dcSSE SAMEN &#8211; FRUCHTIG UND LECKER MIX | 4 SAMEN"},"content":{"rendered":"<h2><strong>Eigenschaften Fruity &amp; Delicious Mix:<\/strong><\/h2>\n<ul style=\"list-style-type: disc\">\n<li>2 Samen von Diablo&#8217;s Delight XL Auto<\/li>\n<li>2 Samen von Studio 54 Stardust Auto<\/li>\n<\/ul>\n<p><\/p>\n<div style=\"text-align: justify\"><span style=\"font-size: 11pt\"><em><strong>ACHTUNG:<\/strong> Hanfsamen sind vom gesetzlichen Begriff Cannabis ausgenommen, was bedeutet, dass sie nicht als Bet\u00e4ubungsmittel gelten (Gesetz 412 von 1974, Art. 1, Absatz 1, Buchstabe B; Einheits\u00fcbereinkommen \u00fcber Bet\u00e4ubungsmittel von New York von 1961 und Tabelle II des Ministerialerlasses 27\/7\/1992). In Italien ist der Anbau von Hanf verboten (Artikel 28 und 73 des Pr\u00e4sidialdekrets 309\/90), es sei denn, es liegt eine Sondergenehmigung vor (Artikel 17 des Pr\u00e4sidialdekrets 309\/90). In Ermangelung einer solchen Genehmigung darf das Saatgut nur f\u00fcr andere Zwecke verwendet werden (zootechnische Zwecke, Sammeln usw.). Das Saatgut wird unter dem Vorbehalt verkauft, dass es nicht von Dritten im Widerspruch zu den gesetzlichen Bestimmungen verwendet wird.<\/em><\/span><\/div>\n","protected":false},"excerpt":{"rendered":"<p>\ud83c\udf3f FRUCHTIG UND LECKER MIX von SWEET SEEDS \u00b7 \ud83d\udd25 THC sehr hoch (Sehr hoch (20\u202f%+)) \u00b7 \ud83d\udce6 Ertrag XL.<\/p>\n","protected":false},"featured_media":134325,"comment_status":"open","ping_status":"closed","template":"","meta":[],"product_brand":[],"product_cat":[7952],"product_tag":[8543,10124,10126,10128,10191],"class_list":{"0":"post-134336","1":"product","2":"type-product","3":"status-publish","4":"has-post-thumbnail","6":"product_cat-seedshop-de","7":"product_tag-sweet-seeds","8":"product_tag-thc-sehr-hoch","9":"product_tag-cannabis-samen","10":"product_tag-feminisierte-samen","11":"product_tag-fruchtig-und-lecker-mix-4-samen","13":"first","14":"instock","15":"taxable","16":"shipping-taxable","17":"purchasable","18":"product-type-simple"},"_links":{"self":[{"href":"https:\/\/www.budream.com\/de\/wp-json\/wp\/v2\/product\/134336","targetHints":{"allow":["GET"]}}],"collection":[{"href":"https:\/\/www.budream.com\/de\/wp-json\/wp\/v2\/product"}],"about":[{"href":"https:\/\/www.budream.com\/de\/wp-json\/wp\/v2\/types\/product"}],"replies":[{"embeddable":true,"href":"https:\/\/www.budream.com\/de\/wp-json\/wp\/v2\/comments?post=134336"}],"version-history":[{"count":2,"href":"https:\/\/www.budream.com\/de\/wp-json\/wp\/v2\/product\/134336\/revisions"}],"predecessor-version":[{"id":259984,"href":"https:\/\/www.budream.com\/de\/wp-json\/wp\/v2\/product\/134336\/revisions\/259984"}],"wp:featuredmedia":[{"embeddable":true,"href":"https:\/\/www.budream.com\/de\/wp-json\/wp\/v2\/media\/134325"}],"wp:attachment":[{"href":"https:\/\/www.budream.com\/de\/wp-json\/wp\/v2\/media?parent=134336"}],"wp:term":[{"taxonomy":"product_brand","embeddable":true,"href":"https:\/\/www.budream.com\/de\/wp-json\/wp\/v2\/product_brand?post=134336"},{"taxonomy":"product_cat","embeddable":true,"href":"https:\/\/www.budream.com\/de\/wp-json\/wp\/v2\/product_cat?post=134336"},{"taxonomy":"product_tag","embeddable":true,"href":"https:\/\/www.budream.com\/de\/wp-json\/wp\/v2\/product_tag?post=134336"}],"curies":[{"name":"wp","href":"https:\/\/api.w.org\/{rel}","templated":true}]}}