{"id":134481,"date":"2025-07-31T01:58:07","date_gmt":"2025-07-30T23:58:07","guid":{"rendered":"https:\/\/www.budream.com\/shop\/ortoled-s-line-foldable-hl-dual-27-%c2%b5mol-j-780w-full-cycle-uv-fr-driver-integrated\/"},"modified":"2026-03-23T12:29:23","modified_gmt":"2026-03-23T10:29:23","slug":"ortoled-s-line-foldable-hl-dual-27-%c2%b5mol-j-780w-full-cycle-uv-fr-driver-integrated","status":"publish","type":"product","link":"https:\/\/www.budream.com\/de\/shop\/ortoled-s-line-foldable-hl-dual-27-%c2%b5mol-j-780w-full-cycle-uv-fr-driver-integrated\/","title":{"rendered":"ORTOLED &#8211; S LINE FOLDABLE HL DUAL (2,7 \u00b5mol\/J) | 780W FULL CYCLE + UV\/FR DRIVER INTEGRATED"},"content":{"rendered":"<p class=\"p1\">Die neue HL DUAL-Linie wurde entwickelt, um nicht-professionelle Z\u00fcchter zufriedenzustellen, die hohe Qualit\u00e4tsstandards w\u00fcnschen. Hervorragende Lichtverteilung, <strong>volles Zyklus+UV&amp;FR<\/strong> Lichtspektrum, dimmbare Leistung sind die Hauptmerkmale dieser Serie, die erstaunliche Ertr\u00e4ge bei niedrigem Stromverbrauch garantiert. Die Energieeffizienz betr\u00e4gt <strong>2,7 umol\/J und 2106 umol\/s<\/strong>, eine unglaubliche Leistung f\u00fcr Lampen sowohl f\u00fcr den Hobby- als auch f\u00fcr den professionellen Gebrauch.<\/p>\n<p class=\"p1\">Die Ortoled HL ist der richtige Kompromiss zwischen Effizienz, Haltbarkeit und Preis.<\/p>\n<p class=\"p1\">Ein interner Treiber, ein manueller Dimmer und ein Anschluss f\u00fcr eine externe 0-10-V-Steuerung sowie ein schnelles und intuitives Montagesystem sind die Merkmale, die diese Serie zu einem sehr beliebten Produkt machen, auch f\u00fcr diejenigen, die ohne besondere Kenntnisse in dieses Hobby einsteigen.<\/p>\n<p><span style=\"font-size: 14pt\"><strong>Voller Zyklus + UV+FR-Spektrum<\/strong><\/span><br \/>Die Kombination und F\u00e4rbung der installierten LEDs nimmt alle von der Pflanze ben\u00f6tigten B\u00e4nder auf und garantiert so einen optimalen Ablauf vom Wachstum bis zur Bl\u00fcte mit dem Zusatz von UV+FR-Licht<br \/>Es ist m\u00f6glich, die Kan\u00e4le separat mit dem <strong>ORTOLED-95-CONTROLLER0-10 EC4334<\/strong> zu steuern.<\/p>\n<h2><span style=\"text-decoration: underline\"><span class=\"insidetitle\"><strong>Hauptmerkmale Ortoled S Line HL780w mit <span class=\"il\">Doppelspektrum<\/span> (Wei\u00df + Tiefrot 720W) + UV\/FR 60W 2,7 &micro;mol\/J:<\/strong><\/span><\/span><\/h2>\n<ul style=\"list-style-type: disc\">\n<li><b>Leistungsaufnahme: <\/b>780W&plusmn;5%<\/li>\n<li>PPF: 2106 &micro;mol\/j<\/li>\n<li>LED-Typ<span class=\"gmail_default\"> Hohe <\/span> Effizienz <span class=\"gmail_default\">2.7&micro;mol\/j<\/span><\/li>\n<li><span class=\"gmail_default\">UV\/FR extra 60W 2.7&micro;mol\/j LED-Leisten<\/span><\/li>\n<li>Interner dimmbarer Treiber mit 0-10V Anschluss enthalten<\/li>\n<li>Schutzart IP65<\/li>\n<li>Betriebstemperatur -25&deg;C~40&deg;C<\/li>\n<li>Lebensdauer 50.000 Stunden<\/li>\n<li><span class=\"gmail_default\">AC-Eingang AC110-277V 50\/60 Hz <\/span><\/li>\n<li>Abmessungen: 110x106x7cm<\/li>\n<li><span class=\"gmail_default\">Empfohlener Abstand<\/span> <span class=\"gmail_default\">zu Pflanzen <\/span> 30cm bis<span class=\"gmail_default\"> 60cm <\/span><\/li>\n<li>Garantie 2 Jahre<\/li>\n<\/ul>\n<p><strong><br \/><\/strong><\/p>\n","protected":false},"excerpt":{"rendered":"<p>Die neue HL DUAL-Linie wurde entwickelt, um nicht-professionelle Z\u00fcchter zufriedenzustellen, die hohe Qualit\u00e4tsstandards w\u00fcnschen. Hervorragende Lichtverteilung, volles Zyklus+UV&amp;FR Lichtspektrum, dimmbare<\/p>\n","protected":false},"featured_media":134455,"comment_status":"open","ping_status":"closed","template":"","meta":[],"product_brand":[],"product_cat":[7938],"product_tag":[],"class_list":{"0":"post-134481","1":"product","2":"type-product","3":"status-publish","4":"has-post-thumbnail","6":"product_cat-led-lampe","8":"first","9":"instock","10":"sale","11":"taxable","12":"shipping-taxable","13":"purchasable","14":"product-type-simple"},"aioseo_notices":[],"_links":{"self":[{"href":"https:\/\/www.budream.com\/de\/wp-json\/wp\/v2\/product\/134481","targetHints":{"allow":["GET"]}}],"collection":[{"href":"https:\/\/www.budream.com\/de\/wp-json\/wp\/v2\/product"}],"about":[{"href":"https:\/\/www.budream.com\/de\/wp-json\/wp\/v2\/types\/product"}],"replies":[{"embeddable":true,"href":"https:\/\/www.budream.com\/de\/wp-json\/wp\/v2\/comments?post=134481"}],"version-history":[{"count":0,"href":"https:\/\/www.budream.com\/de\/wp-json\/wp\/v2\/product\/134481\/revisions"}],"wp:featuredmedia":[{"embeddable":true,"href":"https:\/\/www.budream.com\/de\/wp-json\/wp\/v2\/media\/134455"}],"wp:attachment":[{"href":"https:\/\/www.budream.com\/de\/wp-json\/wp\/v2\/media?parent=134481"}],"wp:term":[{"taxonomy":"product_brand","embeddable":true,"href":"https:\/\/www.budream.com\/de\/wp-json\/wp\/v2\/product_brand?post=134481"},{"taxonomy":"product_cat","embeddable":true,"href":"https:\/\/www.budream.com\/de\/wp-json\/wp\/v2\/product_cat?post=134481"},{"taxonomy":"product_tag","embeddable":true,"href":"https:\/\/www.budream.com\/de\/wp-json\/wp\/v2\/product_tag?post=134481"}],"curies":[{"name":"wp","href":"https:\/\/api.w.org\/{rel}","templated":true}]}}