{"id":134506,"date":"2025-07-31T01:59:08","date_gmt":"2025-07-30T23:59:08","guid":{"rendered":"https:\/\/www.budream.com\/shop\/enecta-after-sport-creme-mit-arnica-und-cannabidiol-700mg-cbd-100ml\/"},"modified":"2026-03-23T16:25:42","modified_gmt":"2026-03-23T14:25:42","slug":"enecta-after-sport-creme-mit-arnica-und-cannabidiol-700mg-cbd-100ml","status":"publish","type":"product","link":"https:\/\/www.budream.com\/de\/shop\/enecta-after-sport-creme-mit-arnica-und-cannabidiol-700mg-cbd-100ml\/","title":{"rendered":"ENECTA &#8211; AFTER SPORT CR\u00c8ME MIT ARNICA UND CANNABIDIOL | 700mg CBD | 100ml"},"content":{"rendered":"<p>CBD After Sport ist eine innovative und umfassende Creme zur F\u00f6rderung der Muskelerholung <strong>nach k\u00f6rperlicher Bet\u00e4tigung<\/strong>.<\/p>\n<p>Unsere Post-Workout-Creme enth\u00e4lt nat\u00fcrliche Pflanzenextrakte, die schon immer zur Unterst\u00fctzung des K\u00f6rpers bei <strong>Schmerzen und Entz\u00fcndungen<\/strong> verwendet wurden. Extrakte aus CBD, Arnika, Teufelskralle und Menthol werden in einer synergetischen Formel verwendet, die eine maximale Wirkung garantiert.<br \/>Man k\u00f6nnte sagen, dass CBD After Sport eine Arnika-Salbe mit Superkr\u00e4ften ist.<\/p>\n<p>Die Creme kombiniert die Eigenschaften der besten Wirkstoffe, die bei Muskelschmerzen und -beschwerden eingesetzt werden.<br \/>Das erste Gef\u00fchl nach dem Einmassieren von CBD After Sport ist ein Gef\u00fchl der Erleichterung. Das Menthol k\u00fchlt die schmerzende Stelle sofort und w\u00e4rmt sie anschlie\u00dfend wieder auf. Zugleich entspannt CBD die Muskeln und unterst\u00fctzt den K\u00f6rper bei Schmerzen.<\/p>\n<p>Arnica montana und Teufelskralle haben eine starke entz\u00fcndungshemmende Wirkung, die auch langfristig dazu beitr\u00e4gt, Muskel- und Gelenkschmerzen tiefer zu reduzieren. Bei Bluterg\u00fcssen hilft Arnika, den Bluterguss schneller abzubauen.<\/p>\n<p>CBD After Sport f\u00f6rdert die Regeneration der Muskeln nach k\u00f6rperlicher Aktivit\u00e4t und lindert alle Schmerzen, die nach dem Sport unangenehm sind.<\/p>\n<h2><span style=\"text-decoration: underline\">Wozu sind CBD-Creme, Arnika, Teufelskralle und Menthol gut?<\/span><\/h2>\n<ul style=\"list-style-type: disc\">\n<li>F\u00f6rdert die Erholung der Muskeln nach k\u00f6rperlicher Anstrengung<\/li>\n<li>Hilft bei Gelenk- und Muskelschmerzen nach k\u00f6rperlicher Bet\u00e4tigung<\/li>\n<li>Hilft bei der Reduzierung von Ekchymosen (Bluterg\u00fcssen, \u00d6demen)<\/li>\n<li>Bietet sofortige Linderung dank der k\u00fchlenden Wirkung von Menthol<\/li>\n<\/ul>\n","protected":false},"excerpt":{"rendered":"<p>CBD After Sport ist eine innovative und umfassende Creme zur F\u00f6rderung der Muskelerholung nach k\u00f6rperlicher Bet\u00e4tigung. Unsere Post-Workout-Creme enth\u00e4lt nat\u00fcrliche<\/p>\n","protected":false},"featured_media":134495,"comment_status":"open","ping_status":"closed","template":"","meta":[],"product_brand":[],"product_cat":[7912],"product_tag":[],"class_list":{"0":"post-134506","1":"product","2":"type-product","3":"status-publish","4":"has-post-thumbnail","6":"product_cat-kosmetik","8":"first","9":"instock","10":"taxable","11":"shipping-taxable","12":"purchasable","13":"product-type-simple"},"aioseo_notices":[],"_links":{"self":[{"href":"https:\/\/www.budream.com\/de\/wp-json\/wp\/v2\/product\/134506","targetHints":{"allow":["GET"]}}],"collection":[{"href":"https:\/\/www.budream.com\/de\/wp-json\/wp\/v2\/product"}],"about":[{"href":"https:\/\/www.budream.com\/de\/wp-json\/wp\/v2\/types\/product"}],"replies":[{"embeddable":true,"href":"https:\/\/www.budream.com\/de\/wp-json\/wp\/v2\/comments?post=134506"}],"version-history":[{"count":0,"href":"https:\/\/www.budream.com\/de\/wp-json\/wp\/v2\/product\/134506\/revisions"}],"wp:featuredmedia":[{"embeddable":true,"href":"https:\/\/www.budream.com\/de\/wp-json\/wp\/v2\/media\/134495"}],"wp:attachment":[{"href":"https:\/\/www.budream.com\/de\/wp-json\/wp\/v2\/media?parent=134506"}],"wp:term":[{"taxonomy":"product_brand","embeddable":true,"href":"https:\/\/www.budream.com\/de\/wp-json\/wp\/v2\/product_brand?post=134506"},{"taxonomy":"product_cat","embeddable":true,"href":"https:\/\/www.budream.com\/de\/wp-json\/wp\/v2\/product_cat?post=134506"},{"taxonomy":"product_tag","embeddable":true,"href":"https:\/\/www.budream.com\/de\/wp-json\/wp\/v2\/product_tag?post=134506"}],"curies":[{"name":"wp","href":"https:\/\/api.w.org\/{rel}","templated":true}]}}