{"id":134561,"date":"2025-07-31T02:02:47","date_gmt":"2025-07-31T00:02:47","guid":{"rendered":"https:\/\/www.budream.com\/shop\/hanfsamen-sorte-loja-ce-0-250-kg\/"},"modified":"2026-03-23T16:05:23","modified_gmt":"2026-03-23T14:05:23","slug":"hanfsamen-sorte-loja-ce-0-250-kg","status":"publish","type":"product","link":"https:\/\/www.budream.com\/de\/shop\/hanfsamen-sorte-loja-ce-0-250-kg\/","title":{"rendered":"Hanfsamen Sorte LOJA CE | 0.250 Kg"},"content":{"rendered":"<p>Loja&#8220; ist eine autoflowering, kurz und fr\u00fch reifende zweih\u00e4usige Hanfsorte, die in Lettland f\u00fcr die Hanfsamenproduktion entwickelt wurde. Die Sorte ist seit 2021 im Europ\u00e4ischen Katalog der Pflanzensorten enthalten.<\/p>\n<p>Nachstehend eine Liste der wichtigsten Merkmale:<\/p>\n<p>Die Sorte ist fr\u00fch reifend. Reifezeit 110-115 Tage nach der Aussaat. Die Daten basieren auf Lettland 57&deg; N.<br \/>\u25cf Die Hanfpflanzen sind kurz, je nach Jahr und Bodenverh\u00e4ltnissen variiert ihre L\u00e4nge zwischen 140 und 200 cm.<br \/>\u25cf Der THC-Gehalt der Pflanzen ist nicht vorhanden oder sehr gering (in Feldversuchen schwankte er zwischen 0,011 und 0,017 %).<br \/>\u25cf Samenertrag 1,0-2,0 t\/ha (je nach Anbaubedingungen).<br \/>Die Daten f\u00fcr die Beschreibung basieren auf VCU (LV) Versuchsergebnissen und wissenschaftlichen Forschungsdaten des INSTITUTE OF AGRICULTURAL RESOURCES AND ECONOMICS.<br \/>Die Daten wurden f\u00fcr die Beschreibung der Sorte verwendet.<\/p>\n<p>Qualit\u00e4t des Saatguts<br \/>\u25cf Farbe der K\u00f6rner: braun, schwach marmoriert.<br \/>\u25cf Gewicht von 1000 Samen: mittel: schwankt zwischen 13 und 15 g.<br \/>\u25cf Gr\u00f6\u00dfe der Samen: zum Sch\u00e4len geeignet.<br \/>\u25cf \u00d6lgehalt der Samen: 33-36 %.<br \/>\u25cf Proteingehalt der Samen: 24-25%.<\/p>\n<h2><\/h2>\n<p><strong><br \/><\/strong><\/p>\n","protected":false},"excerpt":{"rendered":"<p>\ud83c\udf3f Hanfsamen Sorte LOJA CE | 0.250 Kg von CREA.<\/p>\n","protected":false},"featured_media":134550,"comment_status":"open","ping_status":"closed","template":"","meta":[],"product_brand":[],"product_cat":[7952],"product_tag":[8568,10126,10193],"class_list":{"0":"post-134561","1":"product","2":"type-product","3":"status-publish","4":"has-post-thumbnail","6":"product_cat-seedshop-de","7":"product_tag-crea","8":"product_tag-cannabis-samen","9":"product_tag-hanfsamen-sorte-loja-ce-0-250-kg","11":"first","12":"instock","13":"taxable","14":"shipping-taxable","15":"purchasable","16":"product-type-simple"},"aioseo_notices":[],"_links":{"self":[{"href":"https:\/\/www.budream.com\/de\/wp-json\/wp\/v2\/product\/134561","targetHints":{"allow":["GET"]}}],"collection":[{"href":"https:\/\/www.budream.com\/de\/wp-json\/wp\/v2\/product"}],"about":[{"href":"https:\/\/www.budream.com\/de\/wp-json\/wp\/v2\/types\/product"}],"replies":[{"embeddable":true,"href":"https:\/\/www.budream.com\/de\/wp-json\/wp\/v2\/comments?post=134561"}],"version-history":[{"count":2,"href":"https:\/\/www.budream.com\/de\/wp-json\/wp\/v2\/product\/134561\/revisions"}],"predecessor-version":[{"id":259972,"href":"https:\/\/www.budream.com\/de\/wp-json\/wp\/v2\/product\/134561\/revisions\/259972"}],"wp:featuredmedia":[{"embeddable":true,"href":"https:\/\/www.budream.com\/de\/wp-json\/wp\/v2\/media\/134550"}],"wp:attachment":[{"href":"https:\/\/www.budream.com\/de\/wp-json\/wp\/v2\/media?parent=134561"}],"wp:term":[{"taxonomy":"product_brand","embeddable":true,"href":"https:\/\/www.budream.com\/de\/wp-json\/wp\/v2\/product_brand?post=134561"},{"taxonomy":"product_cat","embeddable":true,"href":"https:\/\/www.budream.com\/de\/wp-json\/wp\/v2\/product_cat?post=134561"},{"taxonomy":"product_tag","embeddable":true,"href":"https:\/\/www.budream.com\/de\/wp-json\/wp\/v2\/product_tag?post=134561"}],"curies":[{"name":"wp","href":"https:\/\/api.w.org\/{rel}","templated":true}]}}